{"id":883,"date":"2017-01-28T09:13:29","date_gmt":"2017-01-28T09:13:29","guid":{"rendered":"http:\/\/gieco-holz.de\/cms\/produkt\/schluesselschrauben-din-571\/"},"modified":"2022-01-16T19:12:00","modified_gmt":"2022-01-16T18:12:00","slug":"schluesselschrauben-din-571","status":"publish","type":"product","link":"https:\/\/www.gieco-holz.de\/cms\/produkt\/schluesselschrauben-din-571\/","title":{"rendered":"Schl\u00fcsselschrauben Din 571"},"content":{"rendered":"<p><strong>Schl\u00fcsselschrauben verzinkt<br \/>\n<\/strong><\/p>\n<p><strong>Ma\u00dfe u. Materialbeschaffenheit<\/strong><\/p>\n<ul>\n<li>Teilgewinde und Vollgewinde<\/li>\n<li>galvanisch verzinkt<\/li>\n<li>Universalschraube<\/li>\n<li>Schl\u00fcsselkopf<\/li>\n<li>auch St\u00fcckverkauf<strong><br \/>\n<\/strong><\/li>\n<li>Abmessungen 6\/30 bis 6\/120, 8\/30 bis 8\/200<\/li>\n<li>10\/40 bis 10\/260, 12\/60 bis 12\/320<\/li>\n<\/ul>\n","protected":false},"excerpt":{"rendered":"<p>Alle g\u00e4ngigen Schl\u00fcsselschrauben (galvanisch verzinkt) haben wir in den Abmessungen von 6 x 30 mm bis 12 x 320 mm auf Lager.<\/p>\n","protected":false},"featured_media":884,"template":"","meta":[],"yoast_head":"<!-- This site is optimized with the Yoast SEO plugin v19.8 - https:\/\/yoast.com\/wordpress\/plugins\/seo\/ -->\n<title>Schl\u00fcsselschrauben Din 571 - GIECO Holz und Verbindungstechnik<\/title>\n<meta name=\"robots\" content=\"index, follow, max-snippet:-1, max-image-preview:large, max-video-preview:-1\" \/>\n<link rel=\"canonical\" href=\"https:\/\/www.gieco-holz.de\/cms\/produkt\/schluesselschrauben-din-571\/\" \/>\n<meta property=\"og:locale\" content=\"de_DE\" \/>\n<meta property=\"og:type\" content=\"article\" \/>\n<meta property=\"og:title\" content=\"Schl\u00fcsselschrauben Din 571 - GIECO Holz und Verbindungstechnik\" \/>\n<meta property=\"og:description\" content=\"Alle g\u00e4ngigen Schl\u00fcsselschrauben (galvanisch verzinkt) haben wir in den Abmessungen von 6 x 30 mm bis 12 x 320 mm auf Lager.\" \/>\n<meta property=\"og:url\" content=\"https:\/\/www.gieco-holz.de\/cms\/produkt\/schluesselschrauben-din-571\/\" \/>\n<meta property=\"og:site_name\" content=\"GIECO Holz und Verbindungstechnik\" \/>\n<meta property=\"article:publisher\" content=\"https:\/\/www.facebook.com\/GIECO.Holz\/\" \/>\n<meta property=\"article:modified_time\" content=\"2022-01-16T18:12:00+00:00\" \/>\n<meta property=\"og:image\" content=\"https:\/\/www.gieco-holz.de\/cms\/wp-content\/uploads\/2017\/01\/Din-571-verzinkt.jpg\" \/>\n\t<meta property=\"og:image:width\" content=\"877\" \/>\n\t<meta property=\"og:image:height\" content=\"550\" \/>\n\t<meta property=\"og:image:type\" content=\"image\/jpeg\" \/>\n<meta name=\"twitter:card\" content=\"summary_large_image\" \/>\n<script type=\"application\/ld+json\" class=\"yoast-schema-graph\">{\"@context\":\"https:\/\/schema.org\",\"@graph\":[{\"@type\":\"WebPage\",\"@id\":\"https:\/\/www.gieco-holz.de\/cms\/produkt\/schluesselschrauben-din-571\/\",\"url\":\"https:\/\/www.gieco-holz.de\/cms\/produkt\/schluesselschrauben-din-571\/\",\"name\":\"Schl\u00fcsselschrauben Din 571 - GIECO Holz und Verbindungstechnik\",\"isPartOf\":{\"@id\":\"https:\/\/www.gieco-holz.de\/cms\/#website\"},\"datePublished\":\"2017-01-28T09:13:29+00:00\",\"dateModified\":\"2022-01-16T18:12:00+00:00\",\"breadcrumb\":{\"@id\":\"https:\/\/www.gieco-holz.de\/cms\/produkt\/schluesselschrauben-din-571\/#breadcrumb\"},\"inLanguage\":\"de-DE\",\"potentialAction\":[{\"@type\":\"ReadAction\",\"target\":[\"https:\/\/www.gieco-holz.de\/cms\/produkt\/schluesselschrauben-din-571\/\"]}]},{\"@type\":\"BreadcrumbList\",\"@id\":\"https:\/\/www.gieco-holz.de\/cms\/produkt\/schluesselschrauben-din-571\/#breadcrumb\",\"itemListElement\":[{\"@type\":\"ListItem\",\"position\":1,\"name\":\"Startseite\",\"item\":\"https:\/\/www.gieco-holz.de\/cms\/\"},{\"@type\":\"ListItem\",\"position\":2,\"name\":\"Katalog\",\"item\":\"https:\/\/www.gieco-holz.de\/cms\/shop\/\"},{\"@type\":\"ListItem\",\"position\":3,\"name\":\"Schl\u00fcsselschrauben Din 571\"}]},{\"@type\":\"WebSite\",\"@id\":\"https:\/\/www.gieco-holz.de\/cms\/#website\",\"url\":\"https:\/\/www.gieco-holz.de\/cms\/\",\"name\":\"GIECO Holz und Verbindungstechnik\",\"description\":\"Blockh\u00e4user, Carports, Terrassen, Z\u00e4une, Sichtschutz, Gartenholz, Verkaufsh\u00e4user, Schrauben und Spielger\u00e4te\",\"potentialAction\":[{\"@type\":\"SearchAction\",\"target\":{\"@type\":\"EntryPoint\",\"urlTemplate\":\"https:\/\/www.gieco-holz.de\/cms\/?s={search_term_string}\"},\"query-input\":\"required name=search_term_string\"}],\"inLanguage\":\"de-DE\"}]}<\/script>\n<!-- \/ Yoast SEO plugin. -->","yoast_head_json":{"title":"Schl\u00fcsselschrauben Din 571 - GIECO Holz und Verbindungstechnik","robots":{"index":"index","follow":"follow","max-snippet":"max-snippet:-1","max-image-preview":"max-image-preview:large","max-video-preview":"max-video-preview:-1"},"canonical":"https:\/\/www.gieco-holz.de\/cms\/produkt\/schluesselschrauben-din-571\/","og_locale":"de_DE","og_type":"article","og_title":"Schl\u00fcsselschrauben Din 571 - GIECO Holz und Verbindungstechnik","og_description":"Alle g\u00e4ngigen Schl\u00fcsselschrauben (galvanisch verzinkt) haben wir in den Abmessungen von 6 x 30 mm bis 12 x 320 mm auf Lager.","og_url":"https:\/\/www.gieco-holz.de\/cms\/produkt\/schluesselschrauben-din-571\/","og_site_name":"GIECO Holz und Verbindungstechnik","article_publisher":"https:\/\/www.facebook.com\/GIECO.Holz\/","article_modified_time":"2022-01-16T18:12:00+00:00","og_image":[{"width":877,"height":550,"url":"https:\/\/www.gieco-holz.de\/cms\/wp-content\/uploads\/2017\/01\/Din-571-verzinkt.jpg","type":"image\/jpeg"}],"twitter_card":"summary_large_image","schema":{"@context":"https:\/\/schema.org","@graph":[{"@type":"WebPage","@id":"https:\/\/www.gieco-holz.de\/cms\/produkt\/schluesselschrauben-din-571\/","url":"https:\/\/www.gieco-holz.de\/cms\/produkt\/schluesselschrauben-din-571\/","name":"Schl\u00fcsselschrauben Din 571 - GIECO Holz und Verbindungstechnik","isPartOf":{"@id":"https:\/\/www.gieco-holz.de\/cms\/#website"},"datePublished":"2017-01-28T09:13:29+00:00","dateModified":"2022-01-16T18:12:00+00:00","breadcrumb":{"@id":"https:\/\/www.gieco-holz.de\/cms\/produkt\/schluesselschrauben-din-571\/#breadcrumb"},"inLanguage":"de-DE","potentialAction":[{"@type":"ReadAction","target":["https:\/\/www.gieco-holz.de\/cms\/produkt\/schluesselschrauben-din-571\/"]}]},{"@type":"BreadcrumbList","@id":"https:\/\/www.gieco-holz.de\/cms\/produkt\/schluesselschrauben-din-571\/#breadcrumb","itemListElement":[{"@type":"ListItem","position":1,"name":"Startseite","item":"https:\/\/www.gieco-holz.de\/cms\/"},{"@type":"ListItem","position":2,"name":"Katalog","item":"https:\/\/www.gieco-holz.de\/cms\/shop\/"},{"@type":"ListItem","position":3,"name":"Schl\u00fcsselschrauben Din 571"}]},{"@type":"WebSite","@id":"https:\/\/www.gieco-holz.de\/cms\/#website","url":"https:\/\/www.gieco-holz.de\/cms\/","name":"GIECO Holz und Verbindungstechnik","description":"Blockh\u00e4user, Carports, Terrassen, Z\u00e4une, Sichtschutz, Gartenholz, Verkaufsh\u00e4user, Schrauben und Spielger\u00e4te","potentialAction":[{"@type":"SearchAction","target":{"@type":"EntryPoint","urlTemplate":"https:\/\/www.gieco-holz.de\/cms\/?s={search_term_string}"},"query-input":"required name=search_term_string"}],"inLanguage":"de-DE"}]}},"_links":{"self":[{"href":"https:\/\/www.gieco-holz.de\/cms\/wp-json\/wp\/v2\/product\/883"}],"collection":[{"href":"https:\/\/www.gieco-holz.de\/cms\/wp-json\/wp\/v2\/product"}],"about":[{"href":"https:\/\/www.gieco-holz.de\/cms\/wp-json\/wp\/v2\/types\/product"}],"wp:featuredmedia":[{"embeddable":true,"href":"https:\/\/www.gieco-holz.de\/cms\/wp-json\/wp\/v2\/media\/884"}],"wp:attachment":[{"href":"https:\/\/www.gieco-holz.de\/cms\/wp-json\/wp\/v2\/media?parent=883"}],"curies":[{"name":"wp","href":"https:\/\/api.w.org\/{rel}","templated":true}]}}