{"id":881,"date":"2017-01-28T08:49:50","date_gmt":"2017-01-28T08:49:50","guid":{"rendered":"http:\/\/gieco-holz.de\/cms\/produkt\/spanplattenschrauben-a-2-edelstahl-pan-head\/"},"modified":"2022-01-16T19:12:00","modified_gmt":"2022-01-16T18:12:00","slug":"spanplattenschrauben-a-2-edelstahl-pan-head","status":"publish","type":"product","link":"https:\/\/www.gieco-holz.de\/cms\/produkt\/spanplattenschrauben-a-2-edelstahl-pan-head\/","title":{"rendered":"Spanplattenschrauben A2 Edelstahl Pan Head"},"content":{"rendered":"<p><strong>Spanplattenschrauben A2 Pan Head<br \/>\n<\/strong><\/p>\n<p><strong>Ma\u00dfe u. Materialbeschaffenheit<\/strong><\/p>\n<ul>\n<li>Teilgewinde und Vollgewinde<\/li>\n<li>Edelstahl A 2<\/li>\n<li>Universalschraube<\/li>\n<li>auch St\u00fcckverkauf<\/li>\n<li><strong>Torxantrieb von T10 bis T 30<br \/>\n<\/strong><\/li>\n<\/ul>\n","protected":false},"excerpt":{"rendered":"<p>Universal &#8211; Spanplattenschrauben aus Edelstahl A 2 mit Rundkopf (Pan Head) haben wir in den Abmessungen von 3 x 16 mm bis 6 x 60 mm auf Lager.<\/p>\n","protected":false},"featured_media":882,"template":"","meta":[],"yoast_head":"<!-- This site is optimized with the Yoast SEO plugin v19.8 - https:\/\/yoast.com\/wordpress\/plugins\/seo\/ -->\n<title>Spanplattenschrauben A2 Edelstahl Pan Head - GIECO Holz und Verbindungstechnik<\/title>\n<meta name=\"robots\" content=\"index, follow, max-snippet:-1, max-image-preview:large, max-video-preview:-1\" \/>\n<link rel=\"canonical\" href=\"https:\/\/www.gieco-holz.de\/cms\/produkt\/spanplattenschrauben-a-2-edelstahl-pan-head\/\" \/>\n<meta property=\"og:locale\" content=\"de_DE\" \/>\n<meta property=\"og:type\" content=\"article\" \/>\n<meta property=\"og:title\" content=\"Spanplattenschrauben A2 Edelstahl Pan Head - GIECO Holz und Verbindungstechnik\" \/>\n<meta property=\"og:description\" content=\"Universal - Spanplattenschrauben aus Edelstahl A 2 mit Rundkopf (Pan Head) haben wir in den Abmessungen von 3 x 16 mm bis 6 x 60 mm auf Lager.\" \/>\n<meta property=\"og:url\" content=\"https:\/\/www.gieco-holz.de\/cms\/produkt\/spanplattenschrauben-a-2-edelstahl-pan-head\/\" \/>\n<meta property=\"og:site_name\" content=\"GIECO Holz und Verbindungstechnik\" \/>\n<meta property=\"article:publisher\" content=\"https:\/\/www.facebook.com\/GIECO.Holz\/\" \/>\n<meta property=\"article:modified_time\" content=\"2022-01-16T18:12:00+00:00\" \/>\n<meta property=\"og:image\" content=\"https:\/\/www.gieco-holz.de\/cms\/wp-content\/uploads\/2017\/01\/Spax-A2-Pan-Head.jpg\" \/>\n\t<meta property=\"og:image:width\" content=\"1099\" \/>\n\t<meta property=\"og:image:height\" content=\"668\" \/>\n\t<meta property=\"og:image:type\" content=\"image\/jpeg\" \/>\n<meta name=\"twitter:card\" content=\"summary_large_image\" \/>\n<script type=\"application\/ld+json\" class=\"yoast-schema-graph\">{\"@context\":\"https:\/\/schema.org\",\"@graph\":[{\"@type\":\"WebPage\",\"@id\":\"https:\/\/www.gieco-holz.de\/cms\/produkt\/spanplattenschrauben-a-2-edelstahl-pan-head\/\",\"url\":\"https:\/\/www.gieco-holz.de\/cms\/produkt\/spanplattenschrauben-a-2-edelstahl-pan-head\/\",\"name\":\"Spanplattenschrauben A2 Edelstahl Pan Head - GIECO Holz und Verbindungstechnik\",\"isPartOf\":{\"@id\":\"https:\/\/www.gieco-holz.de\/cms\/#website\"},\"datePublished\":\"2017-01-28T08:49:50+00:00\",\"dateModified\":\"2022-01-16T18:12:00+00:00\",\"breadcrumb\":{\"@id\":\"https:\/\/www.gieco-holz.de\/cms\/produkt\/spanplattenschrauben-a-2-edelstahl-pan-head\/#breadcrumb\"},\"inLanguage\":\"de-DE\",\"potentialAction\":[{\"@type\":\"ReadAction\",\"target\":[\"https:\/\/www.gieco-holz.de\/cms\/produkt\/spanplattenschrauben-a-2-edelstahl-pan-head\/\"]}]},{\"@type\":\"BreadcrumbList\",\"@id\":\"https:\/\/www.gieco-holz.de\/cms\/produkt\/spanplattenschrauben-a-2-edelstahl-pan-head\/#breadcrumb\",\"itemListElement\":[{\"@type\":\"ListItem\",\"position\":1,\"name\":\"Startseite\",\"item\":\"https:\/\/www.gieco-holz.de\/cms\/\"},{\"@type\":\"ListItem\",\"position\":2,\"name\":\"Katalog\",\"item\":\"https:\/\/www.gieco-holz.de\/cms\/shop\/\"},{\"@type\":\"ListItem\",\"position\":3,\"name\":\"Spanplattenschrauben A2 Edelstahl Pan Head\"}]},{\"@type\":\"WebSite\",\"@id\":\"https:\/\/www.gieco-holz.de\/cms\/#website\",\"url\":\"https:\/\/www.gieco-holz.de\/cms\/\",\"name\":\"GIECO Holz und Verbindungstechnik\",\"description\":\"Blockh\u00e4user, Carports, Terrassen, Z\u00e4une, Sichtschutz, Gartenholz, Verkaufsh\u00e4user, Schrauben und Spielger\u00e4te\",\"potentialAction\":[{\"@type\":\"SearchAction\",\"target\":{\"@type\":\"EntryPoint\",\"urlTemplate\":\"https:\/\/www.gieco-holz.de\/cms\/?s={search_term_string}\"},\"query-input\":\"required name=search_term_string\"}],\"inLanguage\":\"de-DE\"}]}<\/script>\n<!-- \/ Yoast SEO plugin. -->","yoast_head_json":{"title":"Spanplattenschrauben A2 Edelstahl Pan Head - GIECO Holz und Verbindungstechnik","robots":{"index":"index","follow":"follow","max-snippet":"max-snippet:-1","max-image-preview":"max-image-preview:large","max-video-preview":"max-video-preview:-1"},"canonical":"https:\/\/www.gieco-holz.de\/cms\/produkt\/spanplattenschrauben-a-2-edelstahl-pan-head\/","og_locale":"de_DE","og_type":"article","og_title":"Spanplattenschrauben A2 Edelstahl Pan Head - GIECO Holz und Verbindungstechnik","og_description":"Universal - Spanplattenschrauben aus Edelstahl A 2 mit Rundkopf (Pan Head) haben wir in den Abmessungen von 3 x 16 mm bis 6 x 60 mm auf Lager.","og_url":"https:\/\/www.gieco-holz.de\/cms\/produkt\/spanplattenschrauben-a-2-edelstahl-pan-head\/","og_site_name":"GIECO Holz und Verbindungstechnik","article_publisher":"https:\/\/www.facebook.com\/GIECO.Holz\/","article_modified_time":"2022-01-16T18:12:00+00:00","og_image":[{"width":1099,"height":668,"url":"https:\/\/www.gieco-holz.de\/cms\/wp-content\/uploads\/2017\/01\/Spax-A2-Pan-Head.jpg","type":"image\/jpeg"}],"twitter_card":"summary_large_image","schema":{"@context":"https:\/\/schema.org","@graph":[{"@type":"WebPage","@id":"https:\/\/www.gieco-holz.de\/cms\/produkt\/spanplattenschrauben-a-2-edelstahl-pan-head\/","url":"https:\/\/www.gieco-holz.de\/cms\/produkt\/spanplattenschrauben-a-2-edelstahl-pan-head\/","name":"Spanplattenschrauben A2 Edelstahl Pan Head - GIECO Holz und Verbindungstechnik","isPartOf":{"@id":"https:\/\/www.gieco-holz.de\/cms\/#website"},"datePublished":"2017-01-28T08:49:50+00:00","dateModified":"2022-01-16T18:12:00+00:00","breadcrumb":{"@id":"https:\/\/www.gieco-holz.de\/cms\/produkt\/spanplattenschrauben-a-2-edelstahl-pan-head\/#breadcrumb"},"inLanguage":"de-DE","potentialAction":[{"@type":"ReadAction","target":["https:\/\/www.gieco-holz.de\/cms\/produkt\/spanplattenschrauben-a-2-edelstahl-pan-head\/"]}]},{"@type":"BreadcrumbList","@id":"https:\/\/www.gieco-holz.de\/cms\/produkt\/spanplattenschrauben-a-2-edelstahl-pan-head\/#breadcrumb","itemListElement":[{"@type":"ListItem","position":1,"name":"Startseite","item":"https:\/\/www.gieco-holz.de\/cms\/"},{"@type":"ListItem","position":2,"name":"Katalog","item":"https:\/\/www.gieco-holz.de\/cms\/shop\/"},{"@type":"ListItem","position":3,"name":"Spanplattenschrauben A2 Edelstahl Pan Head"}]},{"@type":"WebSite","@id":"https:\/\/www.gieco-holz.de\/cms\/#website","url":"https:\/\/www.gieco-holz.de\/cms\/","name":"GIECO Holz und Verbindungstechnik","description":"Blockh\u00e4user, Carports, Terrassen, Z\u00e4une, Sichtschutz, Gartenholz, Verkaufsh\u00e4user, Schrauben und Spielger\u00e4te","potentialAction":[{"@type":"SearchAction","target":{"@type":"EntryPoint","urlTemplate":"https:\/\/www.gieco-holz.de\/cms\/?s={search_term_string}"},"query-input":"required name=search_term_string"}],"inLanguage":"de-DE"}]}},"_links":{"self":[{"href":"https:\/\/www.gieco-holz.de\/cms\/wp-json\/wp\/v2\/product\/881"}],"collection":[{"href":"https:\/\/www.gieco-holz.de\/cms\/wp-json\/wp\/v2\/product"}],"about":[{"href":"https:\/\/www.gieco-holz.de\/cms\/wp-json\/wp\/v2\/types\/product"}],"wp:featuredmedia":[{"embeddable":true,"href":"https:\/\/www.gieco-holz.de\/cms\/wp-json\/wp\/v2\/media\/882"}],"wp:attachment":[{"href":"https:\/\/www.gieco-holz.de\/cms\/wp-json\/wp\/v2\/media?parent=881"}],"curies":[{"name":"wp","href":"https:\/\/api.w.org\/{rel}","templated":true}]}}