{"id":879,"date":"2017-01-28T08:30:25","date_gmt":"2017-01-28T08:30:25","guid":{"rendered":"http:\/\/gieco-holz.de\/cms\/produkt\/spanplattenschrauben-a-2-edelstahl\/"},"modified":"2022-01-16T19:12:00","modified_gmt":"2022-01-16T18:12:00","slug":"spanplattenschrauben-a-2-edelstahl","status":"publish","type":"product","link":"https:\/\/www.gieco-holz.de\/cms\/produkt\/spanplattenschrauben-a-2-edelstahl\/","title":{"rendered":"Spanplattenschrauben A 2 Edelstahl"},"content":{"rendered":"<p><strong>Spanplattenschrauben Senkkopf<br \/>\n<\/strong><\/p>\n<p><strong>Ma\u00dfe u. Materialbeschaffenheit<\/strong><\/p>\n<ul>\n<li>Teilgewinde, mit Schaft<\/li>\n<li>Edelstahl A 2<\/li>\n<li>Universalschraube<\/li>\n<li>auch St\u00fcckverkauf<\/li>\n<li><strong>Torxantrieb von T10 bis T 30<br \/>\n<\/strong><\/li>\n<\/ul>\n","protected":false},"excerpt":{"rendered":"<p>Universal &#8211; Spanplattenschrauben aus Edelstahl A2 f\u00fchren wir lagerm\u00e4\u00dfig in den Abmessungen von 3 x 12 mm bis 6 x 200 mm.<\/p>\n","protected":false},"featured_media":880,"template":"","meta":[],"yoast_head":"<!-- This site is optimized with the Yoast SEO plugin v19.8 - https:\/\/yoast.com\/wordpress\/plugins\/seo\/ -->\n<title>Spanplattenschrauben A 2 Edelstahl - GIECO Holz und Verbindungstechnik<\/title>\n<meta name=\"robots\" content=\"index, follow, max-snippet:-1, max-image-preview:large, max-video-preview:-1\" \/>\n<link rel=\"canonical\" href=\"https:\/\/www.gieco-holz.de\/cms\/produkt\/spanplattenschrauben-a-2-edelstahl\/\" \/>\n<meta property=\"og:locale\" content=\"de_DE\" \/>\n<meta property=\"og:type\" content=\"article\" \/>\n<meta property=\"og:title\" content=\"Spanplattenschrauben A 2 Edelstahl - GIECO Holz und Verbindungstechnik\" \/>\n<meta property=\"og:description\" content=\"Universal - Spanplattenschrauben aus Edelstahl A2 f\u00fchren wir lagerm\u00e4\u00dfig in den Abmessungen von 3 x 12 mm bis 6 x 200 mm.\" \/>\n<meta property=\"og:url\" content=\"https:\/\/www.gieco-holz.de\/cms\/produkt\/spanplattenschrauben-a-2-edelstahl\/\" \/>\n<meta property=\"og:site_name\" content=\"GIECO Holz und Verbindungstechnik\" \/>\n<meta property=\"article:publisher\" content=\"https:\/\/www.facebook.com\/GIECO.Holz\/\" \/>\n<meta property=\"article:modified_time\" content=\"2022-01-16T18:12:00+00:00\" \/>\n<meta property=\"og:image\" content=\"https:\/\/www.gieco-holz.de\/cms\/wp-content\/uploads\/2017\/01\/Spax-A2.jpg\" \/>\n\t<meta property=\"og:image:width\" content=\"819\" \/>\n\t<meta property=\"og:image:height\" content=\"550\" \/>\n\t<meta property=\"og:image:type\" content=\"image\/jpeg\" \/>\n<meta name=\"twitter:card\" content=\"summary_large_image\" \/>\n<script type=\"application\/ld+json\" class=\"yoast-schema-graph\">{\"@context\":\"https:\/\/schema.org\",\"@graph\":[{\"@type\":\"WebPage\",\"@id\":\"https:\/\/www.gieco-holz.de\/cms\/produkt\/spanplattenschrauben-a-2-edelstahl\/\",\"url\":\"https:\/\/www.gieco-holz.de\/cms\/produkt\/spanplattenschrauben-a-2-edelstahl\/\",\"name\":\"Spanplattenschrauben A 2 Edelstahl - GIECO Holz und Verbindungstechnik\",\"isPartOf\":{\"@id\":\"https:\/\/www.gieco-holz.de\/cms\/#website\"},\"datePublished\":\"2017-01-28T08:30:25+00:00\",\"dateModified\":\"2022-01-16T18:12:00+00:00\",\"breadcrumb\":{\"@id\":\"https:\/\/www.gieco-holz.de\/cms\/produkt\/spanplattenschrauben-a-2-edelstahl\/#breadcrumb\"},\"inLanguage\":\"de-DE\",\"potentialAction\":[{\"@type\":\"ReadAction\",\"target\":[\"https:\/\/www.gieco-holz.de\/cms\/produkt\/spanplattenschrauben-a-2-edelstahl\/\"]}]},{\"@type\":\"BreadcrumbList\",\"@id\":\"https:\/\/www.gieco-holz.de\/cms\/produkt\/spanplattenschrauben-a-2-edelstahl\/#breadcrumb\",\"itemListElement\":[{\"@type\":\"ListItem\",\"position\":1,\"name\":\"Startseite\",\"item\":\"https:\/\/www.gieco-holz.de\/cms\/\"},{\"@type\":\"ListItem\",\"position\":2,\"name\":\"Katalog\",\"item\":\"https:\/\/www.gieco-holz.de\/cms\/shop\/\"},{\"@type\":\"ListItem\",\"position\":3,\"name\":\"Spanplattenschrauben A 2 Edelstahl\"}]},{\"@type\":\"WebSite\",\"@id\":\"https:\/\/www.gieco-holz.de\/cms\/#website\",\"url\":\"https:\/\/www.gieco-holz.de\/cms\/\",\"name\":\"GIECO Holz und Verbindungstechnik\",\"description\":\"Blockh\u00e4user, Carports, Terrassen, Z\u00e4une, Sichtschutz, Gartenholz, Verkaufsh\u00e4user, Schrauben und Spielger\u00e4te\",\"potentialAction\":[{\"@type\":\"SearchAction\",\"target\":{\"@type\":\"EntryPoint\",\"urlTemplate\":\"https:\/\/www.gieco-holz.de\/cms\/?s={search_term_string}\"},\"query-input\":\"required name=search_term_string\"}],\"inLanguage\":\"de-DE\"}]}<\/script>\n<!-- \/ Yoast SEO plugin. -->","yoast_head_json":{"title":"Spanplattenschrauben A 2 Edelstahl - GIECO Holz und Verbindungstechnik","robots":{"index":"index","follow":"follow","max-snippet":"max-snippet:-1","max-image-preview":"max-image-preview:large","max-video-preview":"max-video-preview:-1"},"canonical":"https:\/\/www.gieco-holz.de\/cms\/produkt\/spanplattenschrauben-a-2-edelstahl\/","og_locale":"de_DE","og_type":"article","og_title":"Spanplattenschrauben A 2 Edelstahl - GIECO Holz und Verbindungstechnik","og_description":"Universal - Spanplattenschrauben aus Edelstahl A2 f\u00fchren wir lagerm\u00e4\u00dfig in den Abmessungen von 3 x 12 mm bis 6 x 200 mm.","og_url":"https:\/\/www.gieco-holz.de\/cms\/produkt\/spanplattenschrauben-a-2-edelstahl\/","og_site_name":"GIECO Holz und Verbindungstechnik","article_publisher":"https:\/\/www.facebook.com\/GIECO.Holz\/","article_modified_time":"2022-01-16T18:12:00+00:00","og_image":[{"width":819,"height":550,"url":"https:\/\/www.gieco-holz.de\/cms\/wp-content\/uploads\/2017\/01\/Spax-A2.jpg","type":"image\/jpeg"}],"twitter_card":"summary_large_image","schema":{"@context":"https:\/\/schema.org","@graph":[{"@type":"WebPage","@id":"https:\/\/www.gieco-holz.de\/cms\/produkt\/spanplattenschrauben-a-2-edelstahl\/","url":"https:\/\/www.gieco-holz.de\/cms\/produkt\/spanplattenschrauben-a-2-edelstahl\/","name":"Spanplattenschrauben A 2 Edelstahl - GIECO Holz und Verbindungstechnik","isPartOf":{"@id":"https:\/\/www.gieco-holz.de\/cms\/#website"},"datePublished":"2017-01-28T08:30:25+00:00","dateModified":"2022-01-16T18:12:00+00:00","breadcrumb":{"@id":"https:\/\/www.gieco-holz.de\/cms\/produkt\/spanplattenschrauben-a-2-edelstahl\/#breadcrumb"},"inLanguage":"de-DE","potentialAction":[{"@type":"ReadAction","target":["https:\/\/www.gieco-holz.de\/cms\/produkt\/spanplattenschrauben-a-2-edelstahl\/"]}]},{"@type":"BreadcrumbList","@id":"https:\/\/www.gieco-holz.de\/cms\/produkt\/spanplattenschrauben-a-2-edelstahl\/#breadcrumb","itemListElement":[{"@type":"ListItem","position":1,"name":"Startseite","item":"https:\/\/www.gieco-holz.de\/cms\/"},{"@type":"ListItem","position":2,"name":"Katalog","item":"https:\/\/www.gieco-holz.de\/cms\/shop\/"},{"@type":"ListItem","position":3,"name":"Spanplattenschrauben A 2 Edelstahl"}]},{"@type":"WebSite","@id":"https:\/\/www.gieco-holz.de\/cms\/#website","url":"https:\/\/www.gieco-holz.de\/cms\/","name":"GIECO Holz und Verbindungstechnik","description":"Blockh\u00e4user, Carports, Terrassen, Z\u00e4une, Sichtschutz, Gartenholz, Verkaufsh\u00e4user, Schrauben und Spielger\u00e4te","potentialAction":[{"@type":"SearchAction","target":{"@type":"EntryPoint","urlTemplate":"https:\/\/www.gieco-holz.de\/cms\/?s={search_term_string}"},"query-input":"required name=search_term_string"}],"inLanguage":"de-DE"}]}},"_links":{"self":[{"href":"https:\/\/www.gieco-holz.de\/cms\/wp-json\/wp\/v2\/product\/879"}],"collection":[{"href":"https:\/\/www.gieco-holz.de\/cms\/wp-json\/wp\/v2\/product"}],"about":[{"href":"https:\/\/www.gieco-holz.de\/cms\/wp-json\/wp\/v2\/types\/product"}],"wp:featuredmedia":[{"embeddable":true,"href":"https:\/\/www.gieco-holz.de\/cms\/wp-json\/wp\/v2\/media\/880"}],"wp:attachment":[{"href":"https:\/\/www.gieco-holz.de\/cms\/wp-json\/wp\/v2\/media?parent=879"}],"curies":[{"name":"wp","href":"https:\/\/api.w.org\/{rel}","templated":true}]}}