{"id":678,"date":"2015-09-15T11:47:46","date_gmt":"2015-09-15T11:47:46","guid":{"rendered":"http:\/\/gieco-holz.de\/cms\/produkt\/verkaufshuette-paul-auf-palette\/"},"modified":"2022-01-16T19:12:00","modified_gmt":"2022-01-16T18:12:00","slug":"verkaufshuette-paul-auf-palette","status":"publish","type":"product","link":"https:\/\/www.gieco-holz.de\/cms\/produkt\/verkaufshuette-paul-auf-palette\/","title":{"rendered":"Verkaufsh\u00fctte &#8222;Paul&#8220;"},"content":{"rendered":"<p><strong>Verkaufsh\u00fctte Paul mit Boden und Au\u00dfenklappe <\/strong><\/p>\n<p><strong>Artikelbeschreibung &#8211; Lieferumfang:<\/strong><\/p>\n<ul>\n<li><strong>Breite 230 cm<\/strong><\/li>\n<li><strong>Tiefe 115 cm<\/strong><\/li>\n<li><strong>H\u00f6he vorn 210 cm<\/strong><\/li>\n<li><strong>H\u00f6he hinten 190 cm<\/strong><\/li>\n<li><strong>Bretter 19 mm stark, kesseldruckimpr\u00e4gniert (kdi)<br \/>\n<\/strong><\/li>\n<li>Boden aus\u00a0 OSB-Platten 18 mm stark, alternativ Siebdruck-Platten gegen Aufpreis<\/li>\n<li>T\u00fcr 80 x 190 cm an einer Seite<\/li>\n<li>Verkaufsklappe vorn 90 x 160 cm nach au\u00dfen<\/li>\n<li>Planendach aus LKW Plane (Farbe nach Wahl)<\/li>\n<li>alle Schrauben (schneller Auf- und Abbau ohne Werkzeug)<\/li>\n<li>Aufbauanleitung<\/li>\n<\/ul>\n","protected":false},"excerpt":{"rendered":"<p>Die Verkaufsh\u00fctte Paul wird speziell f\u00fcr den vereinfachten Transport angefertigt . Der Boden besteht aus 18 mm starken OSB- oder Siebdruck-Platten. Die Vorderseite verf\u00fcgt \u00fcber eine Verkaufsklappe 1,60 m breit. Die stabile Dachplane liefern wir in verschiedenen RAL &#8211; Farben.<\/p>\n","protected":false},"featured_media":1024,"template":"","meta":[],"yoast_head":"<!-- This site is optimized with the Yoast SEO plugin v19.8 - https:\/\/yoast.com\/wordpress\/plugins\/seo\/ -->\n<title>Verkaufsh\u00fctte &quot;Paul&quot; - GIECO Holz und Verbindungstechnik<\/title>\n<meta name=\"robots\" content=\"index, follow, max-snippet:-1, max-image-preview:large, max-video-preview:-1\" \/>\n<link rel=\"canonical\" href=\"https:\/\/www.gieco-holz.de\/cms\/produkt\/verkaufshuette-paul-auf-palette\/\" \/>\n<meta property=\"og:locale\" content=\"de_DE\" \/>\n<meta property=\"og:type\" content=\"article\" \/>\n<meta property=\"og:title\" content=\"Verkaufsh\u00fctte &quot;Paul&quot; - GIECO Holz und Verbindungstechnik\" \/>\n<meta property=\"og:description\" content=\"Die Verkaufsh\u00fctte Paul wird speziell f\u00fcr den vereinfachten Transport angefertigt . Der Boden besteht aus 18 mm starken OSB- oder Siebdruck-Platten. Die Vorderseite verf\u00fcgt \u00fcber eine Verkaufsklappe 1,60 m breit. Die stabile Dachplane liefern wir in verschiedenen RAL - Farben.\" \/>\n<meta property=\"og:url\" content=\"https:\/\/www.gieco-holz.de\/cms\/produkt\/verkaufshuette-paul-auf-palette\/\" \/>\n<meta property=\"og:site_name\" content=\"GIECO Holz und Verbindungstechnik\" \/>\n<meta property=\"article:publisher\" content=\"https:\/\/www.facebook.com\/GIECO.Holz\/\" \/>\n<meta property=\"article:modified_time\" content=\"2022-01-16T18:12:00+00:00\" \/>\n<meta property=\"og:image\" content=\"https:\/\/www.gieco-holz.de\/cms\/wp-content\/uploads\/2015\/09\/Paul-2.jpg\" \/>\n\t<meta property=\"og:image:width\" content=\"543\" \/>\n\t<meta property=\"og:image:height\" content=\"498\" \/>\n\t<meta property=\"og:image:type\" content=\"image\/jpeg\" \/>\n<meta name=\"twitter:card\" content=\"summary_large_image\" \/>\n<script type=\"application\/ld+json\" class=\"yoast-schema-graph\">{\"@context\":\"https:\/\/schema.org\",\"@graph\":[{\"@type\":\"WebPage\",\"@id\":\"https:\/\/www.gieco-holz.de\/cms\/produkt\/verkaufshuette-paul-auf-palette\/\",\"url\":\"https:\/\/www.gieco-holz.de\/cms\/produkt\/verkaufshuette-paul-auf-palette\/\",\"name\":\"Verkaufsh\u00fctte \\\"Paul\\\" - GIECO Holz und Verbindungstechnik\",\"isPartOf\":{\"@id\":\"https:\/\/www.gieco-holz.de\/cms\/#website\"},\"datePublished\":\"2015-09-15T11:47:46+00:00\",\"dateModified\":\"2022-01-16T18:12:00+00:00\",\"breadcrumb\":{\"@id\":\"https:\/\/www.gieco-holz.de\/cms\/produkt\/verkaufshuette-paul-auf-palette\/#breadcrumb\"},\"inLanguage\":\"de-DE\",\"potentialAction\":[{\"@type\":\"ReadAction\",\"target\":[\"https:\/\/www.gieco-holz.de\/cms\/produkt\/verkaufshuette-paul-auf-palette\/\"]}]},{\"@type\":\"BreadcrumbList\",\"@id\":\"https:\/\/www.gieco-holz.de\/cms\/produkt\/verkaufshuette-paul-auf-palette\/#breadcrumb\",\"itemListElement\":[{\"@type\":\"ListItem\",\"position\":1,\"name\":\"Startseite\",\"item\":\"https:\/\/www.gieco-holz.de\/cms\/\"},{\"@type\":\"ListItem\",\"position\":2,\"name\":\"Katalog\",\"item\":\"https:\/\/www.gieco-holz.de\/cms\/shop\/\"},{\"@type\":\"ListItem\",\"position\":3,\"name\":\"Verkaufsh\u00fctte &#8222;Paul&#8220;\"}]},{\"@type\":\"WebSite\",\"@id\":\"https:\/\/www.gieco-holz.de\/cms\/#website\",\"url\":\"https:\/\/www.gieco-holz.de\/cms\/\",\"name\":\"GIECO Holz und Verbindungstechnik\",\"description\":\"Blockh\u00e4user, Carports, Terrassen, Z\u00e4une, Sichtschutz, Gartenholz, Verkaufsh\u00e4user, Schrauben und Spielger\u00e4te\",\"potentialAction\":[{\"@type\":\"SearchAction\",\"target\":{\"@type\":\"EntryPoint\",\"urlTemplate\":\"https:\/\/www.gieco-holz.de\/cms\/?s={search_term_string}\"},\"query-input\":\"required name=search_term_string\"}],\"inLanguage\":\"de-DE\"}]}<\/script>\n<!-- \/ Yoast SEO plugin. -->","yoast_head_json":{"title":"Verkaufsh\u00fctte \"Paul\" - GIECO Holz und Verbindungstechnik","robots":{"index":"index","follow":"follow","max-snippet":"max-snippet:-1","max-image-preview":"max-image-preview:large","max-video-preview":"max-video-preview:-1"},"canonical":"https:\/\/www.gieco-holz.de\/cms\/produkt\/verkaufshuette-paul-auf-palette\/","og_locale":"de_DE","og_type":"article","og_title":"Verkaufsh\u00fctte \"Paul\" - GIECO Holz und Verbindungstechnik","og_description":"Die Verkaufsh\u00fctte Paul wird speziell f\u00fcr den vereinfachten Transport angefertigt . Der Boden besteht aus 18 mm starken OSB- oder Siebdruck-Platten. Die Vorderseite verf\u00fcgt \u00fcber eine Verkaufsklappe 1,60 m breit. Die stabile Dachplane liefern wir in verschiedenen RAL - Farben.","og_url":"https:\/\/www.gieco-holz.de\/cms\/produkt\/verkaufshuette-paul-auf-palette\/","og_site_name":"GIECO Holz und Verbindungstechnik","article_publisher":"https:\/\/www.facebook.com\/GIECO.Holz\/","article_modified_time":"2022-01-16T18:12:00+00:00","og_image":[{"width":543,"height":498,"url":"https:\/\/www.gieco-holz.de\/cms\/wp-content\/uploads\/2015\/09\/Paul-2.jpg","type":"image\/jpeg"}],"twitter_card":"summary_large_image","schema":{"@context":"https:\/\/schema.org","@graph":[{"@type":"WebPage","@id":"https:\/\/www.gieco-holz.de\/cms\/produkt\/verkaufshuette-paul-auf-palette\/","url":"https:\/\/www.gieco-holz.de\/cms\/produkt\/verkaufshuette-paul-auf-palette\/","name":"Verkaufsh\u00fctte \"Paul\" - GIECO Holz und Verbindungstechnik","isPartOf":{"@id":"https:\/\/www.gieco-holz.de\/cms\/#website"},"datePublished":"2015-09-15T11:47:46+00:00","dateModified":"2022-01-16T18:12:00+00:00","breadcrumb":{"@id":"https:\/\/www.gieco-holz.de\/cms\/produkt\/verkaufshuette-paul-auf-palette\/#breadcrumb"},"inLanguage":"de-DE","potentialAction":[{"@type":"ReadAction","target":["https:\/\/www.gieco-holz.de\/cms\/produkt\/verkaufshuette-paul-auf-palette\/"]}]},{"@type":"BreadcrumbList","@id":"https:\/\/www.gieco-holz.de\/cms\/produkt\/verkaufshuette-paul-auf-palette\/#breadcrumb","itemListElement":[{"@type":"ListItem","position":1,"name":"Startseite","item":"https:\/\/www.gieco-holz.de\/cms\/"},{"@type":"ListItem","position":2,"name":"Katalog","item":"https:\/\/www.gieco-holz.de\/cms\/shop\/"},{"@type":"ListItem","position":3,"name":"Verkaufsh\u00fctte &#8222;Paul&#8220;"}]},{"@type":"WebSite","@id":"https:\/\/www.gieco-holz.de\/cms\/#website","url":"https:\/\/www.gieco-holz.de\/cms\/","name":"GIECO Holz und Verbindungstechnik","description":"Blockh\u00e4user, Carports, Terrassen, Z\u00e4une, Sichtschutz, Gartenholz, Verkaufsh\u00e4user, Schrauben und Spielger\u00e4te","potentialAction":[{"@type":"SearchAction","target":{"@type":"EntryPoint","urlTemplate":"https:\/\/www.gieco-holz.de\/cms\/?s={search_term_string}"},"query-input":"required name=search_term_string"}],"inLanguage":"de-DE"}]}},"_links":{"self":[{"href":"https:\/\/www.gieco-holz.de\/cms\/wp-json\/wp\/v2\/product\/678"}],"collection":[{"href":"https:\/\/www.gieco-holz.de\/cms\/wp-json\/wp\/v2\/product"}],"about":[{"href":"https:\/\/www.gieco-holz.de\/cms\/wp-json\/wp\/v2\/types\/product"}],"wp:featuredmedia":[{"embeddable":true,"href":"https:\/\/www.gieco-holz.de\/cms\/wp-json\/wp\/v2\/media\/1024"}],"wp:attachment":[{"href":"https:\/\/www.gieco-holz.de\/cms\/wp-json\/wp\/v2\/media?parent=678"}],"curies":[{"name":"wp","href":"https:\/\/api.w.org\/{rel}","templated":true}]}}