{"id":641,"date":"2015-07-30T10:36:41","date_gmt":"2015-07-30T10:36:41","guid":{"rendered":"http:\/\/gieco-holz.de\/cms\/produkt\/kleiner-unterstand\/"},"modified":"2022-01-16T19:12:01","modified_gmt":"2022-01-16T18:12:01","slug":"kleiner-unterstand","status":"publish","type":"product","link":"https:\/\/www.gieco-holz.de\/cms\/produkt\/kleiner-unterstand\/","title":{"rendered":"Kleiner Unterstand"},"content":{"rendered":"<p><strong>Kleiner Unterstand &#8211; Montage ohne Werkzeug <\/strong><\/p>\n<p><strong>Artikelbeschreibung &#8211; Lieferumfang:<\/strong><\/p>\n<ul>\n<li><strong>Breite 120 cm<\/strong><\/li>\n<li><strong>Tiefe 120 cm<\/strong><\/li>\n<li><strong>H\u00f6he vorn 210 cm<\/strong><\/li>\n<li><strong>H\u00f6he hinten 190 cm<\/strong><\/li>\n<li><strong>Bretter 19 mm stark, kesseldruckimpr\u00e4gniert (kdi)<\/strong><\/li>\n<li>fertige Elemente<\/li>\n<li>Dach aus OSB-Platten<\/li>\n<li>inkl. Dachpappe, alternativ LKW-Plane mit Schnellverbindern gegen Aufpreis<\/li>\n<li>alle Verbindungen vorgebohrt, inkl. Schrauben \/ Montagezubeh\u00f6r<\/li>\n<\/ul>\n","protected":false},"excerpt":{"rendered":"<p>Dieser Unterstand ist f\u00fcr den schnellen Auf- und Abbau ausgelegt.<\/p>\n","protected":false},"featured_media":643,"template":"","meta":[],"yoast_head":"<!-- This site is optimized with the Yoast SEO plugin v19.8 - https:\/\/yoast.com\/wordpress\/plugins\/seo\/ -->\n<title>Kleiner Unterstand - GIECO Holz und Verbindungstechnik<\/title>\n<meta name=\"robots\" content=\"index, follow, max-snippet:-1, max-image-preview:large, max-video-preview:-1\" \/>\n<link rel=\"canonical\" href=\"https:\/\/www.gieco-holz.de\/cms\/produkt\/kleiner-unterstand\/\" \/>\n<meta property=\"og:locale\" content=\"de_DE\" \/>\n<meta property=\"og:type\" content=\"article\" \/>\n<meta property=\"og:title\" content=\"Kleiner Unterstand - GIECO Holz und Verbindungstechnik\" \/>\n<meta property=\"og:description\" content=\"Dieser Unterstand ist f\u00fcr den schnellen Auf- und Abbau ausgelegt.\" \/>\n<meta property=\"og:url\" content=\"https:\/\/www.gieco-holz.de\/cms\/produkt\/kleiner-unterstand\/\" \/>\n<meta property=\"og:site_name\" content=\"GIECO Holz und Verbindungstechnik\" \/>\n<meta property=\"article:publisher\" content=\"https:\/\/www.facebook.com\/GIECO.Holz\/\" \/>\n<meta property=\"article:modified_time\" content=\"2022-01-16T18:12:01+00:00\" \/>\n<meta property=\"og:image\" content=\"https:\/\/www.gieco-holz.de\/cms\/wp-content\/uploads\/2015\/07\/Unterstand-offen.jpg\" \/>\n\t<meta property=\"og:image:width\" content=\"800\" \/>\n\t<meta property=\"og:image:height\" content=\"885\" \/>\n\t<meta property=\"og:image:type\" content=\"image\/jpeg\" \/>\n<meta name=\"twitter:card\" content=\"summary_large_image\" \/>\n<script type=\"application\/ld+json\" class=\"yoast-schema-graph\">{\"@context\":\"https:\/\/schema.org\",\"@graph\":[{\"@type\":\"WebPage\",\"@id\":\"https:\/\/www.gieco-holz.de\/cms\/produkt\/kleiner-unterstand\/\",\"url\":\"https:\/\/www.gieco-holz.de\/cms\/produkt\/kleiner-unterstand\/\",\"name\":\"Kleiner Unterstand - GIECO Holz und Verbindungstechnik\",\"isPartOf\":{\"@id\":\"https:\/\/www.gieco-holz.de\/cms\/#website\"},\"datePublished\":\"2015-07-30T10:36:41+00:00\",\"dateModified\":\"2022-01-16T18:12:01+00:00\",\"breadcrumb\":{\"@id\":\"https:\/\/www.gieco-holz.de\/cms\/produkt\/kleiner-unterstand\/#breadcrumb\"},\"inLanguage\":\"de-DE\",\"potentialAction\":[{\"@type\":\"ReadAction\",\"target\":[\"https:\/\/www.gieco-holz.de\/cms\/produkt\/kleiner-unterstand\/\"]}]},{\"@type\":\"BreadcrumbList\",\"@id\":\"https:\/\/www.gieco-holz.de\/cms\/produkt\/kleiner-unterstand\/#breadcrumb\",\"itemListElement\":[{\"@type\":\"ListItem\",\"position\":1,\"name\":\"Startseite\",\"item\":\"https:\/\/www.gieco-holz.de\/cms\/\"},{\"@type\":\"ListItem\",\"position\":2,\"name\":\"Katalog\",\"item\":\"https:\/\/www.gieco-holz.de\/cms\/shop\/\"},{\"@type\":\"ListItem\",\"position\":3,\"name\":\"Kleiner Unterstand\"}]},{\"@type\":\"WebSite\",\"@id\":\"https:\/\/www.gieco-holz.de\/cms\/#website\",\"url\":\"https:\/\/www.gieco-holz.de\/cms\/\",\"name\":\"GIECO Holz und Verbindungstechnik\",\"description\":\"Blockh\u00e4user, Carports, Terrassen, Z\u00e4une, Sichtschutz, Gartenholz, Verkaufsh\u00e4user, Schrauben und Spielger\u00e4te\",\"potentialAction\":[{\"@type\":\"SearchAction\",\"target\":{\"@type\":\"EntryPoint\",\"urlTemplate\":\"https:\/\/www.gieco-holz.de\/cms\/?s={search_term_string}\"},\"query-input\":\"required name=search_term_string\"}],\"inLanguage\":\"de-DE\"}]}<\/script>\n<!-- \/ Yoast SEO plugin. -->","yoast_head_json":{"title":"Kleiner Unterstand - GIECO Holz und Verbindungstechnik","robots":{"index":"index","follow":"follow","max-snippet":"max-snippet:-1","max-image-preview":"max-image-preview:large","max-video-preview":"max-video-preview:-1"},"canonical":"https:\/\/www.gieco-holz.de\/cms\/produkt\/kleiner-unterstand\/","og_locale":"de_DE","og_type":"article","og_title":"Kleiner Unterstand - GIECO Holz und Verbindungstechnik","og_description":"Dieser Unterstand ist f\u00fcr den schnellen Auf- und Abbau ausgelegt.","og_url":"https:\/\/www.gieco-holz.de\/cms\/produkt\/kleiner-unterstand\/","og_site_name":"GIECO Holz und Verbindungstechnik","article_publisher":"https:\/\/www.facebook.com\/GIECO.Holz\/","article_modified_time":"2022-01-16T18:12:01+00:00","og_image":[{"width":800,"height":885,"url":"https:\/\/www.gieco-holz.de\/cms\/wp-content\/uploads\/2015\/07\/Unterstand-offen.jpg","type":"image\/jpeg"}],"twitter_card":"summary_large_image","schema":{"@context":"https:\/\/schema.org","@graph":[{"@type":"WebPage","@id":"https:\/\/www.gieco-holz.de\/cms\/produkt\/kleiner-unterstand\/","url":"https:\/\/www.gieco-holz.de\/cms\/produkt\/kleiner-unterstand\/","name":"Kleiner Unterstand - GIECO Holz und Verbindungstechnik","isPartOf":{"@id":"https:\/\/www.gieco-holz.de\/cms\/#website"},"datePublished":"2015-07-30T10:36:41+00:00","dateModified":"2022-01-16T18:12:01+00:00","breadcrumb":{"@id":"https:\/\/www.gieco-holz.de\/cms\/produkt\/kleiner-unterstand\/#breadcrumb"},"inLanguage":"de-DE","potentialAction":[{"@type":"ReadAction","target":["https:\/\/www.gieco-holz.de\/cms\/produkt\/kleiner-unterstand\/"]}]},{"@type":"BreadcrumbList","@id":"https:\/\/www.gieco-holz.de\/cms\/produkt\/kleiner-unterstand\/#breadcrumb","itemListElement":[{"@type":"ListItem","position":1,"name":"Startseite","item":"https:\/\/www.gieco-holz.de\/cms\/"},{"@type":"ListItem","position":2,"name":"Katalog","item":"https:\/\/www.gieco-holz.de\/cms\/shop\/"},{"@type":"ListItem","position":3,"name":"Kleiner Unterstand"}]},{"@type":"WebSite","@id":"https:\/\/www.gieco-holz.de\/cms\/#website","url":"https:\/\/www.gieco-holz.de\/cms\/","name":"GIECO Holz und Verbindungstechnik","description":"Blockh\u00e4user, Carports, Terrassen, Z\u00e4une, Sichtschutz, Gartenholz, Verkaufsh\u00e4user, Schrauben und Spielger\u00e4te","potentialAction":[{"@type":"SearchAction","target":{"@type":"EntryPoint","urlTemplate":"https:\/\/www.gieco-holz.de\/cms\/?s={search_term_string}"},"query-input":"required name=search_term_string"}],"inLanguage":"de-DE"}]}},"_links":{"self":[{"href":"https:\/\/www.gieco-holz.de\/cms\/wp-json\/wp\/v2\/product\/641"}],"collection":[{"href":"https:\/\/www.gieco-holz.de\/cms\/wp-json\/wp\/v2\/product"}],"about":[{"href":"https:\/\/www.gieco-holz.de\/cms\/wp-json\/wp\/v2\/types\/product"}],"wp:featuredmedia":[{"embeddable":true,"href":"https:\/\/www.gieco-holz.de\/cms\/wp-json\/wp\/v2\/media\/643"}],"wp:attachment":[{"href":"https:\/\/www.gieco-holz.de\/cms\/wp-json\/wp\/v2\/media?parent=641"}],"curies":[{"name":"wp","href":"https:\/\/api.w.org\/{rel}","templated":true}]}}