{"id":616,"date":"2015-02-26T08:48:23","date_gmt":"2015-02-26T08:48:23","guid":{"rendered":"http:\/\/gieco-holz.de\/cms\/produkt\/schaukelaufhaengung-mit-karabinerhaken\/"},"modified":"2022-01-16T19:12:01","modified_gmt":"2022-01-16T18:12:01","slug":"schaukelaufhaengung-mit-karabinerhaken","status":"publish","type":"product","link":"https:\/\/www.gieco-holz.de\/cms\/produkt\/schaukelaufhaengung-mit-karabinerhaken\/","title":{"rendered":"Schaukelaufh\u00e4ngung mit Karabinerhaken"},"content":{"rendered":"<p><strong>Schaukelaufh\u00e4ngung mit Karabinerhaken<br \/>\n<\/strong><\/p>\n<p><strong>Lieferumfang:<\/strong><\/p>\n<ul>\n<li>Schaukelaufh\u00e4ngung M12 x 140 mm<\/li>\n<li>mit Karabinerhaken und Mutter<\/li>\n<li>f\u00fcr Rund- und Kantholz geeignet<\/li>\n<li>passend f\u00fcr das gesamte Schaukelsortiment<\/li>\n<li>T\u00dcV gepr\u00fcft<\/li>\n<\/ul>\n<p><strong>Warnhinweise lt. EU-Verordnung:<\/strong><\/p>\n<ul>\n<li>Nur f\u00fcr den privaten Hausgebrauch<\/li>\n<li>Nur f\u00fcr Kinder von 3 &#8211; 14 Jahren<\/li>\n<li>Benutzung nur unter Aufsicht von Erwachsenen<\/li>\n<\/ul>\n","protected":false},"excerpt":{"rendered":"<p>Schaukelaufh\u00e4ngung mit Karabinerhaken f\u00fcr Rund- und Kantholz geeignet. Zum Einh\u00e4ngen von Schaukelsitzen, Kletterseilen und vielen weiteren Artikeln aus unserem Schaukelsortiment.<\/p>\n","protected":false},"featured_media":613,"template":"","meta":[],"yoast_head":"<!-- This site is optimized with the Yoast SEO plugin v19.8 - https:\/\/yoast.com\/wordpress\/plugins\/seo\/ -->\n<title>Schaukelaufh\u00e4ngung mit Karabinerhaken - GIECO Holz und Verbindungstechnik<\/title>\n<meta name=\"robots\" content=\"index, follow, max-snippet:-1, max-image-preview:large, max-video-preview:-1\" \/>\n<link rel=\"canonical\" href=\"https:\/\/www.gieco-holz.de\/cms\/produkt\/schaukelaufhaengung-mit-karabinerhaken\/\" \/>\n<meta property=\"og:locale\" content=\"de_DE\" \/>\n<meta property=\"og:type\" content=\"article\" \/>\n<meta property=\"og:title\" content=\"Schaukelaufh\u00e4ngung mit Karabinerhaken - GIECO Holz und Verbindungstechnik\" \/>\n<meta property=\"og:description\" content=\"Schaukelaufh\u00e4ngung mit Karabinerhaken f\u00fcr Rund- und Kantholz geeignet. Zum Einh\u00e4ngen von Schaukelsitzen, Kletterseilen und vielen weiteren Artikeln aus unserem Schaukelsortiment.\" \/>\n<meta property=\"og:url\" content=\"https:\/\/www.gieco-holz.de\/cms\/produkt\/schaukelaufhaengung-mit-karabinerhaken\/\" \/>\n<meta property=\"og:site_name\" content=\"GIECO Holz und Verbindungstechnik\" \/>\n<meta property=\"article:publisher\" content=\"https:\/\/www.facebook.com\/GIECO.Holz\/\" \/>\n<meta property=\"article:modified_time\" content=\"2022-01-16T18:12:01+00:00\" \/>\n<meta property=\"og:image\" content=\"https:\/\/www.gieco-holz.de\/cms\/wp-content\/uploads\/2015\/02\/Schaukelhaken-M-12.jpg\" \/>\n\t<meta property=\"og:image:width\" content=\"600\" \/>\n\t<meta property=\"og:image:height\" content=\"600\" \/>\n\t<meta property=\"og:image:type\" content=\"image\/jpeg\" \/>\n<meta name=\"twitter:card\" content=\"summary_large_image\" \/>\n<script type=\"application\/ld+json\" class=\"yoast-schema-graph\">{\"@context\":\"https:\/\/schema.org\",\"@graph\":[{\"@type\":\"WebPage\",\"@id\":\"https:\/\/www.gieco-holz.de\/cms\/produkt\/schaukelaufhaengung-mit-karabinerhaken\/\",\"url\":\"https:\/\/www.gieco-holz.de\/cms\/produkt\/schaukelaufhaengung-mit-karabinerhaken\/\",\"name\":\"Schaukelaufh\u00e4ngung mit Karabinerhaken - GIECO Holz und Verbindungstechnik\",\"isPartOf\":{\"@id\":\"https:\/\/www.gieco-holz.de\/cms\/#website\"},\"datePublished\":\"2015-02-26T08:48:23+00:00\",\"dateModified\":\"2022-01-16T18:12:01+00:00\",\"breadcrumb\":{\"@id\":\"https:\/\/www.gieco-holz.de\/cms\/produkt\/schaukelaufhaengung-mit-karabinerhaken\/#breadcrumb\"},\"inLanguage\":\"de-DE\",\"potentialAction\":[{\"@type\":\"ReadAction\",\"target\":[\"https:\/\/www.gieco-holz.de\/cms\/produkt\/schaukelaufhaengung-mit-karabinerhaken\/\"]}]},{\"@type\":\"BreadcrumbList\",\"@id\":\"https:\/\/www.gieco-holz.de\/cms\/produkt\/schaukelaufhaengung-mit-karabinerhaken\/#breadcrumb\",\"itemListElement\":[{\"@type\":\"ListItem\",\"position\":1,\"name\":\"Startseite\",\"item\":\"https:\/\/www.gieco-holz.de\/cms\/\"},{\"@type\":\"ListItem\",\"position\":2,\"name\":\"Katalog\",\"item\":\"https:\/\/www.gieco-holz.de\/cms\/shop\/\"},{\"@type\":\"ListItem\",\"position\":3,\"name\":\"Schaukelaufh\u00e4ngung mit Karabinerhaken\"}]},{\"@type\":\"WebSite\",\"@id\":\"https:\/\/www.gieco-holz.de\/cms\/#website\",\"url\":\"https:\/\/www.gieco-holz.de\/cms\/\",\"name\":\"GIECO Holz und Verbindungstechnik\",\"description\":\"Blockh\u00e4user, Carports, Terrassen, Z\u00e4une, Sichtschutz, Gartenholz, Verkaufsh\u00e4user, Schrauben und Spielger\u00e4te\",\"potentialAction\":[{\"@type\":\"SearchAction\",\"target\":{\"@type\":\"EntryPoint\",\"urlTemplate\":\"https:\/\/www.gieco-holz.de\/cms\/?s={search_term_string}\"},\"query-input\":\"required name=search_term_string\"}],\"inLanguage\":\"de-DE\"}]}<\/script>\n<!-- \/ Yoast SEO plugin. -->","yoast_head_json":{"title":"Schaukelaufh\u00e4ngung mit Karabinerhaken - GIECO Holz und Verbindungstechnik","robots":{"index":"index","follow":"follow","max-snippet":"max-snippet:-1","max-image-preview":"max-image-preview:large","max-video-preview":"max-video-preview:-1"},"canonical":"https:\/\/www.gieco-holz.de\/cms\/produkt\/schaukelaufhaengung-mit-karabinerhaken\/","og_locale":"de_DE","og_type":"article","og_title":"Schaukelaufh\u00e4ngung mit Karabinerhaken - GIECO Holz und Verbindungstechnik","og_description":"Schaukelaufh\u00e4ngung mit Karabinerhaken f\u00fcr Rund- und Kantholz geeignet. Zum Einh\u00e4ngen von Schaukelsitzen, Kletterseilen und vielen weiteren Artikeln aus unserem Schaukelsortiment.","og_url":"https:\/\/www.gieco-holz.de\/cms\/produkt\/schaukelaufhaengung-mit-karabinerhaken\/","og_site_name":"GIECO Holz und Verbindungstechnik","article_publisher":"https:\/\/www.facebook.com\/GIECO.Holz\/","article_modified_time":"2022-01-16T18:12:01+00:00","og_image":[{"width":600,"height":600,"url":"https:\/\/www.gieco-holz.de\/cms\/wp-content\/uploads\/2015\/02\/Schaukelhaken-M-12.jpg","type":"image\/jpeg"}],"twitter_card":"summary_large_image","schema":{"@context":"https:\/\/schema.org","@graph":[{"@type":"WebPage","@id":"https:\/\/www.gieco-holz.de\/cms\/produkt\/schaukelaufhaengung-mit-karabinerhaken\/","url":"https:\/\/www.gieco-holz.de\/cms\/produkt\/schaukelaufhaengung-mit-karabinerhaken\/","name":"Schaukelaufh\u00e4ngung mit Karabinerhaken - GIECO Holz und Verbindungstechnik","isPartOf":{"@id":"https:\/\/www.gieco-holz.de\/cms\/#website"},"datePublished":"2015-02-26T08:48:23+00:00","dateModified":"2022-01-16T18:12:01+00:00","breadcrumb":{"@id":"https:\/\/www.gieco-holz.de\/cms\/produkt\/schaukelaufhaengung-mit-karabinerhaken\/#breadcrumb"},"inLanguage":"de-DE","potentialAction":[{"@type":"ReadAction","target":["https:\/\/www.gieco-holz.de\/cms\/produkt\/schaukelaufhaengung-mit-karabinerhaken\/"]}]},{"@type":"BreadcrumbList","@id":"https:\/\/www.gieco-holz.de\/cms\/produkt\/schaukelaufhaengung-mit-karabinerhaken\/#breadcrumb","itemListElement":[{"@type":"ListItem","position":1,"name":"Startseite","item":"https:\/\/www.gieco-holz.de\/cms\/"},{"@type":"ListItem","position":2,"name":"Katalog","item":"https:\/\/www.gieco-holz.de\/cms\/shop\/"},{"@type":"ListItem","position":3,"name":"Schaukelaufh\u00e4ngung mit Karabinerhaken"}]},{"@type":"WebSite","@id":"https:\/\/www.gieco-holz.de\/cms\/#website","url":"https:\/\/www.gieco-holz.de\/cms\/","name":"GIECO Holz und Verbindungstechnik","description":"Blockh\u00e4user, Carports, Terrassen, Z\u00e4une, Sichtschutz, Gartenholz, Verkaufsh\u00e4user, Schrauben und Spielger\u00e4te","potentialAction":[{"@type":"SearchAction","target":{"@type":"EntryPoint","urlTemplate":"https:\/\/www.gieco-holz.de\/cms\/?s={search_term_string}"},"query-input":"required name=search_term_string"}],"inLanguage":"de-DE"}]}},"_links":{"self":[{"href":"https:\/\/www.gieco-holz.de\/cms\/wp-json\/wp\/v2\/product\/616"}],"collection":[{"href":"https:\/\/www.gieco-holz.de\/cms\/wp-json\/wp\/v2\/product"}],"about":[{"href":"https:\/\/www.gieco-holz.de\/cms\/wp-json\/wp\/v2\/types\/product"}],"wp:featuredmedia":[{"embeddable":true,"href":"https:\/\/www.gieco-holz.de\/cms\/wp-json\/wp\/v2\/media\/613"}],"wp:attachment":[{"href":"https:\/\/www.gieco-holz.de\/cms\/wp-json\/wp\/v2\/media?parent=616"}],"curies":[{"name":"wp","href":"https:\/\/api.w.org\/{rel}","templated":true}]}}