{"id":545,"date":"2015-02-25T12:14:03","date_gmt":"2015-02-25T12:14:03","guid":{"rendered":"http:\/\/gieco-holz.de\/cms\/produkt\/schaukelsitz-aus-gummi-mit-seil\/"},"modified":"2022-01-16T19:12:02","modified_gmt":"2022-01-16T18:12:02","slug":"schaukelsitz-aus-gummi-mit-seil","status":"publish","type":"product","link":"https:\/\/www.gieco-holz.de\/cms\/produkt\/schaukelsitz-aus-gummi-mit-seil\/","title":{"rendered":"Schaukelsitz aus Gummi mit Seil"},"content":{"rendered":"<p><strong>Schaukelsitz aus Gummi mit Seilaufh\u00e4ngung<br \/>\n<\/strong><\/p>\n<p><strong>Lieferumfang:<\/strong><\/p>\n<ul>\n<li>Breite 45 cm<\/li>\n<li>Tiefe 18 cm<\/li>\n<li>Gummi schwarz<\/li>\n<li>Seilaufh\u00e4ngung PP 10mm<\/li>\n<li>maximale Schaukelbalkenh\u00f6he 300 cm<\/li>\n<li>neu und original verpackt<\/li>\n<\/ul>\n<p><strong>Warnhinweise lt. EU-Verordnung:<\/strong><\/p>\n<ul>\n<li>Nur f\u00fcr den privaten Hausgebrauch<\/li>\n<li>Nur f\u00fcr Kinder von 3 &#8211; 14 Jahren<\/li>\n<li>Benutzung nur unter Aufsicht von Erwachsenen<\/li>\n<\/ul>\n","protected":false},"excerpt":{"rendered":"<p>Der Schaukelsitz aus Gummi ist 45 x 18\u00a0 cm gro\u00df und besonders stabil. F\u00fcr Schaukeln mit einem Schaukelbalken bis zu einer H\u00f6he von <strong>300<\/strong> cm verwendbar. Die Aufh\u00e4ngung besteht aus PP-Seilen 10mm stark.<\/p>\n","protected":false},"featured_media":447,"template":"","meta":[],"yoast_head":"<!-- This site is optimized with the Yoast SEO plugin v19.8 - https:\/\/yoast.com\/wordpress\/plugins\/seo\/ -->\n<title>Schaukelsitz aus Gummi mit Seil - GIECO Holz und Verbindungstechnik<\/title>\n<meta name=\"robots\" content=\"index, follow, max-snippet:-1, max-image-preview:large, max-video-preview:-1\" \/>\n<link rel=\"canonical\" href=\"https:\/\/www.gieco-holz.de\/cms\/produkt\/schaukelsitz-aus-gummi-mit-seil\/\" \/>\n<meta property=\"og:locale\" content=\"de_DE\" \/>\n<meta property=\"og:type\" content=\"article\" \/>\n<meta property=\"og:title\" content=\"Schaukelsitz aus Gummi mit Seil - GIECO Holz und Verbindungstechnik\" \/>\n<meta property=\"og:description\" content=\"Der Schaukelsitz aus Gummi ist 45 x 18\u00a0 cm gro\u00df und besonders stabil. F\u00fcr Schaukeln mit einem Schaukelbalken bis zu einer H\u00f6he von 300 cm verwendbar. Die Aufh\u00e4ngung besteht aus PP-Seilen 10mm stark.\" \/>\n<meta property=\"og:url\" content=\"https:\/\/www.gieco-holz.de\/cms\/produkt\/schaukelsitz-aus-gummi-mit-seil\/\" \/>\n<meta property=\"og:site_name\" content=\"GIECO Holz und Verbindungstechnik\" \/>\n<meta property=\"article:publisher\" content=\"https:\/\/www.facebook.com\/GIECO.Holz\/\" \/>\n<meta property=\"article:modified_time\" content=\"2022-01-16T18:12:02+00:00\" \/>\n<meta property=\"og:image\" content=\"https:\/\/www.gieco-holz.de\/cms\/wp-content\/uploads\/2015\/02\/Sitz-Gummi.jpg\" \/>\n\t<meta property=\"og:image:width\" content=\"800\" \/>\n\t<meta property=\"og:image:height\" content=\"533\" \/>\n\t<meta property=\"og:image:type\" content=\"image\/jpeg\" \/>\n<meta name=\"twitter:card\" content=\"summary_large_image\" \/>\n<script type=\"application\/ld+json\" class=\"yoast-schema-graph\">{\"@context\":\"https:\/\/schema.org\",\"@graph\":[{\"@type\":\"WebPage\",\"@id\":\"https:\/\/www.gieco-holz.de\/cms\/produkt\/schaukelsitz-aus-gummi-mit-seil\/\",\"url\":\"https:\/\/www.gieco-holz.de\/cms\/produkt\/schaukelsitz-aus-gummi-mit-seil\/\",\"name\":\"Schaukelsitz aus Gummi mit Seil - GIECO Holz und Verbindungstechnik\",\"isPartOf\":{\"@id\":\"https:\/\/www.gieco-holz.de\/cms\/#website\"},\"datePublished\":\"2015-02-25T12:14:03+00:00\",\"dateModified\":\"2022-01-16T18:12:02+00:00\",\"breadcrumb\":{\"@id\":\"https:\/\/www.gieco-holz.de\/cms\/produkt\/schaukelsitz-aus-gummi-mit-seil\/#breadcrumb\"},\"inLanguage\":\"de-DE\",\"potentialAction\":[{\"@type\":\"ReadAction\",\"target\":[\"https:\/\/www.gieco-holz.de\/cms\/produkt\/schaukelsitz-aus-gummi-mit-seil\/\"]}]},{\"@type\":\"BreadcrumbList\",\"@id\":\"https:\/\/www.gieco-holz.de\/cms\/produkt\/schaukelsitz-aus-gummi-mit-seil\/#breadcrumb\",\"itemListElement\":[{\"@type\":\"ListItem\",\"position\":1,\"name\":\"Startseite\",\"item\":\"https:\/\/www.gieco-holz.de\/cms\/\"},{\"@type\":\"ListItem\",\"position\":2,\"name\":\"Katalog\",\"item\":\"https:\/\/www.gieco-holz.de\/cms\/shop\/\"},{\"@type\":\"ListItem\",\"position\":3,\"name\":\"Schaukelsitz aus Gummi mit Seil\"}]},{\"@type\":\"WebSite\",\"@id\":\"https:\/\/www.gieco-holz.de\/cms\/#website\",\"url\":\"https:\/\/www.gieco-holz.de\/cms\/\",\"name\":\"GIECO Holz und Verbindungstechnik\",\"description\":\"Blockh\u00e4user, Carports, Terrassen, Z\u00e4une, Sichtschutz, Gartenholz, Verkaufsh\u00e4user, Schrauben und Spielger\u00e4te\",\"potentialAction\":[{\"@type\":\"SearchAction\",\"target\":{\"@type\":\"EntryPoint\",\"urlTemplate\":\"https:\/\/www.gieco-holz.de\/cms\/?s={search_term_string}\"},\"query-input\":\"required name=search_term_string\"}],\"inLanguage\":\"de-DE\"}]}<\/script>\n<!-- \/ Yoast SEO plugin. -->","yoast_head_json":{"title":"Schaukelsitz aus Gummi mit Seil - GIECO Holz und Verbindungstechnik","robots":{"index":"index","follow":"follow","max-snippet":"max-snippet:-1","max-image-preview":"max-image-preview:large","max-video-preview":"max-video-preview:-1"},"canonical":"https:\/\/www.gieco-holz.de\/cms\/produkt\/schaukelsitz-aus-gummi-mit-seil\/","og_locale":"de_DE","og_type":"article","og_title":"Schaukelsitz aus Gummi mit Seil - GIECO Holz und Verbindungstechnik","og_description":"Der Schaukelsitz aus Gummi ist 45 x 18\u00a0 cm gro\u00df und besonders stabil. F\u00fcr Schaukeln mit einem Schaukelbalken bis zu einer H\u00f6he von 300 cm verwendbar. Die Aufh\u00e4ngung besteht aus PP-Seilen 10mm stark.","og_url":"https:\/\/www.gieco-holz.de\/cms\/produkt\/schaukelsitz-aus-gummi-mit-seil\/","og_site_name":"GIECO Holz und Verbindungstechnik","article_publisher":"https:\/\/www.facebook.com\/GIECO.Holz\/","article_modified_time":"2022-01-16T18:12:02+00:00","og_image":[{"width":800,"height":533,"url":"https:\/\/www.gieco-holz.de\/cms\/wp-content\/uploads\/2015\/02\/Sitz-Gummi.jpg","type":"image\/jpeg"}],"twitter_card":"summary_large_image","schema":{"@context":"https:\/\/schema.org","@graph":[{"@type":"WebPage","@id":"https:\/\/www.gieco-holz.de\/cms\/produkt\/schaukelsitz-aus-gummi-mit-seil\/","url":"https:\/\/www.gieco-holz.de\/cms\/produkt\/schaukelsitz-aus-gummi-mit-seil\/","name":"Schaukelsitz aus Gummi mit Seil - GIECO Holz und Verbindungstechnik","isPartOf":{"@id":"https:\/\/www.gieco-holz.de\/cms\/#website"},"datePublished":"2015-02-25T12:14:03+00:00","dateModified":"2022-01-16T18:12:02+00:00","breadcrumb":{"@id":"https:\/\/www.gieco-holz.de\/cms\/produkt\/schaukelsitz-aus-gummi-mit-seil\/#breadcrumb"},"inLanguage":"de-DE","potentialAction":[{"@type":"ReadAction","target":["https:\/\/www.gieco-holz.de\/cms\/produkt\/schaukelsitz-aus-gummi-mit-seil\/"]}]},{"@type":"BreadcrumbList","@id":"https:\/\/www.gieco-holz.de\/cms\/produkt\/schaukelsitz-aus-gummi-mit-seil\/#breadcrumb","itemListElement":[{"@type":"ListItem","position":1,"name":"Startseite","item":"https:\/\/www.gieco-holz.de\/cms\/"},{"@type":"ListItem","position":2,"name":"Katalog","item":"https:\/\/www.gieco-holz.de\/cms\/shop\/"},{"@type":"ListItem","position":3,"name":"Schaukelsitz aus Gummi mit Seil"}]},{"@type":"WebSite","@id":"https:\/\/www.gieco-holz.de\/cms\/#website","url":"https:\/\/www.gieco-holz.de\/cms\/","name":"GIECO Holz und Verbindungstechnik","description":"Blockh\u00e4user, Carports, Terrassen, Z\u00e4une, Sichtschutz, Gartenholz, Verkaufsh\u00e4user, Schrauben und Spielger\u00e4te","potentialAction":[{"@type":"SearchAction","target":{"@type":"EntryPoint","urlTemplate":"https:\/\/www.gieco-holz.de\/cms\/?s={search_term_string}"},"query-input":"required name=search_term_string"}],"inLanguage":"de-DE"}]}},"_links":{"self":[{"href":"https:\/\/www.gieco-holz.de\/cms\/wp-json\/wp\/v2\/product\/545"}],"collection":[{"href":"https:\/\/www.gieco-holz.de\/cms\/wp-json\/wp\/v2\/product"}],"about":[{"href":"https:\/\/www.gieco-holz.de\/cms\/wp-json\/wp\/v2\/types\/product"}],"wp:featuredmedia":[{"embeddable":true,"href":"https:\/\/www.gieco-holz.de\/cms\/wp-json\/wp\/v2\/media\/447"}],"wp:attachment":[{"href":"https:\/\/www.gieco-holz.de\/cms\/wp-json\/wp\/v2\/media?parent=545"}],"curies":[{"name":"wp","href":"https:\/\/api.w.org\/{rel}","templated":true}]}}