{"id":533,"date":"2015-02-25T11:22:54","date_gmt":"2015-02-25T11:22:54","guid":{"rendered":"http:\/\/gieco-holz.de\/cms\/produkt\/turnringe\/"},"modified":"2022-01-16T19:12:02","modified_gmt":"2022-01-16T18:12:02","slug":"turnringe","status":"publish","type":"product","link":"https:\/\/www.gieco-holz.de\/cms\/produkt\/turnringe\/","title":{"rendered":"Turnringe"},"content":{"rendered":"<p><strong>Turnringe aus Metall<br \/>\n<\/strong><\/p>\n<p><strong>Lieferumfang:<\/strong><\/p>\n<ul>\n<li>Ringe aus Metall mit Kunststoff \u00d8 13cm<\/li>\n<li>Seile aus PP (Polyproplen) 10 mm stark<\/li>\n<li>maximale Schaukelbalkenh\u00f6he 250 cm<\/li>\n<li>bis 80 kg belastbar<\/li>\n<li>neu und original verpackt<\/li>\n<\/ul>\n<p><strong>Warnhinweise lt. EU-Verordnung:<\/strong><\/p>\n<ul>\n<li>Nur f\u00fcr den privaten Hausgebrauch<\/li>\n<li>Nur f\u00fcr Kinder von 3 &#8211; 14 Jahren<\/li>\n<li>Benutzung nur unter Aufsicht von Erwachsenen<\/li>\n<\/ul>\n","protected":false},"excerpt":{"rendered":"<p>Viel Spa\u00df beim Turnen und Schaukeln! Die stabilen Metallringe sind im Durchmesser 13cm gro\u00df und mit Kunststoff \u00fcberzogen. F\u00fcr Schaukeln mit einem Schaukelbalken bis zu einer H\u00f6he von 250 cm verwendbar. Die Aufh\u00e4ngung ist aus Kunststoffseilen PP 10 mm stark.<\/p>\n<p style=\"text-align: center;\"><strong>Dieser Artikel ist leider ausverkauft<\/strong><\/p>\n","protected":false},"featured_media":607,"template":"","meta":[],"yoast_head":"<!-- This site is optimized with the Yoast SEO plugin v19.8 - https:\/\/yoast.com\/wordpress\/plugins\/seo\/ -->\n<title>Turnringe - GIECO Holz und Verbindungstechnik<\/title>\n<meta name=\"robots\" content=\"index, follow, max-snippet:-1, max-image-preview:large, max-video-preview:-1\" \/>\n<link rel=\"canonical\" href=\"https:\/\/www.gieco-holz.de\/cms\/produkt\/turnringe\/\" \/>\n<meta property=\"og:locale\" content=\"de_DE\" \/>\n<meta property=\"og:type\" content=\"article\" \/>\n<meta property=\"og:title\" content=\"Turnringe - GIECO Holz und Verbindungstechnik\" \/>\n<meta property=\"og:description\" content=\"Viel Spa\u00df beim Turnen und Schaukeln! Die stabilen Metallringe sind im Durchmesser 13cm gro\u00df und mit Kunststoff \u00fcberzogen. F\u00fcr Schaukeln mit einem Schaukelbalken bis zu einer H\u00f6he von 250 cm verwendbar. Die Aufh\u00e4ngung ist aus Kunststoffseilen PP 10 mm stark. Dieser Artikel ist leider ausverkauft\" \/>\n<meta property=\"og:url\" content=\"https:\/\/www.gieco-holz.de\/cms\/produkt\/turnringe\/\" \/>\n<meta property=\"og:site_name\" content=\"GIECO Holz und Verbindungstechnik\" \/>\n<meta property=\"article:publisher\" content=\"https:\/\/www.facebook.com\/GIECO.Holz\/\" \/>\n<meta property=\"article:modified_time\" content=\"2022-01-16T18:12:02+00:00\" \/>\n<meta property=\"og:image\" content=\"https:\/\/www.gieco-holz.de\/cms\/wp-content\/uploads\/2015\/02\/turnringen-metaal.jpg\" \/>\n\t<meta property=\"og:image:width\" content=\"800\" \/>\n\t<meta property=\"og:image:height\" content=\"800\" \/>\n\t<meta property=\"og:image:type\" content=\"image\/jpeg\" \/>\n<meta name=\"twitter:card\" content=\"summary_large_image\" \/>\n<script type=\"application\/ld+json\" class=\"yoast-schema-graph\">{\"@context\":\"https:\/\/schema.org\",\"@graph\":[{\"@type\":\"WebPage\",\"@id\":\"https:\/\/www.gieco-holz.de\/cms\/produkt\/turnringe\/\",\"url\":\"https:\/\/www.gieco-holz.de\/cms\/produkt\/turnringe\/\",\"name\":\"Turnringe - GIECO Holz und Verbindungstechnik\",\"isPartOf\":{\"@id\":\"https:\/\/www.gieco-holz.de\/cms\/#website\"},\"datePublished\":\"2015-02-25T11:22:54+00:00\",\"dateModified\":\"2022-01-16T18:12:02+00:00\",\"breadcrumb\":{\"@id\":\"https:\/\/www.gieco-holz.de\/cms\/produkt\/turnringe\/#breadcrumb\"},\"inLanguage\":\"de-DE\",\"potentialAction\":[{\"@type\":\"ReadAction\",\"target\":[\"https:\/\/www.gieco-holz.de\/cms\/produkt\/turnringe\/\"]}]},{\"@type\":\"BreadcrumbList\",\"@id\":\"https:\/\/www.gieco-holz.de\/cms\/produkt\/turnringe\/#breadcrumb\",\"itemListElement\":[{\"@type\":\"ListItem\",\"position\":1,\"name\":\"Startseite\",\"item\":\"https:\/\/www.gieco-holz.de\/cms\/\"},{\"@type\":\"ListItem\",\"position\":2,\"name\":\"Katalog\",\"item\":\"https:\/\/www.gieco-holz.de\/cms\/shop\/\"},{\"@type\":\"ListItem\",\"position\":3,\"name\":\"Turnringe\"}]},{\"@type\":\"WebSite\",\"@id\":\"https:\/\/www.gieco-holz.de\/cms\/#website\",\"url\":\"https:\/\/www.gieco-holz.de\/cms\/\",\"name\":\"GIECO Holz und Verbindungstechnik\",\"description\":\"Blockh\u00e4user, Carports, Terrassen, Z\u00e4une, Sichtschutz, Gartenholz, Verkaufsh\u00e4user, Schrauben und Spielger\u00e4te\",\"potentialAction\":[{\"@type\":\"SearchAction\",\"target\":{\"@type\":\"EntryPoint\",\"urlTemplate\":\"https:\/\/www.gieco-holz.de\/cms\/?s={search_term_string}\"},\"query-input\":\"required name=search_term_string\"}],\"inLanguage\":\"de-DE\"}]}<\/script>\n<!-- \/ Yoast SEO plugin. -->","yoast_head_json":{"title":"Turnringe - GIECO Holz und Verbindungstechnik","robots":{"index":"index","follow":"follow","max-snippet":"max-snippet:-1","max-image-preview":"max-image-preview:large","max-video-preview":"max-video-preview:-1"},"canonical":"https:\/\/www.gieco-holz.de\/cms\/produkt\/turnringe\/","og_locale":"de_DE","og_type":"article","og_title":"Turnringe - GIECO Holz und Verbindungstechnik","og_description":"Viel Spa\u00df beim Turnen und Schaukeln! Die stabilen Metallringe sind im Durchmesser 13cm gro\u00df und mit Kunststoff \u00fcberzogen. F\u00fcr Schaukeln mit einem Schaukelbalken bis zu einer H\u00f6he von 250 cm verwendbar. Die Aufh\u00e4ngung ist aus Kunststoffseilen PP 10 mm stark. Dieser Artikel ist leider ausverkauft","og_url":"https:\/\/www.gieco-holz.de\/cms\/produkt\/turnringe\/","og_site_name":"GIECO Holz und Verbindungstechnik","article_publisher":"https:\/\/www.facebook.com\/GIECO.Holz\/","article_modified_time":"2022-01-16T18:12:02+00:00","og_image":[{"width":800,"height":800,"url":"https:\/\/www.gieco-holz.de\/cms\/wp-content\/uploads\/2015\/02\/turnringen-metaal.jpg","type":"image\/jpeg"}],"twitter_card":"summary_large_image","schema":{"@context":"https:\/\/schema.org","@graph":[{"@type":"WebPage","@id":"https:\/\/www.gieco-holz.de\/cms\/produkt\/turnringe\/","url":"https:\/\/www.gieco-holz.de\/cms\/produkt\/turnringe\/","name":"Turnringe - GIECO Holz und Verbindungstechnik","isPartOf":{"@id":"https:\/\/www.gieco-holz.de\/cms\/#website"},"datePublished":"2015-02-25T11:22:54+00:00","dateModified":"2022-01-16T18:12:02+00:00","breadcrumb":{"@id":"https:\/\/www.gieco-holz.de\/cms\/produkt\/turnringe\/#breadcrumb"},"inLanguage":"de-DE","potentialAction":[{"@type":"ReadAction","target":["https:\/\/www.gieco-holz.de\/cms\/produkt\/turnringe\/"]}]},{"@type":"BreadcrumbList","@id":"https:\/\/www.gieco-holz.de\/cms\/produkt\/turnringe\/#breadcrumb","itemListElement":[{"@type":"ListItem","position":1,"name":"Startseite","item":"https:\/\/www.gieco-holz.de\/cms\/"},{"@type":"ListItem","position":2,"name":"Katalog","item":"https:\/\/www.gieco-holz.de\/cms\/shop\/"},{"@type":"ListItem","position":3,"name":"Turnringe"}]},{"@type":"WebSite","@id":"https:\/\/www.gieco-holz.de\/cms\/#website","url":"https:\/\/www.gieco-holz.de\/cms\/","name":"GIECO Holz und Verbindungstechnik","description":"Blockh\u00e4user, Carports, Terrassen, Z\u00e4une, Sichtschutz, Gartenholz, Verkaufsh\u00e4user, Schrauben und Spielger\u00e4te","potentialAction":[{"@type":"SearchAction","target":{"@type":"EntryPoint","urlTemplate":"https:\/\/www.gieco-holz.de\/cms\/?s={search_term_string}"},"query-input":"required name=search_term_string"}],"inLanguage":"de-DE"}]}},"_links":{"self":[{"href":"https:\/\/www.gieco-holz.de\/cms\/wp-json\/wp\/v2\/product\/533"}],"collection":[{"href":"https:\/\/www.gieco-holz.de\/cms\/wp-json\/wp\/v2\/product"}],"about":[{"href":"https:\/\/www.gieco-holz.de\/cms\/wp-json\/wp\/v2\/types\/product"}],"wp:featuredmedia":[{"embeddable":true,"href":"https:\/\/www.gieco-holz.de\/cms\/wp-json\/wp\/v2\/media\/607"}],"wp:attachment":[{"href":"https:\/\/www.gieco-holz.de\/cms\/wp-json\/wp\/v2\/media?parent=533"}],"curies":[{"name":"wp","href":"https:\/\/api.w.org\/{rel}","templated":true}]}}