{"id":454,"date":"2015-02-23T05:32:20","date_gmt":"2015-02-23T05:32:20","guid":{"rendered":"http:\/\/gieco-holz.de\/cms\/produkt\/verkaufshuette-florian\/"},"modified":"2022-01-16T19:12:02","modified_gmt":"2022-01-16T18:12:02","slug":"verkaufshuette-florian","status":"publish","type":"product","link":"https:\/\/www.gieco-holz.de\/cms\/produkt\/verkaufshuette-florian\/","title":{"rendered":"Verkaufsh\u00fctte Florian mit Verkaufsklappe"},"content":{"rendered":"<p><strong>Verkaufsh\u00fctte Florian mit Pultdach<\/strong><\/p>\n<p><strong>Artikelbeschreibung &#8211; Lieferumfang:<\/strong><\/p>\n<ul>\n<li><strong>Breite 230 cm<\/strong><\/li>\n<li><strong>Tiefe 150 cm<\/strong><\/li>\n<li><strong>H\u00f6he vorn 210 cm<\/strong><\/li>\n<li><strong>H\u00f6he hinten 190 cm<\/strong><\/li>\n<li><strong>Bretter 19 mm stark, roh unbehandelt<\/strong><\/li>\n<li>T\u00fcr 80 x 190 cm an einer Seite<\/li>\n<li>Verkaufsklappe vorn 90 x 160 cm nach au\u00dfen<\/li>\n<li>Fu\u00dfboden aus OSB-Platten, alternativ Siebdruck-Platten gegen Aufpreis<\/li>\n<li>Planendach aus LKW Plane (Farbe nach Wahl)<\/li>\n<li>Transport- und Lagerpalette<\/li>\n<li>alle Schrauben (schneller Auf- und Abbau ohne Werkzeug)<\/li>\n<li>Aufbauanleitung<\/li>\n<\/ul>\n","protected":false},"excerpt":{"rendered":"<p>Die Verkaufsh\u00fctte Florian ist eine kleine Verkaufsh\u00fctte, die f\u00fcr den schnellen Auf- und Abbau ausgelegt ist. Die stabile Dachplane liefern wir in verschiedenen RAL &#8211; Farben.<\/p>\n","protected":false},"featured_media":455,"template":"","meta":[],"yoast_head":"<!-- This site is optimized with the Yoast SEO plugin v19.8 - https:\/\/yoast.com\/wordpress\/plugins\/seo\/ -->\n<title>Verkaufsh\u00fctte Florian mit Verkaufsklappe - GIECO Holz und Verbindungstechnik<\/title>\n<meta name=\"robots\" content=\"index, follow, max-snippet:-1, max-image-preview:large, max-video-preview:-1\" \/>\n<link rel=\"canonical\" href=\"https:\/\/www.gieco-holz.de\/cms\/produkt\/verkaufshuette-florian\/\" \/>\n<meta property=\"og:locale\" content=\"de_DE\" \/>\n<meta property=\"og:type\" content=\"article\" \/>\n<meta property=\"og:title\" content=\"Verkaufsh\u00fctte Florian mit Verkaufsklappe - GIECO Holz und Verbindungstechnik\" \/>\n<meta property=\"og:description\" content=\"Die Verkaufsh\u00fctte Florian ist eine kleine Verkaufsh\u00fctte, die f\u00fcr den schnellen Auf- und Abbau ausgelegt ist. Die stabile Dachplane liefern wir in verschiedenen RAL - Farben.\" \/>\n<meta property=\"og:url\" content=\"https:\/\/www.gieco-holz.de\/cms\/produkt\/verkaufshuette-florian\/\" \/>\n<meta property=\"og:site_name\" content=\"GIECO Holz und Verbindungstechnik\" \/>\n<meta property=\"article:publisher\" content=\"https:\/\/www.facebook.com\/GIECO.Holz\/\" \/>\n<meta property=\"article:modified_time\" content=\"2022-01-16T18:12:02+00:00\" \/>\n<meta property=\"og:image\" content=\"https:\/\/www.gieco-holz.de\/cms\/wp-content\/uploads\/2015\/02\/Florian-auf-roh-1-klein.jpg\" \/>\n\t<meta property=\"og:image:width\" content=\"607\" \/>\n\t<meta property=\"og:image:height\" content=\"527\" \/>\n\t<meta property=\"og:image:type\" content=\"image\/jpeg\" \/>\n<meta name=\"twitter:card\" content=\"summary_large_image\" \/>\n<script type=\"application\/ld+json\" class=\"yoast-schema-graph\">{\"@context\":\"https:\/\/schema.org\",\"@graph\":[{\"@type\":\"WebPage\",\"@id\":\"https:\/\/www.gieco-holz.de\/cms\/produkt\/verkaufshuette-florian\/\",\"url\":\"https:\/\/www.gieco-holz.de\/cms\/produkt\/verkaufshuette-florian\/\",\"name\":\"Verkaufsh\u00fctte Florian mit Verkaufsklappe - GIECO Holz und Verbindungstechnik\",\"isPartOf\":{\"@id\":\"https:\/\/www.gieco-holz.de\/cms\/#website\"},\"datePublished\":\"2015-02-23T05:32:20+00:00\",\"dateModified\":\"2022-01-16T18:12:02+00:00\",\"breadcrumb\":{\"@id\":\"https:\/\/www.gieco-holz.de\/cms\/produkt\/verkaufshuette-florian\/#breadcrumb\"},\"inLanguage\":\"de-DE\",\"potentialAction\":[{\"@type\":\"ReadAction\",\"target\":[\"https:\/\/www.gieco-holz.de\/cms\/produkt\/verkaufshuette-florian\/\"]}]},{\"@type\":\"BreadcrumbList\",\"@id\":\"https:\/\/www.gieco-holz.de\/cms\/produkt\/verkaufshuette-florian\/#breadcrumb\",\"itemListElement\":[{\"@type\":\"ListItem\",\"position\":1,\"name\":\"Startseite\",\"item\":\"https:\/\/www.gieco-holz.de\/cms\/\"},{\"@type\":\"ListItem\",\"position\":2,\"name\":\"Katalog\",\"item\":\"https:\/\/www.gieco-holz.de\/cms\/shop\/\"},{\"@type\":\"ListItem\",\"position\":3,\"name\":\"Verkaufsh\u00fctte Florian mit Verkaufsklappe\"}]},{\"@type\":\"WebSite\",\"@id\":\"https:\/\/www.gieco-holz.de\/cms\/#website\",\"url\":\"https:\/\/www.gieco-holz.de\/cms\/\",\"name\":\"GIECO Holz und Verbindungstechnik\",\"description\":\"Blockh\u00e4user, Carports, Terrassen, Z\u00e4une, Sichtschutz, Gartenholz, Verkaufsh\u00e4user, Schrauben und Spielger\u00e4te\",\"potentialAction\":[{\"@type\":\"SearchAction\",\"target\":{\"@type\":\"EntryPoint\",\"urlTemplate\":\"https:\/\/www.gieco-holz.de\/cms\/?s={search_term_string}\"},\"query-input\":\"required name=search_term_string\"}],\"inLanguage\":\"de-DE\"}]}<\/script>\n<!-- \/ Yoast SEO plugin. -->","yoast_head_json":{"title":"Verkaufsh\u00fctte Florian mit Verkaufsklappe - GIECO Holz und Verbindungstechnik","robots":{"index":"index","follow":"follow","max-snippet":"max-snippet:-1","max-image-preview":"max-image-preview:large","max-video-preview":"max-video-preview:-1"},"canonical":"https:\/\/www.gieco-holz.de\/cms\/produkt\/verkaufshuette-florian\/","og_locale":"de_DE","og_type":"article","og_title":"Verkaufsh\u00fctte Florian mit Verkaufsklappe - GIECO Holz und Verbindungstechnik","og_description":"Die Verkaufsh\u00fctte Florian ist eine kleine Verkaufsh\u00fctte, die f\u00fcr den schnellen Auf- und Abbau ausgelegt ist. Die stabile Dachplane liefern wir in verschiedenen RAL - Farben.","og_url":"https:\/\/www.gieco-holz.de\/cms\/produkt\/verkaufshuette-florian\/","og_site_name":"GIECO Holz und Verbindungstechnik","article_publisher":"https:\/\/www.facebook.com\/GIECO.Holz\/","article_modified_time":"2022-01-16T18:12:02+00:00","og_image":[{"width":607,"height":527,"url":"https:\/\/www.gieco-holz.de\/cms\/wp-content\/uploads\/2015\/02\/Florian-auf-roh-1-klein.jpg","type":"image\/jpeg"}],"twitter_card":"summary_large_image","schema":{"@context":"https:\/\/schema.org","@graph":[{"@type":"WebPage","@id":"https:\/\/www.gieco-holz.de\/cms\/produkt\/verkaufshuette-florian\/","url":"https:\/\/www.gieco-holz.de\/cms\/produkt\/verkaufshuette-florian\/","name":"Verkaufsh\u00fctte Florian mit Verkaufsklappe - GIECO Holz und Verbindungstechnik","isPartOf":{"@id":"https:\/\/www.gieco-holz.de\/cms\/#website"},"datePublished":"2015-02-23T05:32:20+00:00","dateModified":"2022-01-16T18:12:02+00:00","breadcrumb":{"@id":"https:\/\/www.gieco-holz.de\/cms\/produkt\/verkaufshuette-florian\/#breadcrumb"},"inLanguage":"de-DE","potentialAction":[{"@type":"ReadAction","target":["https:\/\/www.gieco-holz.de\/cms\/produkt\/verkaufshuette-florian\/"]}]},{"@type":"BreadcrumbList","@id":"https:\/\/www.gieco-holz.de\/cms\/produkt\/verkaufshuette-florian\/#breadcrumb","itemListElement":[{"@type":"ListItem","position":1,"name":"Startseite","item":"https:\/\/www.gieco-holz.de\/cms\/"},{"@type":"ListItem","position":2,"name":"Katalog","item":"https:\/\/www.gieco-holz.de\/cms\/shop\/"},{"@type":"ListItem","position":3,"name":"Verkaufsh\u00fctte Florian mit Verkaufsklappe"}]},{"@type":"WebSite","@id":"https:\/\/www.gieco-holz.de\/cms\/#website","url":"https:\/\/www.gieco-holz.de\/cms\/","name":"GIECO Holz und Verbindungstechnik","description":"Blockh\u00e4user, Carports, Terrassen, Z\u00e4une, Sichtschutz, Gartenholz, Verkaufsh\u00e4user, Schrauben und Spielger\u00e4te","potentialAction":[{"@type":"SearchAction","target":{"@type":"EntryPoint","urlTemplate":"https:\/\/www.gieco-holz.de\/cms\/?s={search_term_string}"},"query-input":"required name=search_term_string"}],"inLanguage":"de-DE"}]}},"_links":{"self":[{"href":"https:\/\/www.gieco-holz.de\/cms\/wp-json\/wp\/v2\/product\/454"}],"collection":[{"href":"https:\/\/www.gieco-holz.de\/cms\/wp-json\/wp\/v2\/product"}],"about":[{"href":"https:\/\/www.gieco-holz.de\/cms\/wp-json\/wp\/v2\/types\/product"}],"wp:featuredmedia":[{"embeddable":true,"href":"https:\/\/www.gieco-holz.de\/cms\/wp-json\/wp\/v2\/media\/455"}],"wp:attachment":[{"href":"https:\/\/www.gieco-holz.de\/cms\/wp-json\/wp\/v2\/media?parent=454"}],"curies":[{"name":"wp","href":"https:\/\/api.w.org\/{rel}","templated":true}]}}