{"id":341,"date":"2015-02-19T13:25:33","date_gmt":"2015-02-19T13:25:33","guid":{"rendered":"http:\/\/gieco-holz.de\/cms\/produkt\/relaxliege-mia-2\/"},"modified":"2026-03-01T14:04:32","modified_gmt":"2026-03-01T13:04:32","slug":"relaxliege-mia","status":"publish","type":"product","link":"https:\/\/www.gieco-holz.de\/cms\/produkt\/relaxliege-mia\/","title":{"rendered":"Relaxliege Mia &#8211; Bausatz"},"content":{"rendered":"<p><strong>\u00a0<\/strong><\/p>\n<p><strong>Relaxliege &#8222;Mia&#8220; f\u00fcr 2 Personen &#8211; 118cm Breite<\/strong><\/p>\n<p><strong>Lieferumfang Bausatz &#8211; muss selbst gestrichen und montiert werden:<\/strong><\/p>\n<ul>\n<li>Banklatten,\u00a0roh<\/li>\n<li>Unterbau,\u00a0roh<\/li>\n<li>Montagematerial<\/li>\n<li>Deutsche Aufbauanleitung<\/li>\n<li>Bausatz zum Selbstaufbau<\/li>\n<li>Preis inkl. Mwst.<\/li>\n<li>Versandkostenfrei innerhalb Deutschlands (au\u00dfer Inseln)<\/li>\n<\/ul>\n<p><strong>Ma\u00dfe u. Materialbeschaffenheit<\/strong><\/p>\n<ul>\n<li>Nadelholz &#8211; Fichte<\/li>\n<li>Banklatten 38\/58 mm stark<\/li>\n<li>Unterkonstruktion 6 cm stark<\/li>\n<li>Holz unbehandelt \/ roh<\/li>\n<li>Gewicht ca. 62 kg<\/li>\n<li>Breite 118 cm, Tiefe: 115 cm, H\u00f6he 113 cm<\/li>\n<\/ul>\n<p><strong>Qualit\u00e4t u. Sicherheit:<\/strong><\/p>\n<ul>\n<li>Deutsche Produktion<\/li>\n<li>Holz aus nachhaltiger deutscher Forstwirtschaft<\/li>\n<\/ul>\n<p><strong>Besonderheiten<\/strong><\/p>\n<ul>\n<li>Einfacher Aufbau, alle Teile vorgebohrt<\/li>\n<li>Alle Schrauben in Edelstahl<\/li>\n<li>Alle ben\u00f6tigten Bits und Abstandhalter im Lieferumfang enthalten<\/li>\n<li>Das Holz in unbehandelt und muss durch den Kunden vor Montage mit hochwertiger Holzschutzfarbe gegen Witterungseinfl\u00fcsse und Pilze\/F\u00e4ule gesch\u00fctzt werden. Die Farbe ist nicht im Lieferumfang enthalten.<\/li>\n<\/ul>\n","protected":false},"excerpt":{"rendered":"<p>Die Relaxliege Mia aus massivem Fichtenholz 118 cm breit ist eine Ruhebank f\u00fcr 2 Personen aus Fichte.<\/p>\n","protected":false},"featured_media":342,"template":"","meta":[],"yoast_head":"<!-- This site is optimized with the Yoast SEO plugin v19.8 - https:\/\/yoast.com\/wordpress\/plugins\/seo\/ -->\n<title>Relaxliege Mia - Bausatz - GIECO Holz und Verbindungstechnik<\/title>\n<meta name=\"robots\" content=\"index, follow, max-snippet:-1, max-image-preview:large, max-video-preview:-1\" \/>\n<link rel=\"canonical\" href=\"https:\/\/www.gieco-holz.de\/cms\/produkt\/relaxliege-mia\/\" \/>\n<meta property=\"og:locale\" content=\"de_DE\" \/>\n<meta property=\"og:type\" content=\"article\" \/>\n<meta property=\"og:title\" content=\"Relaxliege Mia - Bausatz - GIECO Holz und Verbindungstechnik\" \/>\n<meta property=\"og:description\" content=\"Die Relaxliege Mia aus massivem Fichtenholz 118 cm breit ist eine Ruhebank f\u00fcr 2 Personen aus Fichte.\" \/>\n<meta property=\"og:url\" content=\"https:\/\/www.gieco-holz.de\/cms\/produkt\/relaxliege-mia\/\" \/>\n<meta property=\"og:site_name\" content=\"GIECO Holz und Verbindungstechnik\" \/>\n<meta property=\"article:publisher\" content=\"https:\/\/www.facebook.com\/GIECO.Holz\/\" \/>\n<meta property=\"article:modified_time\" content=\"2026-03-01T13:04:32+00:00\" \/>\n<meta property=\"og:image\" content=\"https:\/\/www.gieco-holz.de\/cms\/wp-content\/uploads\/2015\/02\/Mai-roh.jpg\" \/>\n\t<meta property=\"og:image:width\" content=\"1024\" \/>\n\t<meta property=\"og:image:height\" content=\"683\" \/>\n\t<meta property=\"og:image:type\" content=\"image\/jpeg\" \/>\n<meta name=\"twitter:card\" content=\"summary_large_image\" \/>\n<script type=\"application\/ld+json\" class=\"yoast-schema-graph\">{\"@context\":\"https:\/\/schema.org\",\"@graph\":[{\"@type\":\"WebPage\",\"@id\":\"https:\/\/www.gieco-holz.de\/cms\/produkt\/relaxliege-mia\/\",\"url\":\"https:\/\/www.gieco-holz.de\/cms\/produkt\/relaxliege-mia\/\",\"name\":\"Relaxliege Mia - Bausatz - GIECO Holz und Verbindungstechnik\",\"isPartOf\":{\"@id\":\"https:\/\/www.gieco-holz.de\/cms\/#website\"},\"datePublished\":\"2015-02-19T13:25:33+00:00\",\"dateModified\":\"2026-03-01T13:04:32+00:00\",\"breadcrumb\":{\"@id\":\"https:\/\/www.gieco-holz.de\/cms\/produkt\/relaxliege-mia\/#breadcrumb\"},\"inLanguage\":\"de-DE\",\"potentialAction\":[{\"@type\":\"ReadAction\",\"target\":[\"https:\/\/www.gieco-holz.de\/cms\/produkt\/relaxliege-mia\/\"]}]},{\"@type\":\"BreadcrumbList\",\"@id\":\"https:\/\/www.gieco-holz.de\/cms\/produkt\/relaxliege-mia\/#breadcrumb\",\"itemListElement\":[{\"@type\":\"ListItem\",\"position\":1,\"name\":\"Startseite\",\"item\":\"https:\/\/www.gieco-holz.de\/cms\/\"},{\"@type\":\"ListItem\",\"position\":2,\"name\":\"Katalog\",\"item\":\"https:\/\/www.gieco-holz.de\/cms\/shop\/\"},{\"@type\":\"ListItem\",\"position\":3,\"name\":\"Relaxliege Mia &#8211; Bausatz\"}]},{\"@type\":\"WebSite\",\"@id\":\"https:\/\/www.gieco-holz.de\/cms\/#website\",\"url\":\"https:\/\/www.gieco-holz.de\/cms\/\",\"name\":\"GIECO Holz und Verbindungstechnik\",\"description\":\"Blockh\u00e4user, Carports, Terrassen, Z\u00e4une, Sichtschutz, Gartenholz, Verkaufsh\u00e4user, Schrauben und Spielger\u00e4te\",\"potentialAction\":[{\"@type\":\"SearchAction\",\"target\":{\"@type\":\"EntryPoint\",\"urlTemplate\":\"https:\/\/www.gieco-holz.de\/cms\/?s={search_term_string}\"},\"query-input\":\"required name=search_term_string\"}],\"inLanguage\":\"de-DE\"}]}<\/script>\n<!-- \/ Yoast SEO plugin. -->","yoast_head_json":{"title":"Relaxliege Mia - Bausatz - GIECO Holz und Verbindungstechnik","robots":{"index":"index","follow":"follow","max-snippet":"max-snippet:-1","max-image-preview":"max-image-preview:large","max-video-preview":"max-video-preview:-1"},"canonical":"https:\/\/www.gieco-holz.de\/cms\/produkt\/relaxliege-mia\/","og_locale":"de_DE","og_type":"article","og_title":"Relaxliege Mia - Bausatz - GIECO Holz und Verbindungstechnik","og_description":"Die Relaxliege Mia aus massivem Fichtenholz 118 cm breit ist eine Ruhebank f\u00fcr 2 Personen aus Fichte.","og_url":"https:\/\/www.gieco-holz.de\/cms\/produkt\/relaxliege-mia\/","og_site_name":"GIECO Holz und Verbindungstechnik","article_publisher":"https:\/\/www.facebook.com\/GIECO.Holz\/","article_modified_time":"2026-03-01T13:04:32+00:00","og_image":[{"width":1024,"height":683,"url":"https:\/\/www.gieco-holz.de\/cms\/wp-content\/uploads\/2015\/02\/Mai-roh.jpg","type":"image\/jpeg"}],"twitter_card":"summary_large_image","schema":{"@context":"https:\/\/schema.org","@graph":[{"@type":"WebPage","@id":"https:\/\/www.gieco-holz.de\/cms\/produkt\/relaxliege-mia\/","url":"https:\/\/www.gieco-holz.de\/cms\/produkt\/relaxliege-mia\/","name":"Relaxliege Mia - Bausatz - GIECO Holz und Verbindungstechnik","isPartOf":{"@id":"https:\/\/www.gieco-holz.de\/cms\/#website"},"datePublished":"2015-02-19T13:25:33+00:00","dateModified":"2026-03-01T13:04:32+00:00","breadcrumb":{"@id":"https:\/\/www.gieco-holz.de\/cms\/produkt\/relaxliege-mia\/#breadcrumb"},"inLanguage":"de-DE","potentialAction":[{"@type":"ReadAction","target":["https:\/\/www.gieco-holz.de\/cms\/produkt\/relaxliege-mia\/"]}]},{"@type":"BreadcrumbList","@id":"https:\/\/www.gieco-holz.de\/cms\/produkt\/relaxliege-mia\/#breadcrumb","itemListElement":[{"@type":"ListItem","position":1,"name":"Startseite","item":"https:\/\/www.gieco-holz.de\/cms\/"},{"@type":"ListItem","position":2,"name":"Katalog","item":"https:\/\/www.gieco-holz.de\/cms\/shop\/"},{"@type":"ListItem","position":3,"name":"Relaxliege Mia &#8211; Bausatz"}]},{"@type":"WebSite","@id":"https:\/\/www.gieco-holz.de\/cms\/#website","url":"https:\/\/www.gieco-holz.de\/cms\/","name":"GIECO Holz und Verbindungstechnik","description":"Blockh\u00e4user, Carports, Terrassen, Z\u00e4une, Sichtschutz, Gartenholz, Verkaufsh\u00e4user, Schrauben und Spielger\u00e4te","potentialAction":[{"@type":"SearchAction","target":{"@type":"EntryPoint","urlTemplate":"https:\/\/www.gieco-holz.de\/cms\/?s={search_term_string}"},"query-input":"required name=search_term_string"}],"inLanguage":"de-DE"}]}},"_links":{"self":[{"href":"https:\/\/www.gieco-holz.de\/cms\/wp-json\/wp\/v2\/product\/341"}],"collection":[{"href":"https:\/\/www.gieco-holz.de\/cms\/wp-json\/wp\/v2\/product"}],"about":[{"href":"https:\/\/www.gieco-holz.de\/cms\/wp-json\/wp\/v2\/types\/product"}],"wp:featuredmedia":[{"embeddable":true,"href":"https:\/\/www.gieco-holz.de\/cms\/wp-json\/wp\/v2\/media\/342"}],"wp:attachment":[{"href":"https:\/\/www.gieco-holz.de\/cms\/wp-json\/wp\/v2\/media?parent=341"}],"curies":[{"name":"wp","href":"https:\/\/api.w.org\/{rel}","templated":true}]}}