{"id":333,"date":"2015-02-19T12:27:33","date_gmt":"2015-02-19T12:27:33","guid":{"rendered":"http:\/\/gieco-holz.de\/cms\/produkt\/einzelturnstange\/"},"modified":"2022-01-16T19:12:03","modified_gmt":"2022-01-16T18:12:03","slug":"einzelturnstange","status":"publish","type":"product","link":"https:\/\/www.gieco-holz.de\/cms\/produkt\/einzelturnstange\/","title":{"rendered":"Einzelturnstange"},"content":{"rendered":"<p><strong>Einzelturnstange aus Kantholz, Turnstangen 125 m lang<br \/>\n<\/strong><\/p>\n<p><strong>Lieferumfang:<\/strong><\/p>\n<ul>\n<li>2 Pfosten 9\/9 cm stark 240 cm lang<\/li>\n<li>1 Turnstange rot, 125 cm lang<\/li>\n<li>pulverbeschichtet 32 mm stark<\/li>\n<li>incl. Schrauben<\/li>\n<li>deutsche Aufbauanleitung<\/li>\n<li>Bausatz zum Selbstaufbau<\/li>\n<\/ul>\n<p><strong>Ma\u00dfe u. Materialbeschaffenheit<\/strong><\/p>\n<ul>\n<li>Nadelholz\u00a0 (Kreuzholz),\u00a0chromfrei kesseldruckimpr\u00e4gniert<\/li>\n<li>Turnreck kann einbetoniert werden oder in H-Anker\u00a0 91 mm Gabelweite gesetzt werden<\/li>\n<li>Breite 143 cm<\/li>\n<\/ul>\n<p><strong>Warnhinweise lt. EU-Verordnung:<\/strong><\/p>\n<ul>\n<li>Nur f\u00fcr den privaten Hausgebrauch<\/li>\n<li>Nur f\u00fcr Kinder von 3-14 Jahren.<\/li>\n<li>Benutzung nur unter Aufsicht von Erwachsenen<\/li>\n<\/ul>\n","protected":false},"excerpt":{"rendered":"<p>Die Einzelturnstange\u00a0 aus 9\/9 cm starken St\u00fctzpfosten.\u00a0 Turnstange 125 cm lang. Das verwendete Nadelholz kommt aus nachhaltiger Forstwirtschaft.<\/p>\n","protected":false},"featured_media":334,"template":"","meta":[],"yoast_head":"<!-- This site is optimized with the Yoast SEO plugin v19.8 - https:\/\/yoast.com\/wordpress\/plugins\/seo\/ -->\n<title>Einzelturnstange - GIECO Holz und Verbindungstechnik<\/title>\n<meta name=\"robots\" content=\"index, follow, max-snippet:-1, max-image-preview:large, max-video-preview:-1\" \/>\n<link rel=\"canonical\" href=\"https:\/\/www.gieco-holz.de\/cms\/produkt\/einzelturnstange\/\" \/>\n<meta property=\"og:locale\" content=\"de_DE\" \/>\n<meta property=\"og:type\" content=\"article\" \/>\n<meta property=\"og:title\" content=\"Einzelturnstange - GIECO Holz und Verbindungstechnik\" \/>\n<meta property=\"og:description\" content=\"Die Einzelturnstange\u00a0 aus 9\/9 cm starken St\u00fctzpfosten.\u00a0 Turnstange 125 cm lang. Das verwendete Nadelholz kommt aus nachhaltiger Forstwirtschaft.\" \/>\n<meta property=\"og:url\" content=\"https:\/\/www.gieco-holz.de\/cms\/produkt\/einzelturnstange\/\" \/>\n<meta property=\"og:site_name\" content=\"GIECO Holz und Verbindungstechnik\" \/>\n<meta property=\"article:publisher\" content=\"https:\/\/www.facebook.com\/GIECO.Holz\/\" \/>\n<meta property=\"article:modified_time\" content=\"2022-01-16T18:12:03+00:00\" \/>\n<meta property=\"og:image\" content=\"https:\/\/www.gieco-holz.de\/cms\/wp-content\/uploads\/2015\/02\/Turnstangen-1-fach-weiss.jpg\" \/>\n\t<meta property=\"og:image:width\" content=\"517\" \/>\n\t<meta property=\"og:image:height\" content=\"616\" \/>\n\t<meta property=\"og:image:type\" content=\"image\/jpeg\" \/>\n<meta name=\"twitter:card\" content=\"summary_large_image\" \/>\n<script type=\"application\/ld+json\" class=\"yoast-schema-graph\">{\"@context\":\"https:\/\/schema.org\",\"@graph\":[{\"@type\":\"WebPage\",\"@id\":\"https:\/\/www.gieco-holz.de\/cms\/produkt\/einzelturnstange\/\",\"url\":\"https:\/\/www.gieco-holz.de\/cms\/produkt\/einzelturnstange\/\",\"name\":\"Einzelturnstange - GIECO Holz und Verbindungstechnik\",\"isPartOf\":{\"@id\":\"https:\/\/www.gieco-holz.de\/cms\/#website\"},\"datePublished\":\"2015-02-19T12:27:33+00:00\",\"dateModified\":\"2022-01-16T18:12:03+00:00\",\"breadcrumb\":{\"@id\":\"https:\/\/www.gieco-holz.de\/cms\/produkt\/einzelturnstange\/#breadcrumb\"},\"inLanguage\":\"de-DE\",\"potentialAction\":[{\"@type\":\"ReadAction\",\"target\":[\"https:\/\/www.gieco-holz.de\/cms\/produkt\/einzelturnstange\/\"]}]},{\"@type\":\"BreadcrumbList\",\"@id\":\"https:\/\/www.gieco-holz.de\/cms\/produkt\/einzelturnstange\/#breadcrumb\",\"itemListElement\":[{\"@type\":\"ListItem\",\"position\":1,\"name\":\"Startseite\",\"item\":\"https:\/\/www.gieco-holz.de\/cms\/\"},{\"@type\":\"ListItem\",\"position\":2,\"name\":\"Katalog\",\"item\":\"https:\/\/www.gieco-holz.de\/cms\/shop\/\"},{\"@type\":\"ListItem\",\"position\":3,\"name\":\"Einzelturnstange\"}]},{\"@type\":\"WebSite\",\"@id\":\"https:\/\/www.gieco-holz.de\/cms\/#website\",\"url\":\"https:\/\/www.gieco-holz.de\/cms\/\",\"name\":\"GIECO Holz und Verbindungstechnik\",\"description\":\"Blockh\u00e4user, Carports, Terrassen, Z\u00e4une, Sichtschutz, Gartenholz, Verkaufsh\u00e4user, Schrauben und Spielger\u00e4te\",\"potentialAction\":[{\"@type\":\"SearchAction\",\"target\":{\"@type\":\"EntryPoint\",\"urlTemplate\":\"https:\/\/www.gieco-holz.de\/cms\/?s={search_term_string}\"},\"query-input\":\"required name=search_term_string\"}],\"inLanguage\":\"de-DE\"}]}<\/script>\n<!-- \/ Yoast SEO plugin. -->","yoast_head_json":{"title":"Einzelturnstange - GIECO Holz und Verbindungstechnik","robots":{"index":"index","follow":"follow","max-snippet":"max-snippet:-1","max-image-preview":"max-image-preview:large","max-video-preview":"max-video-preview:-1"},"canonical":"https:\/\/www.gieco-holz.de\/cms\/produkt\/einzelturnstange\/","og_locale":"de_DE","og_type":"article","og_title":"Einzelturnstange - GIECO Holz und Verbindungstechnik","og_description":"Die Einzelturnstange\u00a0 aus 9\/9 cm starken St\u00fctzpfosten.\u00a0 Turnstange 125 cm lang. Das verwendete Nadelholz kommt aus nachhaltiger Forstwirtschaft.","og_url":"https:\/\/www.gieco-holz.de\/cms\/produkt\/einzelturnstange\/","og_site_name":"GIECO Holz und Verbindungstechnik","article_publisher":"https:\/\/www.facebook.com\/GIECO.Holz\/","article_modified_time":"2022-01-16T18:12:03+00:00","og_image":[{"width":517,"height":616,"url":"https:\/\/www.gieco-holz.de\/cms\/wp-content\/uploads\/2015\/02\/Turnstangen-1-fach-weiss.jpg","type":"image\/jpeg"}],"twitter_card":"summary_large_image","schema":{"@context":"https:\/\/schema.org","@graph":[{"@type":"WebPage","@id":"https:\/\/www.gieco-holz.de\/cms\/produkt\/einzelturnstange\/","url":"https:\/\/www.gieco-holz.de\/cms\/produkt\/einzelturnstange\/","name":"Einzelturnstange - GIECO Holz und Verbindungstechnik","isPartOf":{"@id":"https:\/\/www.gieco-holz.de\/cms\/#website"},"datePublished":"2015-02-19T12:27:33+00:00","dateModified":"2022-01-16T18:12:03+00:00","breadcrumb":{"@id":"https:\/\/www.gieco-holz.de\/cms\/produkt\/einzelturnstange\/#breadcrumb"},"inLanguage":"de-DE","potentialAction":[{"@type":"ReadAction","target":["https:\/\/www.gieco-holz.de\/cms\/produkt\/einzelturnstange\/"]}]},{"@type":"BreadcrumbList","@id":"https:\/\/www.gieco-holz.de\/cms\/produkt\/einzelturnstange\/#breadcrumb","itemListElement":[{"@type":"ListItem","position":1,"name":"Startseite","item":"https:\/\/www.gieco-holz.de\/cms\/"},{"@type":"ListItem","position":2,"name":"Katalog","item":"https:\/\/www.gieco-holz.de\/cms\/shop\/"},{"@type":"ListItem","position":3,"name":"Einzelturnstange"}]},{"@type":"WebSite","@id":"https:\/\/www.gieco-holz.de\/cms\/#website","url":"https:\/\/www.gieco-holz.de\/cms\/","name":"GIECO Holz und Verbindungstechnik","description":"Blockh\u00e4user, Carports, Terrassen, Z\u00e4une, Sichtschutz, Gartenholz, Verkaufsh\u00e4user, Schrauben und Spielger\u00e4te","potentialAction":[{"@type":"SearchAction","target":{"@type":"EntryPoint","urlTemplate":"https:\/\/www.gieco-holz.de\/cms\/?s={search_term_string}"},"query-input":"required name=search_term_string"}],"inLanguage":"de-DE"}]}},"_links":{"self":[{"href":"https:\/\/www.gieco-holz.de\/cms\/wp-json\/wp\/v2\/product\/333"}],"collection":[{"href":"https:\/\/www.gieco-holz.de\/cms\/wp-json\/wp\/v2\/product"}],"about":[{"href":"https:\/\/www.gieco-holz.de\/cms\/wp-json\/wp\/v2\/types\/product"}],"wp:featuredmedia":[{"embeddable":true,"href":"https:\/\/www.gieco-holz.de\/cms\/wp-json\/wp\/v2\/media\/334"}],"wp:attachment":[{"href":"https:\/\/www.gieco-holz.de\/cms\/wp-json\/wp\/v2\/media?parent=333"}],"curies":[{"name":"wp","href":"https:\/\/api.w.org\/{rel}","templated":true}]}}