{"id":1969,"date":"2023-03-29T19:49:33","date_gmt":"2023-03-29T18:49:33","guid":{"rendered":"https:\/\/www.gieco-holz.de\/cms\/?post_type=product&#038;p=1969"},"modified":"2023-03-29T20:39:16","modified_gmt":"2023-03-29T19:39:16","slug":"marktstand-trudi","status":"publish","type":"product","link":"https:\/\/www.gieco-holz.de\/cms\/produkt\/marktstand-trudi\/","title":{"rendered":"Marktstand Trudi"},"content":{"rendered":"<p><strong>Marktstand Trudi<\/strong><\/p>\n<p><strong>Artikelbeschreibung &#8211; Lieferumfang:<\/strong><\/p>\n<ul>\n<li><strong>Breite ohne Dach\u00fcberstand: 135 cm<\/strong><\/li>\n<li><strong>Tiefe ohne Dach\u00fcberstand: 75 cm<\/strong><\/li>\n<li><strong>H\u00f6he: 238 cm<\/strong><\/li>\n<li><strong>Planendach aus LKW Plane (Farbe nach Wahl)<\/strong><\/li>\n<li><strong>Durchsteckschrauben mit Fl\u00fcgelmuttern (schneller Auf- und Abbau ohne Werkzeug)<\/strong><\/li>\n<\/ul>\n<p>Standard-Lieferumfang: 2 Stu\u0308ck Seitenteile, 1 Stu\u0308ck Dachpaket inkl. Dachplane und Schnellverschlu\u0308ssen, 1 Stu\u0308ck Queraussteifung, 1 Stu\u0308ck Tischelement, 2 Stu\u0308ck Regalelemente<\/p>\n","protected":false},"excerpt":{"rendered":"<p>Der Marktstand Trudi ist einen repr\u00e4sentativer und stabiler Verkaufsstand, die f\u00fcr den schnellen Auf- und Abbau ausgelegt ist. Die stabile Dachplane liefern wir in verschiedenen RAL &#8211; Farben. Einfach. Mobil. Stabil.<\/p>\n<p>Der Marktstand TRUDI ist aus naturbelassenem Fichtenholz in Elementbauweise gefertigt und wird platzsparend auf einer Transport- und Lagerpalette geliefert. Ihre schnelle L\u00f6sung fu\u0308r einen repr\u00e4sentativen und stabilen Verkaufsstand &#8211; jederzeit und u\u0308berall.<\/p>\n<p>Die Regalb\u00f6den mit 125cm Nutzbreite bieten ausreichend Platz fu\u0308r Kistenware und k\u00f6nnen im vorgegebenen Lochraster variabel in der H\u00f6he montiert werden. Beliebige Kombinationen sind m\u00f6glich, sprechen Sie uns bitte an!<\/p>\n","protected":false},"featured_media":1970,"template":"","meta":[],"yoast_head":"<!-- This site is optimized with the Yoast SEO plugin v19.8 - https:\/\/yoast.com\/wordpress\/plugins\/seo\/ -->\n<title>Marktstand Trudi - GIECO Holz und Verbindungstechnik<\/title>\n<meta name=\"description\" content=\"Der Marktstand Trudi ist einen repr\u00e4sentativer und stabiler Verkaufsstand, die f\u00fcr den schnellen Auf- und Abbau ausgelegt ist. Einfach. Mobil. Stabil.\" \/>\n<meta name=\"robots\" content=\"index, follow, max-snippet:-1, max-image-preview:large, max-video-preview:-1\" \/>\n<link rel=\"canonical\" href=\"https:\/\/www.gieco-holz.de\/cms\/produkt\/marktstand-trudi\/\" \/>\n<meta property=\"og:locale\" content=\"de_DE\" \/>\n<meta property=\"og:type\" content=\"article\" \/>\n<meta property=\"og:title\" content=\"Marktstand Trudi - GIECO Holz und Verbindungstechnik\" \/>\n<meta property=\"og:description\" content=\"Der Marktstand Trudi ist einen repr\u00e4sentativer und stabiler Verkaufsstand, die f\u00fcr den schnellen Auf- und Abbau ausgelegt ist. Einfach. Mobil. Stabil.\" \/>\n<meta property=\"og:url\" content=\"https:\/\/www.gieco-holz.de\/cms\/produkt\/marktstand-trudi\/\" \/>\n<meta property=\"og:site_name\" content=\"GIECO Holz und Verbindungstechnik\" \/>\n<meta property=\"article:publisher\" content=\"https:\/\/www.facebook.com\/GIECO.Holz\/\" \/>\n<meta property=\"article:modified_time\" content=\"2023-03-29T19:39:16+00:00\" \/>\n<meta property=\"og:image\" content=\"https:\/\/www.gieco-holz.de\/cms\/wp-content\/uploads\/2023\/03\/Trudi_vorne-768x1024.png\" \/>\n\t<meta property=\"og:image:width\" content=\"768\" \/>\n\t<meta property=\"og:image:height\" content=\"1024\" \/>\n\t<meta property=\"og:image:type\" content=\"image\/png\" \/>\n<meta name=\"twitter:card\" content=\"summary_large_image\" \/>\n<script type=\"application\/ld+json\" class=\"yoast-schema-graph\">{\"@context\":\"https:\/\/schema.org\",\"@graph\":[{\"@type\":\"WebPage\",\"@id\":\"https:\/\/www.gieco-holz.de\/cms\/produkt\/marktstand-trudi\/\",\"url\":\"https:\/\/www.gieco-holz.de\/cms\/produkt\/marktstand-trudi\/\",\"name\":\"Marktstand Trudi - GIECO Holz und Verbindungstechnik\",\"isPartOf\":{\"@id\":\"https:\/\/www.gieco-holz.de\/cms\/#website\"},\"datePublished\":\"2023-03-29T18:49:33+00:00\",\"dateModified\":\"2023-03-29T19:39:16+00:00\",\"description\":\"Der Marktstand Trudi ist einen repr\u00e4sentativer und stabiler Verkaufsstand, die f\u00fcr den schnellen Auf- und Abbau ausgelegt ist. Einfach. Mobil. Stabil.\",\"breadcrumb\":{\"@id\":\"https:\/\/www.gieco-holz.de\/cms\/produkt\/marktstand-trudi\/#breadcrumb\"},\"inLanguage\":\"de-DE\",\"potentialAction\":[{\"@type\":\"ReadAction\",\"target\":[\"https:\/\/www.gieco-holz.de\/cms\/produkt\/marktstand-trudi\/\"]}]},{\"@type\":\"BreadcrumbList\",\"@id\":\"https:\/\/www.gieco-holz.de\/cms\/produkt\/marktstand-trudi\/#breadcrumb\",\"itemListElement\":[{\"@type\":\"ListItem\",\"position\":1,\"name\":\"Startseite\",\"item\":\"https:\/\/www.gieco-holz.de\/cms\/\"},{\"@type\":\"ListItem\",\"position\":2,\"name\":\"Katalog\",\"item\":\"https:\/\/www.gieco-holz.de\/cms\/shop\/\"},{\"@type\":\"ListItem\",\"position\":3,\"name\":\"Marktstand Trudi\"}]},{\"@type\":\"WebSite\",\"@id\":\"https:\/\/www.gieco-holz.de\/cms\/#website\",\"url\":\"https:\/\/www.gieco-holz.de\/cms\/\",\"name\":\"GIECO Holz und Verbindungstechnik\",\"description\":\"Blockh\u00e4user, Carports, Terrassen, Z\u00e4une, Sichtschutz, Gartenholz, Verkaufsh\u00e4user, Schrauben und Spielger\u00e4te\",\"potentialAction\":[{\"@type\":\"SearchAction\",\"target\":{\"@type\":\"EntryPoint\",\"urlTemplate\":\"https:\/\/www.gieco-holz.de\/cms\/?s={search_term_string}\"},\"query-input\":\"required name=search_term_string\"}],\"inLanguage\":\"de-DE\"}]}<\/script>\n<!-- \/ Yoast SEO plugin. -->","yoast_head_json":{"title":"Marktstand Trudi - GIECO Holz und Verbindungstechnik","description":"Der Marktstand Trudi ist einen repr\u00e4sentativer und stabiler Verkaufsstand, die f\u00fcr den schnellen Auf- und Abbau ausgelegt ist. Einfach. Mobil. Stabil.","robots":{"index":"index","follow":"follow","max-snippet":"max-snippet:-1","max-image-preview":"max-image-preview:large","max-video-preview":"max-video-preview:-1"},"canonical":"https:\/\/www.gieco-holz.de\/cms\/produkt\/marktstand-trudi\/","og_locale":"de_DE","og_type":"article","og_title":"Marktstand Trudi - GIECO Holz und Verbindungstechnik","og_description":"Der Marktstand Trudi ist einen repr\u00e4sentativer und stabiler Verkaufsstand, die f\u00fcr den schnellen Auf- und Abbau ausgelegt ist. Einfach. Mobil. Stabil.","og_url":"https:\/\/www.gieco-holz.de\/cms\/produkt\/marktstand-trudi\/","og_site_name":"GIECO Holz und Verbindungstechnik","article_publisher":"https:\/\/www.facebook.com\/GIECO.Holz\/","article_modified_time":"2023-03-29T19:39:16+00:00","og_image":[{"width":768,"height":1024,"url":"https:\/\/www.gieco-holz.de\/cms\/wp-content\/uploads\/2023\/03\/Trudi_vorne-768x1024.png","type":"image\/png"}],"twitter_card":"summary_large_image","schema":{"@context":"https:\/\/schema.org","@graph":[{"@type":"WebPage","@id":"https:\/\/www.gieco-holz.de\/cms\/produkt\/marktstand-trudi\/","url":"https:\/\/www.gieco-holz.de\/cms\/produkt\/marktstand-trudi\/","name":"Marktstand Trudi - GIECO Holz und Verbindungstechnik","isPartOf":{"@id":"https:\/\/www.gieco-holz.de\/cms\/#website"},"datePublished":"2023-03-29T18:49:33+00:00","dateModified":"2023-03-29T19:39:16+00:00","description":"Der Marktstand Trudi ist einen repr\u00e4sentativer und stabiler Verkaufsstand, die f\u00fcr den schnellen Auf- und Abbau ausgelegt ist. Einfach. Mobil. Stabil.","breadcrumb":{"@id":"https:\/\/www.gieco-holz.de\/cms\/produkt\/marktstand-trudi\/#breadcrumb"},"inLanguage":"de-DE","potentialAction":[{"@type":"ReadAction","target":["https:\/\/www.gieco-holz.de\/cms\/produkt\/marktstand-trudi\/"]}]},{"@type":"BreadcrumbList","@id":"https:\/\/www.gieco-holz.de\/cms\/produkt\/marktstand-trudi\/#breadcrumb","itemListElement":[{"@type":"ListItem","position":1,"name":"Startseite","item":"https:\/\/www.gieco-holz.de\/cms\/"},{"@type":"ListItem","position":2,"name":"Katalog","item":"https:\/\/www.gieco-holz.de\/cms\/shop\/"},{"@type":"ListItem","position":3,"name":"Marktstand Trudi"}]},{"@type":"WebSite","@id":"https:\/\/www.gieco-holz.de\/cms\/#website","url":"https:\/\/www.gieco-holz.de\/cms\/","name":"GIECO Holz und Verbindungstechnik","description":"Blockh\u00e4user, Carports, Terrassen, Z\u00e4une, Sichtschutz, Gartenholz, Verkaufsh\u00e4user, Schrauben und Spielger\u00e4te","potentialAction":[{"@type":"SearchAction","target":{"@type":"EntryPoint","urlTemplate":"https:\/\/www.gieco-holz.de\/cms\/?s={search_term_string}"},"query-input":"required name=search_term_string"}],"inLanguage":"de-DE"}]}},"_links":{"self":[{"href":"https:\/\/www.gieco-holz.de\/cms\/wp-json\/wp\/v2\/product\/1969"}],"collection":[{"href":"https:\/\/www.gieco-holz.de\/cms\/wp-json\/wp\/v2\/product"}],"about":[{"href":"https:\/\/www.gieco-holz.de\/cms\/wp-json\/wp\/v2\/types\/product"}],"wp:featuredmedia":[{"embeddable":true,"href":"https:\/\/www.gieco-holz.de\/cms\/wp-json\/wp\/v2\/media\/1970"}],"wp:attachment":[{"href":"https:\/\/www.gieco-holz.de\/cms\/wp-json\/wp\/v2\/media?parent=1969"}],"curies":[{"name":"wp","href":"https:\/\/api.w.org\/{rel}","templated":true}]}}