{"id":1607,"date":"2021-12-11T18:08:10","date_gmt":"2021-12-11T17:08:10","guid":{"rendered":"https:\/\/www.gieco-holz.de\/cms\/produkt\/import-placeholder-for-901\/"},"modified":"2022-01-16T19:11:58","modified_gmt":"2022-01-16T18:11:58","slug":"heco-topix-plus-holzschraube-tellerkopf","status":"publish","type":"product","link":"https:\/\/www.gieco-holz.de\/cms\/produkt\/heco-topix-plus-holzschraube-tellerkopf\/","title":{"rendered":"HECO-TOPIX Holzbauschraube TK verzinkt"},"content":{"rendered":"","protected":false},"excerpt":{"rendered":"<p><strong>Holzbauschraube mit Torx &#8211; Antrieb, Tellerkopf<\/strong><\/p>\n<p>Die Heco-Topix Holzbauschraube mit Tellerkopf ist eine Holzschraube f\u00fcr die Verbindung von Holz auf Holz (Massivholz, Dachlatten, KVH), somit ideal f\u00fcr das Befestigen von Sparren, St\u00fctzen bei Carports usw.<\/p>\n<p>Wir haben diese Schraube in sehr vielen gebr\u00e4uchlichen Abmessungen ab Lager verf\u00fcgbar.<\/p>\n<p><strong>Ma\u00dfe u. Materialbeschaffenheit<\/strong><\/p>\n<ul>\n<li>Teilgewinde<\/li>\n<li>verzinkt<\/li>\n<li>Tellerkopf<\/li>\n<li>Hohe Gewindesteigung, dadurch schnelles Einschrauben<\/li>\n<li>Ideal f\u00fcr Verschraubung Holz auf Holz (Massivholz, KVH)<\/li>\n<li>VPE und St\u00fcckverkauf<\/li>\n<\/ul>\n","protected":false},"featured_media":1877,"template":"","meta":[],"yoast_head":"<!-- This site is optimized with the Yoast SEO plugin v19.8 - https:\/\/yoast.com\/wordpress\/plugins\/seo\/ -->\n<title>HECO-TOPIX Holzbauschraube TK verzinkt - GIECO Holz und Verbindungstechnik<\/title>\n<meta name=\"robots\" content=\"index, follow, max-snippet:-1, max-image-preview:large, max-video-preview:-1\" \/>\n<link rel=\"canonical\" href=\"https:\/\/www.gieco-holz.de\/cms\/produkt\/heco-topix-plus-holzschraube-tellerkopf\/\" \/>\n<meta property=\"og:locale\" content=\"de_DE\" \/>\n<meta property=\"og:type\" content=\"article\" \/>\n<meta property=\"og:title\" content=\"HECO-TOPIX Holzbauschraube TK verzinkt - GIECO Holz und Verbindungstechnik\" \/>\n<meta property=\"og:description\" content=\"Holzbauschraube mit Torx - Antrieb, Tellerkopf  Die Heco-Topix Holzbauschraube mit Tellerkopf ist eine Holzschraube f\u00fcr die Verbindung von Holz auf Holz (Massivholz, Dachlatten, KVH), somit ideal f\u00fcr das Befestigen von Sparren, St\u00fctzen bei Carports usw.  Wir haben diese Schraube in sehr vielen gebr\u00e4uchlichen Abmessungen ab Lager verf\u00fcgbar.  Ma\u00dfe u. Materialbeschaffenheit   Teilgewinde  verzinkt  Tellerkopf  Hohe Gewindesteigung, dadurch schnelles Einschrauben  Ideal f\u00fcr Verschraubung Holz auf Holz (Massivholz, KVH)  VPE und St\u00fcckverkauf\" \/>\n<meta property=\"og:url\" content=\"https:\/\/www.gieco-holz.de\/cms\/produkt\/heco-topix-plus-holzschraube-tellerkopf\/\" \/>\n<meta property=\"og:site_name\" content=\"GIECO Holz und Verbindungstechnik\" \/>\n<meta property=\"article:publisher\" content=\"https:\/\/www.facebook.com\/GIECO.Holz\/\" \/>\n<meta property=\"article:modified_time\" content=\"2022-01-16T18:11:58+00:00\" \/>\n<meta property=\"og:image\" content=\"https:\/\/www.gieco-holz.de\/cms\/wp-content\/uploads\/2021\/12\/86130537-5178-49D3-975A-02F875880156.jpeg\" \/>\n\t<meta property=\"og:image:width\" content=\"2048\" \/>\n\t<meta property=\"og:image:height\" content=\"1536\" \/>\n\t<meta property=\"og:image:type\" content=\"image\/jpeg\" \/>\n<meta name=\"twitter:card\" content=\"summary_large_image\" \/>\n<script type=\"application\/ld+json\" class=\"yoast-schema-graph\">{\"@context\":\"https:\/\/schema.org\",\"@graph\":[{\"@type\":\"WebPage\",\"@id\":\"https:\/\/www.gieco-holz.de\/cms\/produkt\/heco-topix-plus-holzschraube-tellerkopf\/\",\"url\":\"https:\/\/www.gieco-holz.de\/cms\/produkt\/heco-topix-plus-holzschraube-tellerkopf\/\",\"name\":\"HECO-TOPIX Holzbauschraube TK verzinkt - GIECO Holz und Verbindungstechnik\",\"isPartOf\":{\"@id\":\"https:\/\/www.gieco-holz.de\/cms\/#website\"},\"datePublished\":\"2021-12-11T17:08:10+00:00\",\"dateModified\":\"2022-01-16T18:11:58+00:00\",\"breadcrumb\":{\"@id\":\"https:\/\/www.gieco-holz.de\/cms\/produkt\/heco-topix-plus-holzschraube-tellerkopf\/#breadcrumb\"},\"inLanguage\":\"de-DE\",\"potentialAction\":[{\"@type\":\"ReadAction\",\"target\":[\"https:\/\/www.gieco-holz.de\/cms\/produkt\/heco-topix-plus-holzschraube-tellerkopf\/\"]}]},{\"@type\":\"BreadcrumbList\",\"@id\":\"https:\/\/www.gieco-holz.de\/cms\/produkt\/heco-topix-plus-holzschraube-tellerkopf\/#breadcrumb\",\"itemListElement\":[{\"@type\":\"ListItem\",\"position\":1,\"name\":\"Startseite\",\"item\":\"https:\/\/www.gieco-holz.de\/cms\/\"},{\"@type\":\"ListItem\",\"position\":2,\"name\":\"Katalog\",\"item\":\"https:\/\/www.gieco-holz.de\/cms\/shop\/\"},{\"@type\":\"ListItem\",\"position\":3,\"name\":\"HECO-TOPIX Holzbauschraube TK verzinkt\"}]},{\"@type\":\"WebSite\",\"@id\":\"https:\/\/www.gieco-holz.de\/cms\/#website\",\"url\":\"https:\/\/www.gieco-holz.de\/cms\/\",\"name\":\"GIECO Holz und Verbindungstechnik\",\"description\":\"Blockh\u00e4user, Carports, Terrassen, Z\u00e4une, Sichtschutz, Gartenholz, Verkaufsh\u00e4user, Schrauben und Spielger\u00e4te\",\"potentialAction\":[{\"@type\":\"SearchAction\",\"target\":{\"@type\":\"EntryPoint\",\"urlTemplate\":\"https:\/\/www.gieco-holz.de\/cms\/?s={search_term_string}\"},\"query-input\":\"required name=search_term_string\"}],\"inLanguage\":\"de-DE\"}]}<\/script>\n<!-- \/ Yoast SEO plugin. -->","yoast_head_json":{"title":"HECO-TOPIX Holzbauschraube TK verzinkt - GIECO Holz und Verbindungstechnik","robots":{"index":"index","follow":"follow","max-snippet":"max-snippet:-1","max-image-preview":"max-image-preview:large","max-video-preview":"max-video-preview:-1"},"canonical":"https:\/\/www.gieco-holz.de\/cms\/produkt\/heco-topix-plus-holzschraube-tellerkopf\/","og_locale":"de_DE","og_type":"article","og_title":"HECO-TOPIX Holzbauschraube TK verzinkt - GIECO Holz und Verbindungstechnik","og_description":"Holzbauschraube mit Torx - Antrieb, Tellerkopf  Die Heco-Topix Holzbauschraube mit Tellerkopf ist eine Holzschraube f\u00fcr die Verbindung von Holz auf Holz (Massivholz, Dachlatten, KVH), somit ideal f\u00fcr das Befestigen von Sparren, St\u00fctzen bei Carports usw.  Wir haben diese Schraube in sehr vielen gebr\u00e4uchlichen Abmessungen ab Lager verf\u00fcgbar.  Ma\u00dfe u. Materialbeschaffenheit   Teilgewinde  verzinkt  Tellerkopf  Hohe Gewindesteigung, dadurch schnelles Einschrauben  Ideal f\u00fcr Verschraubung Holz auf Holz (Massivholz, KVH)  VPE und St\u00fcckverkauf","og_url":"https:\/\/www.gieco-holz.de\/cms\/produkt\/heco-topix-plus-holzschraube-tellerkopf\/","og_site_name":"GIECO Holz und Verbindungstechnik","article_publisher":"https:\/\/www.facebook.com\/GIECO.Holz\/","article_modified_time":"2022-01-16T18:11:58+00:00","og_image":[{"width":2048,"height":1536,"url":"https:\/\/www.gieco-holz.de\/cms\/wp-content\/uploads\/2021\/12\/86130537-5178-49D3-975A-02F875880156.jpeg","type":"image\/jpeg"}],"twitter_card":"summary_large_image","schema":{"@context":"https:\/\/schema.org","@graph":[{"@type":"WebPage","@id":"https:\/\/www.gieco-holz.de\/cms\/produkt\/heco-topix-plus-holzschraube-tellerkopf\/","url":"https:\/\/www.gieco-holz.de\/cms\/produkt\/heco-topix-plus-holzschraube-tellerkopf\/","name":"HECO-TOPIX Holzbauschraube TK verzinkt - GIECO Holz und Verbindungstechnik","isPartOf":{"@id":"https:\/\/www.gieco-holz.de\/cms\/#website"},"datePublished":"2021-12-11T17:08:10+00:00","dateModified":"2022-01-16T18:11:58+00:00","breadcrumb":{"@id":"https:\/\/www.gieco-holz.de\/cms\/produkt\/heco-topix-plus-holzschraube-tellerkopf\/#breadcrumb"},"inLanguage":"de-DE","potentialAction":[{"@type":"ReadAction","target":["https:\/\/www.gieco-holz.de\/cms\/produkt\/heco-topix-plus-holzschraube-tellerkopf\/"]}]},{"@type":"BreadcrumbList","@id":"https:\/\/www.gieco-holz.de\/cms\/produkt\/heco-topix-plus-holzschraube-tellerkopf\/#breadcrumb","itemListElement":[{"@type":"ListItem","position":1,"name":"Startseite","item":"https:\/\/www.gieco-holz.de\/cms\/"},{"@type":"ListItem","position":2,"name":"Katalog","item":"https:\/\/www.gieco-holz.de\/cms\/shop\/"},{"@type":"ListItem","position":3,"name":"HECO-TOPIX Holzbauschraube TK verzinkt"}]},{"@type":"WebSite","@id":"https:\/\/www.gieco-holz.de\/cms\/#website","url":"https:\/\/www.gieco-holz.de\/cms\/","name":"GIECO Holz und Verbindungstechnik","description":"Blockh\u00e4user, Carports, Terrassen, Z\u00e4une, Sichtschutz, Gartenholz, Verkaufsh\u00e4user, Schrauben und Spielger\u00e4te","potentialAction":[{"@type":"SearchAction","target":{"@type":"EntryPoint","urlTemplate":"https:\/\/www.gieco-holz.de\/cms\/?s={search_term_string}"},"query-input":"required name=search_term_string"}],"inLanguage":"de-DE"}]}},"_links":{"self":[{"href":"https:\/\/www.gieco-holz.de\/cms\/wp-json\/wp\/v2\/product\/1607"}],"collection":[{"href":"https:\/\/www.gieco-holz.de\/cms\/wp-json\/wp\/v2\/product"}],"about":[{"href":"https:\/\/www.gieco-holz.de\/cms\/wp-json\/wp\/v2\/types\/product"}],"wp:featuredmedia":[{"embeddable":true,"href":"https:\/\/www.gieco-holz.de\/cms\/wp-json\/wp\/v2\/media\/1877"}],"wp:attachment":[{"href":"https:\/\/www.gieco-holz.de\/cms\/wp-json\/wp\/v2\/media?parent=1607"}],"curies":[{"name":"wp","href":"https:\/\/api.w.org\/{rel}","templated":true}]}}