{"id":1604,"date":"2021-12-11T18:07:49","date_gmt":"2021-12-11T17:07:49","guid":{"rendered":"https:\/\/www.gieco-holz.de\/cms\/produkt\/import-placeholder-for-894\/"},"modified":"2022-01-16T19:11:58","modified_gmt":"2022-01-16T18:11:58","slug":"schluesselschrauben-din-571-edelstahl-a-2-2","status":"publish","type":"product","link":"https:\/\/www.gieco-holz.de\/cms\/produkt\/schluesselschrauben-din-571-edelstahl-a-2-2\/","title":{"rendered":"Schl\u00fcsselschrauben Din 571 Edelstahl A 2"},"content":{"rendered":"<p><strong>Schl\u00fcsselschrauben Edelstahl A2<br \/>\n<\/strong><\/p>\n<p><strong>Ma\u00dfe u. Materialbeschaffenheit<\/strong><\/p>\n<ul>\n<li>Teilgewinde und Vollgewinde<\/li>\n<li>Edelstahl A 2<\/li>\n<li>Universalschraube<\/li>\n<li>Schl\u00fcsselkopf<\/li>\n<li>auch St\u00fcckverkauf<strong><br \/>\n<\/strong><\/li>\n<li>Abmessungen 6\/30 bis 6\/100, 8\/40 bis 8\/160<\/li>\n<li>10\/40 bis 10\/140<\/li>\n<\/ul>\n","protected":false},"excerpt":{"rendered":"<p>Schl\u00fcsselschrauben Edelstahl A2 haben wir\u00a0 in den Abmessungen von 6 x 30 mm bis 10 x 140 mm auf Lager.<\/p>\n","protected":false},"featured_media":1634,"template":"","meta":[],"yoast_head":"<!-- This site is optimized with the Yoast SEO plugin v19.8 - https:\/\/yoast.com\/wordpress\/plugins\/seo\/ -->\n<title>Schl\u00fcsselschrauben Din 571 Edelstahl A 2 - GIECO Holz und Verbindungstechnik<\/title>\n<meta name=\"robots\" content=\"index, follow, max-snippet:-1, max-image-preview:large, max-video-preview:-1\" \/>\n<link rel=\"canonical\" href=\"https:\/\/www.gieco-holz.de\/cms\/produkt\/schluesselschrauben-din-571-edelstahl-a-2-2\/\" \/>\n<meta property=\"og:locale\" content=\"de_DE\" \/>\n<meta property=\"og:type\" content=\"article\" \/>\n<meta property=\"og:title\" content=\"Schl\u00fcsselschrauben Din 571 Edelstahl A 2 - GIECO Holz und Verbindungstechnik\" \/>\n<meta property=\"og:description\" content=\"Schl\u00fcsselschrauben Edelstahl A2 haben wir\u00a0 in den Abmessungen von 6 x 30 mm bis 10 x 140 mm auf Lager.\" \/>\n<meta property=\"og:url\" content=\"https:\/\/www.gieco-holz.de\/cms\/produkt\/schluesselschrauben-din-571-edelstahl-a-2-2\/\" \/>\n<meta property=\"og:site_name\" content=\"GIECO Holz und Verbindungstechnik\" \/>\n<meta property=\"article:publisher\" content=\"https:\/\/www.facebook.com\/GIECO.Holz\/\" \/>\n<meta property=\"article:modified_time\" content=\"2022-01-16T18:11:58+00:00\" \/>\n<meta property=\"og:image\" content=\"https:\/\/www.gieco-holz.de\/cms\/wp-content\/uploads\/2021\/12\/Din-571-A2-2-1.jpg\" \/>\n\t<meta property=\"og:image:width\" content=\"854\" \/>\n\t<meta property=\"og:image:height\" content=\"640\" \/>\n\t<meta property=\"og:image:type\" content=\"image\/jpeg\" \/>\n<meta name=\"twitter:card\" content=\"summary_large_image\" \/>\n<script type=\"application\/ld+json\" class=\"yoast-schema-graph\">{\"@context\":\"https:\/\/schema.org\",\"@graph\":[{\"@type\":\"WebPage\",\"@id\":\"https:\/\/www.gieco-holz.de\/cms\/produkt\/schluesselschrauben-din-571-edelstahl-a-2-2\/\",\"url\":\"https:\/\/www.gieco-holz.de\/cms\/produkt\/schluesselschrauben-din-571-edelstahl-a-2-2\/\",\"name\":\"Schl\u00fcsselschrauben Din 571 Edelstahl A 2 - GIECO Holz und Verbindungstechnik\",\"isPartOf\":{\"@id\":\"https:\/\/www.gieco-holz.de\/cms\/#website\"},\"datePublished\":\"2021-12-11T17:07:49+00:00\",\"dateModified\":\"2022-01-16T18:11:58+00:00\",\"breadcrumb\":{\"@id\":\"https:\/\/www.gieco-holz.de\/cms\/produkt\/schluesselschrauben-din-571-edelstahl-a-2-2\/#breadcrumb\"},\"inLanguage\":\"de-DE\",\"potentialAction\":[{\"@type\":\"ReadAction\",\"target\":[\"https:\/\/www.gieco-holz.de\/cms\/produkt\/schluesselschrauben-din-571-edelstahl-a-2-2\/\"]}]},{\"@type\":\"BreadcrumbList\",\"@id\":\"https:\/\/www.gieco-holz.de\/cms\/produkt\/schluesselschrauben-din-571-edelstahl-a-2-2\/#breadcrumb\",\"itemListElement\":[{\"@type\":\"ListItem\",\"position\":1,\"name\":\"Startseite\",\"item\":\"https:\/\/www.gieco-holz.de\/cms\/\"},{\"@type\":\"ListItem\",\"position\":2,\"name\":\"Katalog\",\"item\":\"https:\/\/www.gieco-holz.de\/cms\/shop\/\"},{\"@type\":\"ListItem\",\"position\":3,\"name\":\"Schl\u00fcsselschrauben Din 571 Edelstahl A 2\"}]},{\"@type\":\"WebSite\",\"@id\":\"https:\/\/www.gieco-holz.de\/cms\/#website\",\"url\":\"https:\/\/www.gieco-holz.de\/cms\/\",\"name\":\"GIECO Holz und Verbindungstechnik\",\"description\":\"Blockh\u00e4user, Carports, Terrassen, Z\u00e4une, Sichtschutz, Gartenholz, Verkaufsh\u00e4user, Schrauben und Spielger\u00e4te\",\"potentialAction\":[{\"@type\":\"SearchAction\",\"target\":{\"@type\":\"EntryPoint\",\"urlTemplate\":\"https:\/\/www.gieco-holz.de\/cms\/?s={search_term_string}\"},\"query-input\":\"required name=search_term_string\"}],\"inLanguage\":\"de-DE\"}]}<\/script>\n<!-- \/ Yoast SEO plugin. -->","yoast_head_json":{"title":"Schl\u00fcsselschrauben Din 571 Edelstahl A 2 - GIECO Holz und Verbindungstechnik","robots":{"index":"index","follow":"follow","max-snippet":"max-snippet:-1","max-image-preview":"max-image-preview:large","max-video-preview":"max-video-preview:-1"},"canonical":"https:\/\/www.gieco-holz.de\/cms\/produkt\/schluesselschrauben-din-571-edelstahl-a-2-2\/","og_locale":"de_DE","og_type":"article","og_title":"Schl\u00fcsselschrauben Din 571 Edelstahl A 2 - GIECO Holz und Verbindungstechnik","og_description":"Schl\u00fcsselschrauben Edelstahl A2 haben wir\u00a0 in den Abmessungen von 6 x 30 mm bis 10 x 140 mm auf Lager.","og_url":"https:\/\/www.gieco-holz.de\/cms\/produkt\/schluesselschrauben-din-571-edelstahl-a-2-2\/","og_site_name":"GIECO Holz und Verbindungstechnik","article_publisher":"https:\/\/www.facebook.com\/GIECO.Holz\/","article_modified_time":"2022-01-16T18:11:58+00:00","og_image":[{"width":854,"height":640,"url":"https:\/\/www.gieco-holz.de\/cms\/wp-content\/uploads\/2021\/12\/Din-571-A2-2-1.jpg","type":"image\/jpeg"}],"twitter_card":"summary_large_image","schema":{"@context":"https:\/\/schema.org","@graph":[{"@type":"WebPage","@id":"https:\/\/www.gieco-holz.de\/cms\/produkt\/schluesselschrauben-din-571-edelstahl-a-2-2\/","url":"https:\/\/www.gieco-holz.de\/cms\/produkt\/schluesselschrauben-din-571-edelstahl-a-2-2\/","name":"Schl\u00fcsselschrauben Din 571 Edelstahl A 2 - GIECO Holz und Verbindungstechnik","isPartOf":{"@id":"https:\/\/www.gieco-holz.de\/cms\/#website"},"datePublished":"2021-12-11T17:07:49+00:00","dateModified":"2022-01-16T18:11:58+00:00","breadcrumb":{"@id":"https:\/\/www.gieco-holz.de\/cms\/produkt\/schluesselschrauben-din-571-edelstahl-a-2-2\/#breadcrumb"},"inLanguage":"de-DE","potentialAction":[{"@type":"ReadAction","target":["https:\/\/www.gieco-holz.de\/cms\/produkt\/schluesselschrauben-din-571-edelstahl-a-2-2\/"]}]},{"@type":"BreadcrumbList","@id":"https:\/\/www.gieco-holz.de\/cms\/produkt\/schluesselschrauben-din-571-edelstahl-a-2-2\/#breadcrumb","itemListElement":[{"@type":"ListItem","position":1,"name":"Startseite","item":"https:\/\/www.gieco-holz.de\/cms\/"},{"@type":"ListItem","position":2,"name":"Katalog","item":"https:\/\/www.gieco-holz.de\/cms\/shop\/"},{"@type":"ListItem","position":3,"name":"Schl\u00fcsselschrauben Din 571 Edelstahl A 2"}]},{"@type":"WebSite","@id":"https:\/\/www.gieco-holz.de\/cms\/#website","url":"https:\/\/www.gieco-holz.de\/cms\/","name":"GIECO Holz und Verbindungstechnik","description":"Blockh\u00e4user, Carports, Terrassen, Z\u00e4une, Sichtschutz, Gartenholz, Verkaufsh\u00e4user, Schrauben und Spielger\u00e4te","potentialAction":[{"@type":"SearchAction","target":{"@type":"EntryPoint","urlTemplate":"https:\/\/www.gieco-holz.de\/cms\/?s={search_term_string}"},"query-input":"required name=search_term_string"}],"inLanguage":"de-DE"}]}},"_links":{"self":[{"href":"https:\/\/www.gieco-holz.de\/cms\/wp-json\/wp\/v2\/product\/1604"}],"collection":[{"href":"https:\/\/www.gieco-holz.de\/cms\/wp-json\/wp\/v2\/product"}],"about":[{"href":"https:\/\/www.gieco-holz.de\/cms\/wp-json\/wp\/v2\/types\/product"}],"wp:featuredmedia":[{"embeddable":true,"href":"https:\/\/www.gieco-holz.de\/cms\/wp-json\/wp\/v2\/media\/1634"}],"wp:attachment":[{"href":"https:\/\/www.gieco-holz.de\/cms\/wp-json\/wp\/v2\/media?parent=1604"}],"curies":[{"name":"wp","href":"https:\/\/api.w.org\/{rel}","templated":true}]}}