{"id":1265,"date":"2020-03-12T14:40:19","date_gmt":"2020-03-12T14:40:19","guid":{"rendered":"http:\/\/www.gieco-holz.de\/cms\/produkt\/terrassen-mit-unterkonstruktion-und-aufbauservice\/"},"modified":"2022-01-16T19:11:59","modified_gmt":"2022-01-16T18:11:59","slug":"terrassen-mit-unterkonstruktion-und-aufbauservice","status":"publish","type":"product","link":"https:\/\/www.gieco-holz.de\/cms\/produkt\/terrassen-mit-unterkonstruktion-und-aufbauservice\/","title":{"rendered":"Terrassen mit Unterkonstruktion und Aufbauservice"},"content":{"rendered":"<p><strong>Terrassen aus unterschiedlichen Bel\u00e4gen<\/strong><strong>\u00a0<\/strong><\/p>\n<p>Wir liefern Ihnen Terrassenbel\u00e4ge aus unterschiedlichen Materialien, zum Beispiel:<\/p>\n<ul>\n<li style=\"list-style-type: none;\">\n<ul>\n<li>Douglasie<\/li>\n<li>L\u00e4rche<\/li>\n<li>Bangkirai<\/li>\n<li>Eiche<\/li>\n<li>Robine<\/li>\n<li>WPC \/ BPC<\/li>\n<li>Keramische Terrassenplatten<\/li>\n<\/ul>\n<\/li>\n<\/ul>\n<p>und dazu passendes Montagematerial \/ Unterkonstruktionen, auf Wunsch mit Aufbauservice.<\/p>\n","protected":false},"excerpt":{"rendered":"<p>Wollen sie Ihre Terrasse erweitern oder neu gestalten, dann sind Sie bei uns an der richtigen Adresse. Wir k\u00f6nnen Ihnen Terrassen aus verschiedenen Holzarten oder anderen Werkstoffen anbieten. Neben unterschiedlichen M\u00f6glichkeiten f\u00fcr den Unterbau, liefern wir auch das komplette Zubeh\u00f6r f\u00fcr einen guten und fachm\u00e4nnischen Aufbau. Ausser der Anlieferung zur Baustelle bieten wir auch einen Aufbauservice f\u00fcr Ihre Terrasse. (Liefer- und Aufbauservice im Umkreis von ~50 km vom Standort 59889 Eslohe)<\/p>\n","protected":false},"featured_media":1266,"template":"","meta":[],"yoast_head":"<!-- This site is optimized with the Yoast SEO plugin v19.8 - https:\/\/yoast.com\/wordpress\/plugins\/seo\/ -->\n<title>Terrassen mit Unterkonstruktion und Aufbauservice - GIECO Holz und Verbindungstechnik<\/title>\n<meta name=\"description\" content=\"Wir liefern Ihnen Terrassenbel\u00e4ge aus unterschiedlichen Materialien, zum Beispiel: Douglasie, L\u00e4rche, Bangkirai, Eiche, Robine, WPC \/ BPC, Keramische Terrassenplatten und dazu passendes Montagematerial \/ Unterkonstruktionen, auf Wunsch mit Aufbauservice.\" \/>\n<meta name=\"robots\" content=\"index, follow, max-snippet:-1, max-image-preview:large, max-video-preview:-1\" \/>\n<link rel=\"canonical\" href=\"https:\/\/www.gieco-holz.de\/cms\/produkt\/terrassen-mit-unterkonstruktion-und-aufbauservice\/\" \/>\n<meta property=\"og:locale\" content=\"de_DE\" \/>\n<meta property=\"og:type\" content=\"article\" \/>\n<meta property=\"og:title\" content=\"Terrassen mit Unterkonstruktion und Aufbauservice - GIECO Holz und Verbindungstechnik\" \/>\n<meta property=\"og:description\" content=\"Wir liefern Ihnen Terrassenbel\u00e4ge aus unterschiedlichen Materialien, zum Beispiel: Douglasie, L\u00e4rche, Bangkirai, Eiche, Robine, WPC \/ BPC, Keramische Terrassenplatten und dazu passendes Montagematerial \/ Unterkonstruktionen, auf Wunsch mit Aufbauservice.\" \/>\n<meta property=\"og:url\" content=\"https:\/\/www.gieco-holz.de\/cms\/produkt\/terrassen-mit-unterkonstruktion-und-aufbauservice\/\" \/>\n<meta property=\"og:site_name\" content=\"GIECO Holz und Verbindungstechnik\" \/>\n<meta property=\"article:publisher\" content=\"https:\/\/www.facebook.com\/GIECO.Holz\/\" \/>\n<meta property=\"article:modified_time\" content=\"2022-01-16T18:11:59+00:00\" \/>\n<meta property=\"og:image\" content=\"https:\/\/www.gieco-holz.de\/cms\/wp-content\/uploads\/2020\/03\/thermo-kiefer-8_c8f4cf09d3934d9198c7cfd8d78381b3.jpg\" \/>\n\t<meta property=\"og:image:width\" content=\"700\" \/>\n\t<meta property=\"og:image:height\" content=\"465\" \/>\n\t<meta property=\"og:image:type\" content=\"image\/jpeg\" \/>\n<meta name=\"twitter:card\" content=\"summary_large_image\" \/>\n<script type=\"application\/ld+json\" class=\"yoast-schema-graph\">{\"@context\":\"https:\/\/schema.org\",\"@graph\":[{\"@type\":\"WebPage\",\"@id\":\"https:\/\/www.gieco-holz.de\/cms\/produkt\/terrassen-mit-unterkonstruktion-und-aufbauservice\/\",\"url\":\"https:\/\/www.gieco-holz.de\/cms\/produkt\/terrassen-mit-unterkonstruktion-und-aufbauservice\/\",\"name\":\"Terrassen mit Unterkonstruktion und Aufbauservice - GIECO Holz und Verbindungstechnik\",\"isPartOf\":{\"@id\":\"https:\/\/www.gieco-holz.de\/cms\/#website\"},\"datePublished\":\"2020-03-12T14:40:19+00:00\",\"dateModified\":\"2022-01-16T18:11:59+00:00\",\"description\":\"Wir liefern Ihnen Terrassenbel\u00e4ge aus unterschiedlichen Materialien, zum Beispiel: Douglasie, L\u00e4rche, Bangkirai, Eiche, Robine, WPC \/ BPC, Keramische Terrassenplatten und dazu passendes Montagematerial \/ Unterkonstruktionen, auf Wunsch mit Aufbauservice.\",\"breadcrumb\":{\"@id\":\"https:\/\/www.gieco-holz.de\/cms\/produkt\/terrassen-mit-unterkonstruktion-und-aufbauservice\/#breadcrumb\"},\"inLanguage\":\"de-DE\",\"potentialAction\":[{\"@type\":\"ReadAction\",\"target\":[\"https:\/\/www.gieco-holz.de\/cms\/produkt\/terrassen-mit-unterkonstruktion-und-aufbauservice\/\"]}]},{\"@type\":\"BreadcrumbList\",\"@id\":\"https:\/\/www.gieco-holz.de\/cms\/produkt\/terrassen-mit-unterkonstruktion-und-aufbauservice\/#breadcrumb\",\"itemListElement\":[{\"@type\":\"ListItem\",\"position\":1,\"name\":\"Startseite\",\"item\":\"https:\/\/www.gieco-holz.de\/cms\/\"},{\"@type\":\"ListItem\",\"position\":2,\"name\":\"Katalog\",\"item\":\"https:\/\/www.gieco-holz.de\/cms\/shop\/\"},{\"@type\":\"ListItem\",\"position\":3,\"name\":\"Terrassen mit Unterkonstruktion und Aufbauservice\"}]},{\"@type\":\"WebSite\",\"@id\":\"https:\/\/www.gieco-holz.de\/cms\/#website\",\"url\":\"https:\/\/www.gieco-holz.de\/cms\/\",\"name\":\"GIECO Holz und Verbindungstechnik\",\"description\":\"Blockh\u00e4user, Carports, Terrassen, Z\u00e4une, Sichtschutz, Gartenholz, Verkaufsh\u00e4user, Schrauben und Spielger\u00e4te\",\"potentialAction\":[{\"@type\":\"SearchAction\",\"target\":{\"@type\":\"EntryPoint\",\"urlTemplate\":\"https:\/\/www.gieco-holz.de\/cms\/?s={search_term_string}\"},\"query-input\":\"required name=search_term_string\"}],\"inLanguage\":\"de-DE\"}]}<\/script>\n<!-- \/ Yoast SEO plugin. -->","yoast_head_json":{"title":"Terrassen mit Unterkonstruktion und Aufbauservice - GIECO Holz und Verbindungstechnik","description":"Wir liefern Ihnen Terrassenbel\u00e4ge aus unterschiedlichen Materialien, zum Beispiel: Douglasie, L\u00e4rche, Bangkirai, Eiche, Robine, WPC \/ BPC, Keramische Terrassenplatten und dazu passendes Montagematerial \/ Unterkonstruktionen, auf Wunsch mit Aufbauservice.","robots":{"index":"index","follow":"follow","max-snippet":"max-snippet:-1","max-image-preview":"max-image-preview:large","max-video-preview":"max-video-preview:-1"},"canonical":"https:\/\/www.gieco-holz.de\/cms\/produkt\/terrassen-mit-unterkonstruktion-und-aufbauservice\/","og_locale":"de_DE","og_type":"article","og_title":"Terrassen mit Unterkonstruktion und Aufbauservice - GIECO Holz und Verbindungstechnik","og_description":"Wir liefern Ihnen Terrassenbel\u00e4ge aus unterschiedlichen Materialien, zum Beispiel: Douglasie, L\u00e4rche, Bangkirai, Eiche, Robine, WPC \/ BPC, Keramische Terrassenplatten und dazu passendes Montagematerial \/ Unterkonstruktionen, auf Wunsch mit Aufbauservice.","og_url":"https:\/\/www.gieco-holz.de\/cms\/produkt\/terrassen-mit-unterkonstruktion-und-aufbauservice\/","og_site_name":"GIECO Holz und Verbindungstechnik","article_publisher":"https:\/\/www.facebook.com\/GIECO.Holz\/","article_modified_time":"2022-01-16T18:11:59+00:00","og_image":[{"width":700,"height":465,"url":"https:\/\/www.gieco-holz.de\/cms\/wp-content\/uploads\/2020\/03\/thermo-kiefer-8_c8f4cf09d3934d9198c7cfd8d78381b3.jpg","type":"image\/jpeg"}],"twitter_card":"summary_large_image","schema":{"@context":"https:\/\/schema.org","@graph":[{"@type":"WebPage","@id":"https:\/\/www.gieco-holz.de\/cms\/produkt\/terrassen-mit-unterkonstruktion-und-aufbauservice\/","url":"https:\/\/www.gieco-holz.de\/cms\/produkt\/terrassen-mit-unterkonstruktion-und-aufbauservice\/","name":"Terrassen mit Unterkonstruktion und Aufbauservice - GIECO Holz und Verbindungstechnik","isPartOf":{"@id":"https:\/\/www.gieco-holz.de\/cms\/#website"},"datePublished":"2020-03-12T14:40:19+00:00","dateModified":"2022-01-16T18:11:59+00:00","description":"Wir liefern Ihnen Terrassenbel\u00e4ge aus unterschiedlichen Materialien, zum Beispiel: Douglasie, L\u00e4rche, Bangkirai, Eiche, Robine, WPC \/ BPC, Keramische Terrassenplatten und dazu passendes Montagematerial \/ Unterkonstruktionen, auf Wunsch mit Aufbauservice.","breadcrumb":{"@id":"https:\/\/www.gieco-holz.de\/cms\/produkt\/terrassen-mit-unterkonstruktion-und-aufbauservice\/#breadcrumb"},"inLanguage":"de-DE","potentialAction":[{"@type":"ReadAction","target":["https:\/\/www.gieco-holz.de\/cms\/produkt\/terrassen-mit-unterkonstruktion-und-aufbauservice\/"]}]},{"@type":"BreadcrumbList","@id":"https:\/\/www.gieco-holz.de\/cms\/produkt\/terrassen-mit-unterkonstruktion-und-aufbauservice\/#breadcrumb","itemListElement":[{"@type":"ListItem","position":1,"name":"Startseite","item":"https:\/\/www.gieco-holz.de\/cms\/"},{"@type":"ListItem","position":2,"name":"Katalog","item":"https:\/\/www.gieco-holz.de\/cms\/shop\/"},{"@type":"ListItem","position":3,"name":"Terrassen mit Unterkonstruktion und Aufbauservice"}]},{"@type":"WebSite","@id":"https:\/\/www.gieco-holz.de\/cms\/#website","url":"https:\/\/www.gieco-holz.de\/cms\/","name":"GIECO Holz und Verbindungstechnik","description":"Blockh\u00e4user, Carports, Terrassen, Z\u00e4une, Sichtschutz, Gartenholz, Verkaufsh\u00e4user, Schrauben und Spielger\u00e4te","potentialAction":[{"@type":"SearchAction","target":{"@type":"EntryPoint","urlTemplate":"https:\/\/www.gieco-holz.de\/cms\/?s={search_term_string}"},"query-input":"required name=search_term_string"}],"inLanguage":"de-DE"}]}},"_links":{"self":[{"href":"https:\/\/www.gieco-holz.de\/cms\/wp-json\/wp\/v2\/product\/1265"}],"collection":[{"href":"https:\/\/www.gieco-holz.de\/cms\/wp-json\/wp\/v2\/product"}],"about":[{"href":"https:\/\/www.gieco-holz.de\/cms\/wp-json\/wp\/v2\/types\/product"}],"wp:featuredmedia":[{"embeddable":true,"href":"https:\/\/www.gieco-holz.de\/cms\/wp-json\/wp\/v2\/media\/1266"}],"wp:attachment":[{"href":"https:\/\/www.gieco-holz.de\/cms\/wp-json\/wp\/v2\/media?parent=1265"}],"curies":[{"name":"wp","href":"https:\/\/api.w.org\/{rel}","templated":true}]}}