{"id":1262,"date":"2020-03-11T13:53:35","date_gmt":"2020-03-11T13:53:35","guid":{"rendered":"http:\/\/www.gieco-holz.de\/cms\/produkt\/kinder-spielturm-mit-holzdach\/"},"modified":"2022-01-16T19:11:59","modified_gmt":"2022-01-16T18:11:59","slug":"kinder-spielturm-mit-holzdach","status":"publish","type":"product","link":"https:\/\/www.gieco-holz.de\/cms\/produkt\/kinder-spielturm-mit-holzdach\/","title":{"rendered":"Kinder &#8211; Spielturm mit Holzdach"},"content":{"rendered":"<p><strong>Kinderspieltum aus Kantholz mit Doppelschaukel, Holzdach, incl. Rutsche und Bodenanker<br \/>\n<\/strong><\/p>\n<p><strong>Lieferumfang:<\/strong><\/p>\n<ul>\n<li>Podesth\u00f6he 145 cm<\/li>\n<li>6 Bodenanker<\/li>\n<li>1 Rutsche 3,00 m, Farbe nach Wahl<\/li>\n<li>2 Schaukelsitz<\/li>\n<li>4 Schaukelhaken<\/li>\n<li>Montagematerial<\/li>\n<li>deutsche Aufbauanleitung<\/li>\n<li>Bausatz zum Selbstaufbau<\/li>\n<\/ul>\n<p><strong>Ma\u00dfe u. Materialbeschaffenheit<\/strong><\/p>\n<ul>\n<li>Nadelholz &#8211; Kantholz (Kreuzholz)<\/li>\n<li>St\u00fctzen am Turm 9\/9\u00a0 cm stark<\/li>\n<li>Schaukelbalken 9\/9 cm stark<\/li>\n<li>St\u00fctzen am Schaukelanbau 9\/9 cm stark<\/li>\n<li>Bausatz &#8211; zum Selbstaufbau<\/li>\n<li>Absturzsicherungen<\/li>\n<li>Podest 145 cm hoch (Anbau Rutsche 3,00 m m\u00f6glich)<\/li>\n<li>chromfrei kesseldruckimpr\u00e4gniert<\/li>\n<li>Abmessung:<\/li>\n<li>Breite 410 cm, Tiefe: 440 cm, H\u00f6he 350 cm<\/li>\n<\/ul>\n<p><strong>Qualit\u00e4t u. Sicherheit:<\/strong><\/p>\n<ul>\n<li>Holz aus nachhaltiger\u00a0 Forstwirtschaft<\/li>\n<li>Langlebigkeit durch chromfrei Kesseldruckimpr\u00e4gnierung<\/li>\n<li>T\u00dcV\/GS zertifiziert<\/li>\n<li>Belastbar bis zu 60 kg pro Schaukelsitz<\/li>\n<\/ul>\n<p><strong>Warnhinweise lt. EU-Verordnung:<\/strong><\/p>\n<ul>\n<li>Nur f\u00fcr den privaten Hausgebrauch<\/li>\n<li>Nur f\u00fcr Kinder von 3-14 Jahren.<\/li>\n<li>Benutzung nur unter Aufsicht von Erwachsenen<\/li>\n<\/ul>\n","protected":false},"excerpt":{"rendered":"<p>Der Spielturm aus Kantholz wird als Bausatz mit komplettem Zubeh\u00f6r geliefert.\u00a0 Der Spielturm ist T\u00dcV\/GS\u00a0 gepr\u00fcft. Das verwendete Nadelholz kommt aus nachhaltiger\u00a0 Forstwirtschaft. An den Spielturm kann eine Rutsche in der L\u00e4nge von 300 cm angebaut werden.<\/p>\n","protected":false},"featured_media":1263,"template":"","meta":[],"yoast_head":"<!-- This site is optimized with the Yoast SEO plugin v19.8 - https:\/\/yoast.com\/wordpress\/plugins\/seo\/ -->\n<title>Kinder - Spielturm mit Holzdach - GIECO Holz und Verbindungstechnik<\/title>\n<meta name=\"robots\" content=\"index, follow, max-snippet:-1, max-image-preview:large, max-video-preview:-1\" \/>\n<link rel=\"canonical\" href=\"https:\/\/www.gieco-holz.de\/cms\/produkt\/kinder-spielturm-mit-holzdach\/\" \/>\n<meta property=\"og:locale\" content=\"de_DE\" \/>\n<meta property=\"og:type\" content=\"article\" \/>\n<meta property=\"og:title\" content=\"Kinder - Spielturm mit Holzdach - GIECO Holz und Verbindungstechnik\" \/>\n<meta property=\"og:description\" content=\"Der Spielturm aus Kantholz wird als Bausatz mit komplettem Zubeh\u00f6r geliefert.\u00a0 Der Spielturm ist T\u00dcV\/GS\u00a0 gepr\u00fcft. Das verwendete Nadelholz kommt aus nachhaltiger\u00a0 Forstwirtschaft. An den Spielturm kann eine Rutsche in der L\u00e4nge von 300 cm angebaut werden.\" \/>\n<meta property=\"og:url\" content=\"https:\/\/www.gieco-holz.de\/cms\/produkt\/kinder-spielturm-mit-holzdach\/\" \/>\n<meta property=\"og:site_name\" content=\"GIECO Holz und Verbindungstechnik\" \/>\n<meta property=\"article:publisher\" content=\"https:\/\/www.facebook.com\/GIECO.Holz\/\" \/>\n<meta property=\"article:modified_time\" content=\"2022-01-16T18:11:59+00:00\" \/>\n<meta property=\"og:image\" content=\"https:\/\/www.gieco-holz.de\/cms\/wp-content\/uploads\/2020\/03\/Spielturm-Lukas.jpg\" \/>\n\t<meta property=\"og:image:width\" content=\"800\" \/>\n\t<meta property=\"og:image:height\" content=\"600\" \/>\n\t<meta property=\"og:image:type\" content=\"image\/jpeg\" \/>\n<meta name=\"twitter:card\" content=\"summary_large_image\" \/>\n<script type=\"application\/ld+json\" class=\"yoast-schema-graph\">{\"@context\":\"https:\/\/schema.org\",\"@graph\":[{\"@type\":\"WebPage\",\"@id\":\"https:\/\/www.gieco-holz.de\/cms\/produkt\/kinder-spielturm-mit-holzdach\/\",\"url\":\"https:\/\/www.gieco-holz.de\/cms\/produkt\/kinder-spielturm-mit-holzdach\/\",\"name\":\"Kinder - Spielturm mit Holzdach - GIECO Holz und Verbindungstechnik\",\"isPartOf\":{\"@id\":\"https:\/\/www.gieco-holz.de\/cms\/#website\"},\"datePublished\":\"2020-03-11T13:53:35+00:00\",\"dateModified\":\"2022-01-16T18:11:59+00:00\",\"breadcrumb\":{\"@id\":\"https:\/\/www.gieco-holz.de\/cms\/produkt\/kinder-spielturm-mit-holzdach\/#breadcrumb\"},\"inLanguage\":\"de-DE\",\"potentialAction\":[{\"@type\":\"ReadAction\",\"target\":[\"https:\/\/www.gieco-holz.de\/cms\/produkt\/kinder-spielturm-mit-holzdach\/\"]}]},{\"@type\":\"BreadcrumbList\",\"@id\":\"https:\/\/www.gieco-holz.de\/cms\/produkt\/kinder-spielturm-mit-holzdach\/#breadcrumb\",\"itemListElement\":[{\"@type\":\"ListItem\",\"position\":1,\"name\":\"Startseite\",\"item\":\"https:\/\/www.gieco-holz.de\/cms\/\"},{\"@type\":\"ListItem\",\"position\":2,\"name\":\"Katalog\",\"item\":\"https:\/\/www.gieco-holz.de\/cms\/shop\/\"},{\"@type\":\"ListItem\",\"position\":3,\"name\":\"Kinder &#8211; Spielturm mit Holzdach\"}]},{\"@type\":\"WebSite\",\"@id\":\"https:\/\/www.gieco-holz.de\/cms\/#website\",\"url\":\"https:\/\/www.gieco-holz.de\/cms\/\",\"name\":\"GIECO Holz und Verbindungstechnik\",\"description\":\"Blockh\u00e4user, Carports, Terrassen, Z\u00e4une, Sichtschutz, Gartenholz, Verkaufsh\u00e4user, Schrauben und Spielger\u00e4te\",\"potentialAction\":[{\"@type\":\"SearchAction\",\"target\":{\"@type\":\"EntryPoint\",\"urlTemplate\":\"https:\/\/www.gieco-holz.de\/cms\/?s={search_term_string}\"},\"query-input\":\"required name=search_term_string\"}],\"inLanguage\":\"de-DE\"}]}<\/script>\n<!-- \/ Yoast SEO plugin. -->","yoast_head_json":{"title":"Kinder - Spielturm mit Holzdach - GIECO Holz und Verbindungstechnik","robots":{"index":"index","follow":"follow","max-snippet":"max-snippet:-1","max-image-preview":"max-image-preview:large","max-video-preview":"max-video-preview:-1"},"canonical":"https:\/\/www.gieco-holz.de\/cms\/produkt\/kinder-spielturm-mit-holzdach\/","og_locale":"de_DE","og_type":"article","og_title":"Kinder - Spielturm mit Holzdach - GIECO Holz und Verbindungstechnik","og_description":"Der Spielturm aus Kantholz wird als Bausatz mit komplettem Zubeh\u00f6r geliefert.\u00a0 Der Spielturm ist T\u00dcV\/GS\u00a0 gepr\u00fcft. Das verwendete Nadelholz kommt aus nachhaltiger\u00a0 Forstwirtschaft. An den Spielturm kann eine Rutsche in der L\u00e4nge von 300 cm angebaut werden.","og_url":"https:\/\/www.gieco-holz.de\/cms\/produkt\/kinder-spielturm-mit-holzdach\/","og_site_name":"GIECO Holz und Verbindungstechnik","article_publisher":"https:\/\/www.facebook.com\/GIECO.Holz\/","article_modified_time":"2022-01-16T18:11:59+00:00","og_image":[{"width":800,"height":600,"url":"https:\/\/www.gieco-holz.de\/cms\/wp-content\/uploads\/2020\/03\/Spielturm-Lukas.jpg","type":"image\/jpeg"}],"twitter_card":"summary_large_image","schema":{"@context":"https:\/\/schema.org","@graph":[{"@type":"WebPage","@id":"https:\/\/www.gieco-holz.de\/cms\/produkt\/kinder-spielturm-mit-holzdach\/","url":"https:\/\/www.gieco-holz.de\/cms\/produkt\/kinder-spielturm-mit-holzdach\/","name":"Kinder - Spielturm mit Holzdach - GIECO Holz und Verbindungstechnik","isPartOf":{"@id":"https:\/\/www.gieco-holz.de\/cms\/#website"},"datePublished":"2020-03-11T13:53:35+00:00","dateModified":"2022-01-16T18:11:59+00:00","breadcrumb":{"@id":"https:\/\/www.gieco-holz.de\/cms\/produkt\/kinder-spielturm-mit-holzdach\/#breadcrumb"},"inLanguage":"de-DE","potentialAction":[{"@type":"ReadAction","target":["https:\/\/www.gieco-holz.de\/cms\/produkt\/kinder-spielturm-mit-holzdach\/"]}]},{"@type":"BreadcrumbList","@id":"https:\/\/www.gieco-holz.de\/cms\/produkt\/kinder-spielturm-mit-holzdach\/#breadcrumb","itemListElement":[{"@type":"ListItem","position":1,"name":"Startseite","item":"https:\/\/www.gieco-holz.de\/cms\/"},{"@type":"ListItem","position":2,"name":"Katalog","item":"https:\/\/www.gieco-holz.de\/cms\/shop\/"},{"@type":"ListItem","position":3,"name":"Kinder &#8211; Spielturm mit Holzdach"}]},{"@type":"WebSite","@id":"https:\/\/www.gieco-holz.de\/cms\/#website","url":"https:\/\/www.gieco-holz.de\/cms\/","name":"GIECO Holz und Verbindungstechnik","description":"Blockh\u00e4user, Carports, Terrassen, Z\u00e4une, Sichtschutz, Gartenholz, Verkaufsh\u00e4user, Schrauben und Spielger\u00e4te","potentialAction":[{"@type":"SearchAction","target":{"@type":"EntryPoint","urlTemplate":"https:\/\/www.gieco-holz.de\/cms\/?s={search_term_string}"},"query-input":"required name=search_term_string"}],"inLanguage":"de-DE"}]}},"_links":{"self":[{"href":"https:\/\/www.gieco-holz.de\/cms\/wp-json\/wp\/v2\/product\/1262"}],"collection":[{"href":"https:\/\/www.gieco-holz.de\/cms\/wp-json\/wp\/v2\/product"}],"about":[{"href":"https:\/\/www.gieco-holz.de\/cms\/wp-json\/wp\/v2\/types\/product"}],"wp:featuredmedia":[{"embeddable":true,"href":"https:\/\/www.gieco-holz.de\/cms\/wp-json\/wp\/v2\/media\/1263"}],"wp:attachment":[{"href":"https:\/\/www.gieco-holz.de\/cms\/wp-json\/wp\/v2\/media?parent=1262"}],"curies":[{"name":"wp","href":"https:\/\/api.w.org\/{rel}","templated":true}]}}