{"id":1192,"date":"2019-02-18T15:48:52","date_gmt":"2019-02-18T15:48:52","guid":{"rendered":"http:\/\/www.gieco-holz.de\/cms\/produkt\/tischchen-fuer-relaxliege-roh\/"},"modified":"2023-03-30T11:16:19","modified_gmt":"2023-03-30T10:16:19","slug":"tischchen-fuer-relaxliege-roh","status":"publish","type":"product","link":"https:\/\/www.gieco-holz.de\/cms\/produkt\/tischchen-fuer-relaxliege-roh\/","title":{"rendered":"Tischchen f\u00fcr Relaxliege"},"content":{"rendered":"<p><strong>Ablagetischchen f\u00fcr Relaxliege , roh<\/strong><\/p>\n<p><strong>Ma\u00dfe u. Materialbeschaffenheit<\/strong><\/p>\n<ul>\n<li>verleimte Fichte, roh<\/li>\n<li>Versand m\u00f6glich<\/li>\n<\/ul>\n<p><strong>Qualit\u00e4t u. Sicherheit:<\/strong><\/p>\n<ul>\n<li>Deutsche Produktion<\/li>\n<li>Holz aus nachhaltiger deutscher Forstwirtschaft<\/li>\n<\/ul>\n<p><strong>Preis inkl. MwSt. ab Werk, zzgl. Versand<\/strong><\/p>\n","protected":false},"excerpt":{"rendered":"<p>F\u00fcr unsere Relaxliegen bieten wir noch ein Ablagetischchen an. Hiermit haben Sie die M\u00f6glichkeit eine Tasse, Flasche oder Glas zu stellen. Das Tischchen ist nur gesteckt und kann daher auch an anderer Stelle platziert werden.<\/p>\n<p>Das Holz in unbehandelt und muss durch den Kunden vor Montage mit hochwertiger Holzschutzfarbe gegen Witterungseinfl\u00fcsse und Pilze\/F\u00e4ule gesch\u00fctzt werden. Die Farbe ist nicht im Lieferumfang enthalten.<\/p>\n","protected":false},"featured_media":1193,"template":"","meta":[],"yoast_head":"<!-- This site is optimized with the Yoast SEO plugin v19.8 - https:\/\/yoast.com\/wordpress\/plugins\/seo\/ -->\n<title>Tischchen f\u00fcr Relaxliege - GIECO Holz und Verbindungstechnik<\/title>\n<meta name=\"robots\" content=\"index, follow, max-snippet:-1, max-image-preview:large, max-video-preview:-1\" \/>\n<link rel=\"canonical\" href=\"https:\/\/www.gieco-holz.de\/cms\/produkt\/tischchen-fuer-relaxliege-roh\/\" \/>\n<meta property=\"og:locale\" content=\"de_DE\" \/>\n<meta property=\"og:type\" content=\"article\" \/>\n<meta property=\"og:title\" content=\"Tischchen f\u00fcr Relaxliege - GIECO Holz und Verbindungstechnik\" \/>\n<meta property=\"og:description\" content=\"F\u00fcr unsere Relaxliegen bieten wir noch ein Ablagetischchen an. Hiermit haben Sie die M\u00f6glichkeit eine Tasse, Flasche oder Glas zu stellen. Das Tischchen ist nur gesteckt und kann daher auch an anderer Stelle platziert werden.  Das Holz in unbehandelt und muss durch den Kunden vor Montage mit hochwertiger Holzschutzfarbe gegen Witterungseinfl\u00fcsse und Pilze\/F\u00e4ule gesch\u00fctzt werden. Die Farbe ist nicht im Lieferumfang enthalten.\" \/>\n<meta property=\"og:url\" content=\"https:\/\/www.gieco-holz.de\/cms\/produkt\/tischchen-fuer-relaxliege-roh\/\" \/>\n<meta property=\"og:site_name\" content=\"GIECO Holz und Verbindungstechnik\" \/>\n<meta property=\"article:publisher\" content=\"https:\/\/www.facebook.com\/GIECO.Holz\/\" \/>\n<meta property=\"article:modified_time\" content=\"2023-03-30T10:16:19+00:00\" \/>\n<meta property=\"og:image\" content=\"https:\/\/www.gieco-holz.de\/cms\/wp-content\/uploads\/2019\/02\/Tischchen.jpg\" \/>\n\t<meta property=\"og:image:width\" content=\"1024\" \/>\n\t<meta property=\"og:image:height\" content=\"467\" \/>\n\t<meta property=\"og:image:type\" content=\"image\/jpeg\" \/>\n<meta name=\"twitter:card\" content=\"summary_large_image\" \/>\n<script type=\"application\/ld+json\" class=\"yoast-schema-graph\">{\"@context\":\"https:\/\/schema.org\",\"@graph\":[{\"@type\":\"WebPage\",\"@id\":\"https:\/\/www.gieco-holz.de\/cms\/produkt\/tischchen-fuer-relaxliege-roh\/\",\"url\":\"https:\/\/www.gieco-holz.de\/cms\/produkt\/tischchen-fuer-relaxliege-roh\/\",\"name\":\"Tischchen f\u00fcr Relaxliege - GIECO Holz und Verbindungstechnik\",\"isPartOf\":{\"@id\":\"https:\/\/www.gieco-holz.de\/cms\/#website\"},\"datePublished\":\"2019-02-18T15:48:52+00:00\",\"dateModified\":\"2023-03-30T10:16:19+00:00\",\"breadcrumb\":{\"@id\":\"https:\/\/www.gieco-holz.de\/cms\/produkt\/tischchen-fuer-relaxliege-roh\/#breadcrumb\"},\"inLanguage\":\"de-DE\",\"potentialAction\":[{\"@type\":\"ReadAction\",\"target\":[\"https:\/\/www.gieco-holz.de\/cms\/produkt\/tischchen-fuer-relaxliege-roh\/\"]}]},{\"@type\":\"BreadcrumbList\",\"@id\":\"https:\/\/www.gieco-holz.de\/cms\/produkt\/tischchen-fuer-relaxliege-roh\/#breadcrumb\",\"itemListElement\":[{\"@type\":\"ListItem\",\"position\":1,\"name\":\"Startseite\",\"item\":\"https:\/\/www.gieco-holz.de\/cms\/\"},{\"@type\":\"ListItem\",\"position\":2,\"name\":\"Katalog\",\"item\":\"https:\/\/www.gieco-holz.de\/cms\/shop\/\"},{\"@type\":\"ListItem\",\"position\":3,\"name\":\"Tischchen f\u00fcr Relaxliege\"}]},{\"@type\":\"WebSite\",\"@id\":\"https:\/\/www.gieco-holz.de\/cms\/#website\",\"url\":\"https:\/\/www.gieco-holz.de\/cms\/\",\"name\":\"GIECO Holz und Verbindungstechnik\",\"description\":\"Blockh\u00e4user, Carports, Terrassen, Z\u00e4une, Sichtschutz, Gartenholz, Verkaufsh\u00e4user, Schrauben und Spielger\u00e4te\",\"potentialAction\":[{\"@type\":\"SearchAction\",\"target\":{\"@type\":\"EntryPoint\",\"urlTemplate\":\"https:\/\/www.gieco-holz.de\/cms\/?s={search_term_string}\"},\"query-input\":\"required name=search_term_string\"}],\"inLanguage\":\"de-DE\"}]}<\/script>\n<!-- \/ Yoast SEO plugin. -->","yoast_head_json":{"title":"Tischchen f\u00fcr Relaxliege - GIECO Holz und Verbindungstechnik","robots":{"index":"index","follow":"follow","max-snippet":"max-snippet:-1","max-image-preview":"max-image-preview:large","max-video-preview":"max-video-preview:-1"},"canonical":"https:\/\/www.gieco-holz.de\/cms\/produkt\/tischchen-fuer-relaxliege-roh\/","og_locale":"de_DE","og_type":"article","og_title":"Tischchen f\u00fcr Relaxliege - GIECO Holz und Verbindungstechnik","og_description":"F\u00fcr unsere Relaxliegen bieten wir noch ein Ablagetischchen an. Hiermit haben Sie die M\u00f6glichkeit eine Tasse, Flasche oder Glas zu stellen. Das Tischchen ist nur gesteckt und kann daher auch an anderer Stelle platziert werden.  Das Holz in unbehandelt und muss durch den Kunden vor Montage mit hochwertiger Holzschutzfarbe gegen Witterungseinfl\u00fcsse und Pilze\/F\u00e4ule gesch\u00fctzt werden. Die Farbe ist nicht im Lieferumfang enthalten.","og_url":"https:\/\/www.gieco-holz.de\/cms\/produkt\/tischchen-fuer-relaxliege-roh\/","og_site_name":"GIECO Holz und Verbindungstechnik","article_publisher":"https:\/\/www.facebook.com\/GIECO.Holz\/","article_modified_time":"2023-03-30T10:16:19+00:00","og_image":[{"width":1024,"height":467,"url":"https:\/\/www.gieco-holz.de\/cms\/wp-content\/uploads\/2019\/02\/Tischchen.jpg","type":"image\/jpeg"}],"twitter_card":"summary_large_image","schema":{"@context":"https:\/\/schema.org","@graph":[{"@type":"WebPage","@id":"https:\/\/www.gieco-holz.de\/cms\/produkt\/tischchen-fuer-relaxliege-roh\/","url":"https:\/\/www.gieco-holz.de\/cms\/produkt\/tischchen-fuer-relaxliege-roh\/","name":"Tischchen f\u00fcr Relaxliege - GIECO Holz und Verbindungstechnik","isPartOf":{"@id":"https:\/\/www.gieco-holz.de\/cms\/#website"},"datePublished":"2019-02-18T15:48:52+00:00","dateModified":"2023-03-30T10:16:19+00:00","breadcrumb":{"@id":"https:\/\/www.gieco-holz.de\/cms\/produkt\/tischchen-fuer-relaxliege-roh\/#breadcrumb"},"inLanguage":"de-DE","potentialAction":[{"@type":"ReadAction","target":["https:\/\/www.gieco-holz.de\/cms\/produkt\/tischchen-fuer-relaxliege-roh\/"]}]},{"@type":"BreadcrumbList","@id":"https:\/\/www.gieco-holz.de\/cms\/produkt\/tischchen-fuer-relaxliege-roh\/#breadcrumb","itemListElement":[{"@type":"ListItem","position":1,"name":"Startseite","item":"https:\/\/www.gieco-holz.de\/cms\/"},{"@type":"ListItem","position":2,"name":"Katalog","item":"https:\/\/www.gieco-holz.de\/cms\/shop\/"},{"@type":"ListItem","position":3,"name":"Tischchen f\u00fcr Relaxliege"}]},{"@type":"WebSite","@id":"https:\/\/www.gieco-holz.de\/cms\/#website","url":"https:\/\/www.gieco-holz.de\/cms\/","name":"GIECO Holz und Verbindungstechnik","description":"Blockh\u00e4user, Carports, Terrassen, Z\u00e4une, Sichtschutz, Gartenholz, Verkaufsh\u00e4user, Schrauben und Spielger\u00e4te","potentialAction":[{"@type":"SearchAction","target":{"@type":"EntryPoint","urlTemplate":"https:\/\/www.gieco-holz.de\/cms\/?s={search_term_string}"},"query-input":"required name=search_term_string"}],"inLanguage":"de-DE"}]}},"_links":{"self":[{"href":"https:\/\/www.gieco-holz.de\/cms\/wp-json\/wp\/v2\/product\/1192"}],"collection":[{"href":"https:\/\/www.gieco-holz.de\/cms\/wp-json\/wp\/v2\/product"}],"about":[{"href":"https:\/\/www.gieco-holz.de\/cms\/wp-json\/wp\/v2\/types\/product"}],"wp:featuredmedia":[{"embeddable":true,"href":"https:\/\/www.gieco-holz.de\/cms\/wp-json\/wp\/v2\/media\/1193"}],"wp:attachment":[{"href":"https:\/\/www.gieco-holz.de\/cms\/wp-json\/wp\/v2\/media?parent=1192"}],"curies":[{"name":"wp","href":"https:\/\/api.w.org\/{rel}","templated":true}]}}