{"id":1180,"date":"2019-02-13T14:32:07","date_gmt":"2019-02-13T14:32:07","guid":{"rendered":"http:\/\/www.gieco-holz.de\/cms\/produkt\/relaxliege-caro-farbton-schiefergrau\/"},"modified":"2022-01-18T06:25:20","modified_gmt":"2022-01-18T05:25:20","slug":"relaxliege-caro-in-verschiedenen-ausfuehrungen","status":"publish","type":"product","link":"https:\/\/www.gieco-holz.de\/cms\/produkt\/relaxliege-caro-in-verschiedenen-ausfuehrungen\/","title":{"rendered":"Relaxliege Caro in verschiedenen Ausf\u00fchrungen"},"content":{"rendered":"<p><strong>Relaxliege aus Fichte-Massivholz f\u00fcr 2 Personen, montiert und mit Holzoel behandelt<br \/>\n<\/strong><\/p>\n<p><strong>Lieferumfang:<\/strong><\/p>\n<ul>\n<li><strong>fertig montiert<\/strong><\/li>\n<li><strong>flache Ausf\u00fchrung<\/strong><\/li>\n<li><strong>2 x mit Koralan Holzoel-spezial behandelt<\/strong><\/li>\n<li><strong>verschiedene Farbt\u00f6ne<br \/>\n<\/strong><\/li>\n<li><strong>Breite 118 cm<\/strong><\/li>\n<li><strong>alternativ als Bausatz roh<\/strong><\/li>\n<li><strong>Versand m\u00f6glich<\/strong><\/li>\n<\/ul>\n<p><strong>Ma\u00dfe u. Materialbeschaffenheit<\/strong><\/p>\n<ul>\n<li>Nadelholz &#8211; Fichte<\/li>\n<li>Banklatten 38\/58 mm stark<\/li>\n<li>Unterkonstruktion 6 cm stark<\/li>\n<li>Gewicht ca. 65 kg<\/li>\n<li>Abmessung: Breite 118 cm, Tiefe: 140 cm, H\u00f6he 113 cm<\/li>\n<\/ul>\n<p><strong>Qualit\u00e4t u. Sicherheit:<\/strong><\/p>\n<ul>\n<li>Deutsche Produktion<\/li>\n<li>Holz aus nachhaltiger deutscher Forstwirtschaft<\/li>\n<\/ul>\n<p><strong>Besonderheiten<\/strong><\/p>\n<ul>\n<li>Einfacher Aufbau, alle Teile vorgebohrt<\/li>\n<li>Handarbeit aus deutscher Herstellung<\/li>\n<\/ul>\n","protected":false},"excerpt":{"rendered":"<p>Die Relaxliege Caro aus massivem Fichtenholz 118 cm breit ist eine Ruhebank f\u00fcr 2 Personen aus Fichte. Die Relaxliege ist nach vorne flacher gebaut wie die Liege Mia. Diese Ver\u00e4nderung gegen\u00fcber der Liege Mia f\u00fchrt vor allem bei gr\u00f6\u00dferen Personen f\u00fcr eine bequemer Sitzposition.<\/p>\n","protected":false},"featured_media":1183,"template":"","meta":[],"yoast_head":"<!-- This site is optimized with the Yoast SEO plugin v19.8 - https:\/\/yoast.com\/wordpress\/plugins\/seo\/ -->\n<title>Relaxliege Caro in verschiedenen Ausf\u00fchrungen - GIECO Holz und Verbindungstechnik<\/title>\n<meta name=\"robots\" content=\"index, follow, max-snippet:-1, max-image-preview:large, max-video-preview:-1\" \/>\n<link rel=\"canonical\" href=\"https:\/\/www.gieco-holz.de\/cms\/produkt\/relaxliege-caro-in-verschiedenen-ausfuehrungen\/\" \/>\n<meta property=\"og:locale\" content=\"de_DE\" \/>\n<meta property=\"og:type\" content=\"article\" \/>\n<meta property=\"og:title\" content=\"Relaxliege Caro in verschiedenen Ausf\u00fchrungen - GIECO Holz und Verbindungstechnik\" \/>\n<meta property=\"og:description\" content=\"Die Relaxliege Caro aus massivem Fichtenholz 118 cm breit ist eine Ruhebank f\u00fcr 2 Personen aus Fichte. Die Relaxliege ist nach vorne flacher gebaut wie die Liege Mia. Diese Ver\u00e4nderung gegen\u00fcber der Liege Mia f\u00fchrt vor allem bei gr\u00f6\u00dferen Personen f\u00fcr eine bequemer Sitzposition.\" \/>\n<meta property=\"og:url\" content=\"https:\/\/www.gieco-holz.de\/cms\/produkt\/relaxliege-caro-in-verschiedenen-ausfuehrungen\/\" \/>\n<meta property=\"og:site_name\" content=\"GIECO Holz und Verbindungstechnik\" \/>\n<meta property=\"article:publisher\" content=\"https:\/\/www.facebook.com\/GIECO.Holz\/\" \/>\n<meta property=\"article:modified_time\" content=\"2022-01-18T05:25:20+00:00\" \/>\n<meta property=\"og:image\" content=\"https:\/\/www.gieco-holz.de\/cms\/wp-content\/uploads\/2019\/02\/Liege-neu-3-2.jpg\" \/>\n\t<meta property=\"og:image:width\" content=\"1024\" \/>\n\t<meta property=\"og:image:height\" content=\"806\" \/>\n\t<meta property=\"og:image:type\" content=\"image\/jpeg\" \/>\n<meta name=\"twitter:card\" content=\"summary_large_image\" \/>\n<script type=\"application\/ld+json\" class=\"yoast-schema-graph\">{\"@context\":\"https:\/\/schema.org\",\"@graph\":[{\"@type\":\"WebPage\",\"@id\":\"https:\/\/www.gieco-holz.de\/cms\/produkt\/relaxliege-caro-in-verschiedenen-ausfuehrungen\/\",\"url\":\"https:\/\/www.gieco-holz.de\/cms\/produkt\/relaxliege-caro-in-verschiedenen-ausfuehrungen\/\",\"name\":\"Relaxliege Caro in verschiedenen Ausf\u00fchrungen - GIECO Holz und Verbindungstechnik\",\"isPartOf\":{\"@id\":\"https:\/\/www.gieco-holz.de\/cms\/#website\"},\"datePublished\":\"2019-02-13T14:32:07+00:00\",\"dateModified\":\"2022-01-18T05:25:20+00:00\",\"breadcrumb\":{\"@id\":\"https:\/\/www.gieco-holz.de\/cms\/produkt\/relaxliege-caro-in-verschiedenen-ausfuehrungen\/#breadcrumb\"},\"inLanguage\":\"de-DE\",\"potentialAction\":[{\"@type\":\"ReadAction\",\"target\":[\"https:\/\/www.gieco-holz.de\/cms\/produkt\/relaxliege-caro-in-verschiedenen-ausfuehrungen\/\"]}]},{\"@type\":\"BreadcrumbList\",\"@id\":\"https:\/\/www.gieco-holz.de\/cms\/produkt\/relaxliege-caro-in-verschiedenen-ausfuehrungen\/#breadcrumb\",\"itemListElement\":[{\"@type\":\"ListItem\",\"position\":1,\"name\":\"Startseite\",\"item\":\"https:\/\/www.gieco-holz.de\/cms\/\"},{\"@type\":\"ListItem\",\"position\":2,\"name\":\"Katalog\",\"item\":\"https:\/\/www.gieco-holz.de\/cms\/shop\/\"},{\"@type\":\"ListItem\",\"position\":3,\"name\":\"Relaxliege Caro in verschiedenen Ausf\u00fchrungen\"}]},{\"@type\":\"WebSite\",\"@id\":\"https:\/\/www.gieco-holz.de\/cms\/#website\",\"url\":\"https:\/\/www.gieco-holz.de\/cms\/\",\"name\":\"GIECO Holz und Verbindungstechnik\",\"description\":\"Blockh\u00e4user, Carports, Terrassen, Z\u00e4une, Sichtschutz, Gartenholz, Verkaufsh\u00e4user, Schrauben und Spielger\u00e4te\",\"potentialAction\":[{\"@type\":\"SearchAction\",\"target\":{\"@type\":\"EntryPoint\",\"urlTemplate\":\"https:\/\/www.gieco-holz.de\/cms\/?s={search_term_string}\"},\"query-input\":\"required name=search_term_string\"}],\"inLanguage\":\"de-DE\"}]}<\/script>\n<!-- \/ Yoast SEO plugin. -->","yoast_head_json":{"title":"Relaxliege Caro in verschiedenen Ausf\u00fchrungen - GIECO Holz und Verbindungstechnik","robots":{"index":"index","follow":"follow","max-snippet":"max-snippet:-1","max-image-preview":"max-image-preview:large","max-video-preview":"max-video-preview:-1"},"canonical":"https:\/\/www.gieco-holz.de\/cms\/produkt\/relaxliege-caro-in-verschiedenen-ausfuehrungen\/","og_locale":"de_DE","og_type":"article","og_title":"Relaxliege Caro in verschiedenen Ausf\u00fchrungen - GIECO Holz und Verbindungstechnik","og_description":"Die Relaxliege Caro aus massivem Fichtenholz 118 cm breit ist eine Ruhebank f\u00fcr 2 Personen aus Fichte. Die Relaxliege ist nach vorne flacher gebaut wie die Liege Mia. Diese Ver\u00e4nderung gegen\u00fcber der Liege Mia f\u00fchrt vor allem bei gr\u00f6\u00dferen Personen f\u00fcr eine bequemer Sitzposition.","og_url":"https:\/\/www.gieco-holz.de\/cms\/produkt\/relaxliege-caro-in-verschiedenen-ausfuehrungen\/","og_site_name":"GIECO Holz und Verbindungstechnik","article_publisher":"https:\/\/www.facebook.com\/GIECO.Holz\/","article_modified_time":"2022-01-18T05:25:20+00:00","og_image":[{"width":1024,"height":806,"url":"https:\/\/www.gieco-holz.de\/cms\/wp-content\/uploads\/2019\/02\/Liege-neu-3-2.jpg","type":"image\/jpeg"}],"twitter_card":"summary_large_image","schema":{"@context":"https:\/\/schema.org","@graph":[{"@type":"WebPage","@id":"https:\/\/www.gieco-holz.de\/cms\/produkt\/relaxliege-caro-in-verschiedenen-ausfuehrungen\/","url":"https:\/\/www.gieco-holz.de\/cms\/produkt\/relaxliege-caro-in-verschiedenen-ausfuehrungen\/","name":"Relaxliege Caro in verschiedenen Ausf\u00fchrungen - GIECO Holz und Verbindungstechnik","isPartOf":{"@id":"https:\/\/www.gieco-holz.de\/cms\/#website"},"datePublished":"2019-02-13T14:32:07+00:00","dateModified":"2022-01-18T05:25:20+00:00","breadcrumb":{"@id":"https:\/\/www.gieco-holz.de\/cms\/produkt\/relaxliege-caro-in-verschiedenen-ausfuehrungen\/#breadcrumb"},"inLanguage":"de-DE","potentialAction":[{"@type":"ReadAction","target":["https:\/\/www.gieco-holz.de\/cms\/produkt\/relaxliege-caro-in-verschiedenen-ausfuehrungen\/"]}]},{"@type":"BreadcrumbList","@id":"https:\/\/www.gieco-holz.de\/cms\/produkt\/relaxliege-caro-in-verschiedenen-ausfuehrungen\/#breadcrumb","itemListElement":[{"@type":"ListItem","position":1,"name":"Startseite","item":"https:\/\/www.gieco-holz.de\/cms\/"},{"@type":"ListItem","position":2,"name":"Katalog","item":"https:\/\/www.gieco-holz.de\/cms\/shop\/"},{"@type":"ListItem","position":3,"name":"Relaxliege Caro in verschiedenen Ausf\u00fchrungen"}]},{"@type":"WebSite","@id":"https:\/\/www.gieco-holz.de\/cms\/#website","url":"https:\/\/www.gieco-holz.de\/cms\/","name":"GIECO Holz und Verbindungstechnik","description":"Blockh\u00e4user, Carports, Terrassen, Z\u00e4une, Sichtschutz, Gartenholz, Verkaufsh\u00e4user, Schrauben und Spielger\u00e4te","potentialAction":[{"@type":"SearchAction","target":{"@type":"EntryPoint","urlTemplate":"https:\/\/www.gieco-holz.de\/cms\/?s={search_term_string}"},"query-input":"required name=search_term_string"}],"inLanguage":"de-DE"}]}},"_links":{"self":[{"href":"https:\/\/www.gieco-holz.de\/cms\/wp-json\/wp\/v2\/product\/1180"}],"collection":[{"href":"https:\/\/www.gieco-holz.de\/cms\/wp-json\/wp\/v2\/product"}],"about":[{"href":"https:\/\/www.gieco-holz.de\/cms\/wp-json\/wp\/v2\/types\/product"}],"wp:featuredmedia":[{"embeddable":true,"href":"https:\/\/www.gieco-holz.de\/cms\/wp-json\/wp\/v2\/media\/1183"}],"wp:attachment":[{"href":"https:\/\/www.gieco-holz.de\/cms\/wp-json\/wp\/v2\/media?parent=1180"}],"curies":[{"name":"wp","href":"https:\/\/api.w.org\/{rel}","templated":true}]}}