{"id":58,"date":"2015-01-16T12:33:03","date_gmt":"2015-01-16T12:33:03","guid":{"rendered":"http:\/\/gieco-holz.de\/cms\/?page_id=58"},"modified":"2022-01-08T11:06:24","modified_gmt":"2022-01-08T10:06:24","slug":"gieco-fachhandel-holz-garten-verbindungstechnik","status":"publish","type":"page","link":"https:\/\/www.gieco-holz.de\/cms\/gieco-fachhandel-holz-garten-verbindungstechnik\/","title":{"rendered":"Unternehmen"},"content":{"rendered":"[vc_row padding_top=&#8220;0px&#8220; padding_bottom=&#8220;0px&#8220; border=&#8220;none&#8220;][vc_column width=&#8220;1\/1&#8243;]<h1>Wir d\u00fcrfen vorstellen &#8211; GIECO<\/h1>\n<h4>Holz im Garten, H\u00fctten, Blockh\u00e4user, Carports, Terrassen, Z\u00e4une, Sichtschutz und Gartenm\u00f6bel<\/h4>\n<p>GIECO Holz &amp; Verbindungstechnik bietet Ihnen individuelle Gartenausstattungen aus Holz inklusive Planung und Aufbau von Gartenh\u00fctten, Holz- \/ Blockh\u00e4usern und Terrassen an. Als Fachh\u00e4ndler f\u00fcr Gartenholz und Schrauben \/ Verbindungstechnik beraten wir Sie gerne in einem pers\u00f6nlichen Gespr\u00e4ch und zeigen Ihnen Inspirationen f\u00fcr den heimischen Garten in unserer Ausstellung in Eslohe-Cobbenrode.<\/p>\n<h4>Marktst\u00e4nde, Verkaufsh\u00e4user, Automatenumhausungen, Weihnachtsbaumpaletten<\/h4>\n<p>Als Spezialist f\u00fcr Verkaufsst\u00e4nde und Transportpaletten bieten wir Landwirten in Direktvermarktung sowie Weihnachtsbaumh\u00e4ndlern individuelle Verkaufs- und Transportl\u00f6sungen im Form von Paletten sowie schnell aufzubauende Verkaufsh\u00e4user, Marktst\u00e4nde und Holzh\u00fctten f\u00fcr Vermarktung, Logistik, Lagerung bzw. Witterungsschutz an.<\/p>\n<h4>Schraubenhandel \/ Verbindungstechnik<\/h4>\n<p>Ein gro\u00dfes Sortiment an Schrauben \/ Holzverbindungstechnik rundet unser Angebot ab. Wir f\u00fchren alle g\u00e4ngigen Produkte f\u00fcr Heimwerker und beliefern Handwerker, Bauherren und mittelst\u00e4ndische Industriebetriebe im Hochsauerlandkreis (HSK), Kreis Olpe (OE), Kreis Siegen-Wittgenstein (SI) sowie M\u00e4rkischen Kreis (MK).<\/p>\n[\/vc_column][\/vc_row]\n[vc_row padding_top=&#8220;0px&#8220; padding_bottom=&#8220;0px&#8220; border=&#8220;none&#8220;][vc_column width=&#8220;1\/1&#8243;]<h3>Historie des Unternehmens<\/h3>\n<h4>Schrauben Gies &#8211; 1987<\/h4>\n<p>Bereits seit drei Jahrzehnten besch\u00e4ftigte sich das Gr\u00fcnderehepaar Hermann u. Gaby Gies intensiv mit den vielf\u00e4ltigen M\u00f6glichkeiten formsch\u00f6ner Produkte aus dem nachwachsenden Rohstoff Holz. Das war eine Grundvoraussetzung f\u00fcr das Angebot eines breiten Sortiments an Holzverbindungselementen und Zubeh\u00f6r f\u00fcr den Holzbau, das wir seit 1987 zun\u00e4chst unter dem Namen Schrauben Gies in Lennestadt-Oedingen vertrieben.<\/p>\n[\/vc_column][\/vc_row]\n[vc_row padding_top=&#8220;0px&#8220; padding_bottom=&#8220;0px&#8220; border=&#8220;none&#8220;][vc_column width=&#8220;1\/1&#8243;]<h4>Gr\u00fcndung GIECO &#8211; 2007<\/h4>\n<p>Im Jahr 2007 gr\u00fcndete Hermann Gies, selbst seit \u00fcber 30 Jahren in der Holzverarbeitenden Industrie t\u00e4tig, ein zweites Unternehmen. GIECO nahm am heutigen Standort in Eslohe-Cobbenrode den Handel und Vertrieb modular konstruierter Outdoor-Kinderspielger\u00e4te aus gehobeltem Rund- und Kantholz auf. Unsere, den Anforderungen T\u00dcV-gepr\u00fcfter Sicherheit entsprechende Herstellungskompetenz nutzten wir, um das Angebot bald um\u00a0handgefertigte Gartenholz-Produkte und Holzbauwerke zu erweitern.<\/p>\n[\/vc_column][\/vc_row]\n[vc_row padding_top=&#8220;0px&#8220; padding_bottom=&#8220;0px&#8220; border=&#8220;none&#8220;][vc_column width=&#8220;1\/1&#8243;]<h4>Zusammenf\u00fchrung von Holz, Garten-Produkten, Carports, Verkaufsh\u00fctten, Verbindungstechnik &#8211; 2014<\/h4>\n<p>2014 f\u00fchrten wir die Verbindungstechnik von Schrauben Gies mit dem Portfolio an hochwertigen Spielger\u00e4ten, Gartenm\u00f6beln, Blockh\u00fctten, Verkaufsh\u00e4usern und Carports unter dem Dach des Familienbetriebs <strong>GIECO<\/strong>\u00a0in Eslohe-Cobbenrode zusammen.<\/p>\n[\/vc_column][\/vc_row]\n[vc_row padding_top=&#8220;0px&#8220; padding_bottom=&#8220;0px&#8220; border=&#8220;none&#8220;][vc_column width=&#8220;1\/1&#8243;]<h4>Die n\u00e4chste Generation &#8211; 2022<\/h4>\n<p>2022 \u00fcbergeben die Gr\u00fcnder das Unternehmen an die n\u00e4chste Generation. Ramona und Markus Gies \u00fcbernehmen den Gesch\u00e4ftsbetrieb von GIECO ab Anfang Januar. Gaby und Hermann Gies begleiten den Start und stehen somit f\u00fcr alle Kunden weiterhin als Ansprechpartner zur Verf\u00fcgung.<\/p>\n[\/vc_column][\/vc_row]\n[vc_row padding_top=&#8220;0px&#8220; padding_bottom=&#8220;0px&#8220; border=&#8220;none&#8220;][vc_column width=&#8220;1\/1&#8243;]<blockquote  class=\"x-blockquote\" >Wenn man Hochwertiges und Bleibendes schaffen m\u00f6chte, sind engagierte Mitarbeiter und erstklassiges Material eine Grundvoraussetzung.<cite class=\"x-cite\">Hermann Gies<\/cite><\/blockquote>[\/vc_column][\/vc_row]\n[vc_row padding_top=&#8220;0px&#8220; padding_bottom=&#8220;0px&#8220; border=&#8220;none&#8220;][vc_column width=&#8220;1\/1&#8243;]<img alt=\"Unternehmen\"  class=\"x-img x-img-none none\"  src=\"https:\/\/www.gieco-holz.de\/cms\/wp-content\/uploads\/2015\/01\/footer_garden.jpg\" >[\/vc_column][\/vc_row]\n","protected":false},"excerpt":{"rendered":"<p>[vc_row padding_top=&#8220;0px&#8220; padding_bottom=&#8220;0px&#8220; border=&#8220;none&#8220;][vc_column width=&#8220;1\/1&#8243;][\/vc_column][\/vc_row] [vc_row padding_top=&#8220;0px&#8220; padding_bottom=&#8220;0px&#8220; border=&#8220;none&#8220;][vc_column width=&#8220;1\/1&#8243;][\/vc_column][\/vc_row] [vc_row padding_top=&#8220;0px&#8220; padding_bottom=&#8220;0px&#8220; border=&#8220;none&#8220;][vc_column width=&#8220;1\/1&#8243;][\/vc_column][\/vc_row] [vc_row padding_top=&#8220;0px&#8220; padding_bottom=&#8220;0px&#8220; border=&#8220;none&#8220;][vc_column width=&#8220;1\/1&#8243;][\/vc_column][\/vc_row] [vc_row padding_top=&#8220;0px&#8220; padding_bottom=&#8220;0px&#8220; border=&#8220;none&#8220;][vc_column width=&#8220;1\/1&#8243;][\/vc_column][\/vc_row] [vc_row padding_top=&#8220;0px&#8220; padding_bottom=&#8220;0px&#8220; border=&#8220;none&#8220;][vc_column width=&#8220;1\/1&#8243;][\/vc_column][\/vc_row] [vc_row padding_top=&#8220;0px&#8220; padding_bottom=&#8220;0px&#8220; border=&#8220;none&#8220;][vc_column width=&#8220;1\/1&#8243;][\/vc_column][\/vc_row]<\/p>\n","protected":false},"author":3,"featured_media":0,"parent":0,"menu_order":0,"comment_status":"closed","ping_status":"closed","template":"template-layout-full-width.php","meta":[],"yoast_head":"<!-- This site is optimized with the Yoast SEO plugin v19.8 - https:\/\/yoast.com\/wordpress\/plugins\/seo\/ -->\n<title>Fachhandel &quot;Holz im Garten&quot;-Produkte und Verbindungstechnik - GIECO<\/title>\n<meta name=\"description\" content=\"Das Unternehmen GIECO aus Cobbenrode ist Fachh\u00e4ndler von Holz-Produkten f\u00fcr den Garten sowie Planung und Aufbau von H\u00fctten, Verkaufsh\u00e4usern und Carports.\" \/>\n<meta name=\"robots\" content=\"index, follow, max-snippet:-1, max-image-preview:large, max-video-preview:-1\" \/>\n<link rel=\"canonical\" href=\"https:\/\/www.gieco-holz.de\/cms\/gieco-fachhandel-holz-garten-verbindungstechnik\/\" \/>\n<meta property=\"og:locale\" content=\"de_DE\" \/>\n<meta property=\"og:type\" content=\"article\" \/>\n<meta property=\"og:title\" content=\"Fachhandel &quot;Holz im Garten&quot;-Produkte und Verbindungstechnik - GIECO\" \/>\n<meta property=\"og:description\" content=\"Das Unternehmen GIECO aus Cobbenrode ist Fachh\u00e4ndler von Holz-Produkten f\u00fcr den Garten sowie Planung und Aufbau von H\u00fctten, Verkaufsh\u00e4usern und Carports.\" \/>\n<meta property=\"og:url\" content=\"https:\/\/www.gieco-holz.de\/cms\/gieco-fachhandel-holz-garten-verbindungstechnik\/\" \/>\n<meta property=\"og:site_name\" content=\"GIECO Holz und Verbindungstechnik\" \/>\n<meta property=\"article:publisher\" content=\"https:\/\/www.facebook.com\/GIECO.Holz\/\" \/>\n<meta property=\"article:modified_time\" content=\"2022-01-08T10:06:24+00:00\" \/>\n<meta name=\"twitter:card\" content=\"summary_large_image\" \/>\n<script type=\"application\/ld+json\" class=\"yoast-schema-graph\">{\"@context\":\"https:\/\/schema.org\",\"@graph\":[{\"@type\":\"WebPage\",\"@id\":\"https:\/\/www.gieco-holz.de\/cms\/gieco-fachhandel-holz-garten-verbindungstechnik\/\",\"url\":\"https:\/\/www.gieco-holz.de\/cms\/gieco-fachhandel-holz-garten-verbindungstechnik\/\",\"name\":\"Fachhandel \\\"Holz im Garten\\\"-Produkte und Verbindungstechnik - GIECO\",\"isPartOf\":{\"@id\":\"https:\/\/www.gieco-holz.de\/cms\/#website\"},\"datePublished\":\"2015-01-16T12:33:03+00:00\",\"dateModified\":\"2022-01-08T10:06:24+00:00\",\"description\":\"Das Unternehmen GIECO aus Cobbenrode ist Fachh\u00e4ndler von Holz-Produkten f\u00fcr den Garten sowie Planung und Aufbau von H\u00fctten, Verkaufsh\u00e4usern und Carports.\",\"breadcrumb\":{\"@id\":\"https:\/\/www.gieco-holz.de\/cms\/gieco-fachhandel-holz-garten-verbindungstechnik\/#breadcrumb\"},\"inLanguage\":\"de-DE\",\"potentialAction\":[{\"@type\":\"ReadAction\",\"target\":[\"https:\/\/www.gieco-holz.de\/cms\/gieco-fachhandel-holz-garten-verbindungstechnik\/\"]}]},{\"@type\":\"BreadcrumbList\",\"@id\":\"https:\/\/www.gieco-holz.de\/cms\/gieco-fachhandel-holz-garten-verbindungstechnik\/#breadcrumb\",\"itemListElement\":[{\"@type\":\"ListItem\",\"position\":1,\"name\":\"Startseite\",\"item\":\"https:\/\/www.gieco-holz.de\/cms\/\"},{\"@type\":\"ListItem\",\"position\":2,\"name\":\"Unternehmen\"}]},{\"@type\":\"WebSite\",\"@id\":\"https:\/\/www.gieco-holz.de\/cms\/#website\",\"url\":\"https:\/\/www.gieco-holz.de\/cms\/\",\"name\":\"GIECO Holz und Verbindungstechnik\",\"description\":\"Blockh\u00e4user, Carports, Terrassen, Z\u00e4une, Sichtschutz, Gartenholz, Verkaufsh\u00e4user, Schrauben und Spielger\u00e4te\",\"potentialAction\":[{\"@type\":\"SearchAction\",\"target\":{\"@type\":\"EntryPoint\",\"urlTemplate\":\"https:\/\/www.gieco-holz.de\/cms\/?s={search_term_string}\"},\"query-input\":\"required name=search_term_string\"}],\"inLanguage\":\"de-DE\"}]}<\/script>\n<!-- \/ Yoast SEO plugin. -->","yoast_head_json":{"title":"Fachhandel \"Holz im Garten\"-Produkte und Verbindungstechnik - GIECO","description":"Das Unternehmen GIECO aus Cobbenrode ist Fachh\u00e4ndler von Holz-Produkten f\u00fcr den Garten sowie Planung und Aufbau von H\u00fctten, Verkaufsh\u00e4usern und Carports.","robots":{"index":"index","follow":"follow","max-snippet":"max-snippet:-1","max-image-preview":"max-image-preview:large","max-video-preview":"max-video-preview:-1"},"canonical":"https:\/\/www.gieco-holz.de\/cms\/gieco-fachhandel-holz-garten-verbindungstechnik\/","og_locale":"de_DE","og_type":"article","og_title":"Fachhandel \"Holz im Garten\"-Produkte und Verbindungstechnik - GIECO","og_description":"Das Unternehmen GIECO aus Cobbenrode ist Fachh\u00e4ndler von Holz-Produkten f\u00fcr den Garten sowie Planung und Aufbau von H\u00fctten, Verkaufsh\u00e4usern und Carports.","og_url":"https:\/\/www.gieco-holz.de\/cms\/gieco-fachhandel-holz-garten-verbindungstechnik\/","og_site_name":"GIECO Holz und Verbindungstechnik","article_publisher":"https:\/\/www.facebook.com\/GIECO.Holz\/","article_modified_time":"2022-01-08T10:06:24+00:00","twitter_card":"summary_large_image","schema":{"@context":"https:\/\/schema.org","@graph":[{"@type":"WebPage","@id":"https:\/\/www.gieco-holz.de\/cms\/gieco-fachhandel-holz-garten-verbindungstechnik\/","url":"https:\/\/www.gieco-holz.de\/cms\/gieco-fachhandel-holz-garten-verbindungstechnik\/","name":"Fachhandel \"Holz im Garten\"-Produkte und Verbindungstechnik - GIECO","isPartOf":{"@id":"https:\/\/www.gieco-holz.de\/cms\/#website"},"datePublished":"2015-01-16T12:33:03+00:00","dateModified":"2022-01-08T10:06:24+00:00","description":"Das Unternehmen GIECO aus Cobbenrode ist Fachh\u00e4ndler von Holz-Produkten f\u00fcr den Garten sowie Planung und Aufbau von H\u00fctten, Verkaufsh\u00e4usern und Carports.","breadcrumb":{"@id":"https:\/\/www.gieco-holz.de\/cms\/gieco-fachhandel-holz-garten-verbindungstechnik\/#breadcrumb"},"inLanguage":"de-DE","potentialAction":[{"@type":"ReadAction","target":["https:\/\/www.gieco-holz.de\/cms\/gieco-fachhandel-holz-garten-verbindungstechnik\/"]}]},{"@type":"BreadcrumbList","@id":"https:\/\/www.gieco-holz.de\/cms\/gieco-fachhandel-holz-garten-verbindungstechnik\/#breadcrumb","itemListElement":[{"@type":"ListItem","position":1,"name":"Startseite","item":"https:\/\/www.gieco-holz.de\/cms\/"},{"@type":"ListItem","position":2,"name":"Unternehmen"}]},{"@type":"WebSite","@id":"https:\/\/www.gieco-holz.de\/cms\/#website","url":"https:\/\/www.gieco-holz.de\/cms\/","name":"GIECO Holz und Verbindungstechnik","description":"Blockh\u00e4user, Carports, Terrassen, Z\u00e4une, Sichtschutz, Gartenholz, Verkaufsh\u00e4user, Schrauben und Spielger\u00e4te","potentialAction":[{"@type":"SearchAction","target":{"@type":"EntryPoint","urlTemplate":"https:\/\/www.gieco-holz.de\/cms\/?s={search_term_string}"},"query-input":"required name=search_term_string"}],"inLanguage":"de-DE"}]}},"_links":{"self":[{"href":"https:\/\/www.gieco-holz.de\/cms\/wp-json\/wp\/v2\/pages\/58"}],"collection":[{"href":"https:\/\/www.gieco-holz.de\/cms\/wp-json\/wp\/v2\/pages"}],"about":[{"href":"https:\/\/www.gieco-holz.de\/cms\/wp-json\/wp\/v2\/types\/page"}],"author":[{"embeddable":true,"href":"https:\/\/www.gieco-holz.de\/cms\/wp-json\/wp\/v2\/users\/3"}],"replies":[{"embeddable":true,"href":"https:\/\/www.gieco-holz.de\/cms\/wp-json\/wp\/v2\/comments?post=58"}],"version-history":[{"count":41,"href":"https:\/\/www.gieco-holz.de\/cms\/wp-json\/wp\/v2\/pages\/58\/revisions"}],"predecessor-version":[{"id":1871,"href":"https:\/\/www.gieco-holz.de\/cms\/wp-json\/wp\/v2\/pages\/58\/revisions\/1871"}],"wp:attachment":[{"href":"https:\/\/www.gieco-holz.de\/cms\/wp-json\/wp\/v2\/media?parent=58"}],"curies":[{"name":"wp","href":"https:\/\/api.w.org\/{rel}","templated":true}]}}