{"id":2,"date":"2015-01-16T08:00:14","date_gmt":"2015-01-16T08:00:14","guid":{"rendered":"http:\/\/gieco-holz.de\/cms\/?page_id=2"},"modified":"2022-10-24T13:53:16","modified_gmt":"2022-10-24T12:53:16","slug":"home","status":"publish","type":"page","link":"https:\/\/www.gieco-holz.de\/cms\/","title":{"rendered":"Home"},"content":{"rendered":"[vc_row inner_container=&#8220;true&#8220; no_margin=&#8220;true&#8220; padding_top=&#8220;0px&#8220; padding_bottom=&#8220;0px&#8220; border=&#8220;none&#8220;][vc_column width=&#8220;1\/2&#8243;]<h3>GIECO Holz &amp; Verbindungstechnik<\/h3>\n<p>Unser Angebot umfasst den kompletten Bereich Gartenholz wie Blockh\u00e4user, Gartenh\u00fctten, Terrassen, Carports, Gartenm\u00f6bel, Z\u00e4une, Sichtschutzelemente, Hochbeete, Pflanzk\u00e4sten, Spielger\u00e4te und zu einzelnen Jahreszeiten passende Dekoartikel. Wir legen Wert auf formsch\u00f6ne, besondere und nachhaltige Produkte.<\/p>\n<p>Schauen Sie vorbei \u2013 digital in unserem <b><a href=\"https:\/\/www.gieco-holz.de\/cms\/shop\/\" target=\"_blank\" rel=\"noopener\">Online-Katalog<\/a><\/b> oder pers\u00f6nlich in unserer Ausstellung. Bei uns finden Sie fachkompetente Beratung zu allen g\u00e4ngigen und au\u00dfergew\u00f6hnlichen Produkten aus Holz f\u00fcr den heimischen Garten. In unserem Verkaufsraum erwartet Sie eine breite Auswahl an Schrauben und Verbindungselementen, Holz-Zubeh\u00f6r und ausgew\u00e4hlten Deko-Artikeln.<\/p>\n<p>GIECO liegt verkehrsg\u00fcnstig an der Kreisgrenze vom HSK zum Kreis Olpe mit direkter Verbindung zur B55 im Industriegebiet &#8222;Auf der Hube&#8220; in Eslohe-Cobbenrode.<\/p>\n[\/vc_column]\n[vc_column width=&#8220;1\/2&#8243;]<img  class=\"x-img x-img-none none\"  src=\"https:\/\/www.gieco-holz.de\/cms\/wp-content\/uploads\/2015\/01\/bank.jpg\" alt=\"Gartenbank\">\n<strong>Wir sind Partner des lokalen Hand- und Heimwerks. Wir schaffen die perfekte Verbindung aus Holz. Wir stehen f\u00fcr Wohlgef\u00fchl im heimischen Garten. Und: Wir hei\u00dfen Sie herzlich Willkommen! Ihr Team von GIECO Holz.<\/strong>[\/vc_column][\/vc_row]\n[vc_row padding_top=&#8220;20px&#8220; padding_bottom=&#8220;0px&#8220; border=&#8220;none&#8220; bg_color=&#8220;#e5e5e5&#8243; inner_container=&#8220;true&#8220; no_margin=&#8220;true&#8220;][vc_column width=&#8220;1\/2&#8243;]<img  class=\"x-img x-img-none none\"  src=\"https:\/\/www.gieco-holz.de\/cms\/wp-content\/uploads\/2021\/12\/blockhaus.png\" alt=\"Blockh\u00e4user, Carports, Holzunterst\u00e4nde, Gartenh\u00fctten\">[\/vc_column]\n[vc_column width=&#8220;1\/2&#8243;]<h3>Blockh\u00e4user, Carports, Holzunterst\u00e4nde, Pavillons, Gartenh\u00fctten, Fass-Saunen<\/h3>\n<p>Als Gartenhaus, exklusives Home Office-B\u00fcro, Hobbyraum, Wetterschutz oder einfach nur zum Entspannen und Wohlf\u00fchlen. Wir bieten Ihnen die komplette Palette aller g\u00e4ngigen und auch au\u00dfergew\u00f6hnlichen Blockh\u00e4user.<\/p>\n<p>Sie treffen die Wahl, sowohl beim Produkt, als auch bei Lieferung und Aufbau von DIY bis Full Service. Gerne beraten wir Sie vor Ort, liefern Ideen und begleiten Sie auf dem Weg zu mehr Freude am eigenen Garten.<\/p>\n[\/vc_column][\/vc_row]\n[vc_row padding_top=&#8220;20px&#8220; padding_bottom=&#8220;0px&#8220; border=&#8220;none&#8220; bg_color=&#8220;#e5e5e5&#8243; inner_container=&#8220;true&#8220; no_margin=&#8220;true&#8220;][vc_column width=&#8220;1\/2&#8243;]<h3>Terrassen und Gartenm\u00f6bel<\/h3>\n<p>Eine Terrasse aus nachhaltigen H\u00f6lzern bzw. witterungsbest\u00e4ndigen und pflegeleichten WPC-Dielen werten jeden Garten enorm auf. Zu sinnvollen M\u00f6glichkeiten, alternativen Materialien, dem Stand der Technik zur Errichtung von Terrassen und dazu passende, optisch ansprechende Sichtschutz- und Zaunelemente beraten wir Sie gerne. Und die Gartenm\u00f6bel liefern wir Ihnen auf Wunsch direkt mit!<\/p>\n[\/vc_column]\n[vc_column width=&#8220;1\/2&#8243;]<img  class=\"x-img x-img-none none\"  src=\"https:\/\/www.gieco-holz.de\/cms\/wp-content\/uploads\/2021\/12\/terrasse_gartenmoebel-1.png\" alt=\"Terrassen und Gartenm\u00f6bel\">[\/vc_column][\/vc_row]\n[vc_row padding_top=&#8220;20px&#8220; padding_bottom=&#8220;0px&#8220; border=&#8220;none&#8220; bg_color=&#8220;#e5e5e5&#8243; inner_container=&#8220;true&#8220; no_margin=&#8220;true&#8220;][vc_column width=&#8220;1\/2&#8243;]<img  class=\"x-img x-img-none none\"  src=\"https:\/\/www.gieco-holz.de\/cms\/wp-content\/uploads\/2015\/01\/huette.jpg\" alt=\"Verkaufsh\u00fctte\">[\/vc_column]\n[vc_column width=&#8220;1\/2&#8243;]<h3>Verkaufsh\u00e4user, Marktst\u00e4nde, Direktvermarktung<\/h3>\n<p>F\u00fcr Ihren repr\u00e4sentativen Marktstand liefern wir Ihnen das passende Verkaufshaus. Hierbei achten wir auf Stabilit\u00e4t und schnelle Montage. Zu unseren Kunden z\u00e4hlen Landwirte in Direktvermarktung, Hofl\u00e4den, Erdbeer- und Spargelbauern, Weihnachtsbaum-Produzenten, H\u00e4ndler sowie St\u00e4dte und Kommunen.<\/p>\n<p>Unsere Verkaufsh\u00e4user zeichnen sich durch hohe Mobilit\u00e4t und Variabilit\u00e4t aus. Damit sind Sie nicht nur mobil gut aufgestellt, sondern auch sicher unterwegs. Hier finden Sie eine \u00dcbersicht aller Produkte: <a href=\"https:\/\/www.gieco-holz.de\/cms\/verkaufshaeuser-marktstaende\/\">Verkaufsh\u00e4user und Marktst\u00e4nde f\u00fcr Landwirte und Hofl\u00e4den von GIECO<\/a><\/p>\n[\/vc_column][\/vc_row]\n[vc_row padding_top=&#8220;20px&#8220; padding_bottom=&#8220;0px&#8220; border=&#8220;none&#8220; bg_color=&#8220;#e5e5e5&#8243; inner_container=&#8220;true&#8220; no_margin=&#8220;true&#8220;][vc_column width=&#8220;1\/2&#8243;]<h3>Holz-Verbindungstechnik<\/h3>\n<p>In unserem gro\u00dfen Sortiment finden Sie alle g\u00e4ngigen Schrauben und Verbindungselemente. Ausgew\u00e4hltes Zubeh\u00f6r und Deko runden das Angebot ab. Gerne beraten wir Sie zur passenden L\u00f6sung, auch kniffeligen Aufgaben stellen wir uns gerne. Hierf\u00fcr besuchen wir regelm\u00e4\u00dfig Schulungen und sorgen so f\u00fcr feste und haltbare Verbindungen.<\/p>\n<p>Gute Qualit\u00e4t zu vern\u00fcnftigen Preisen, verl\u00e4sslicher Partner des Handwerks und ein Geheimtip f\u00fcr alle Heimwerker. Das ist Schrauben Gies, ein Gesch\u00e4ftsbereich von GIECO. Hier finden Sie eine \u00dcbersicht aller Produkte: <a href=\"https:\/\/www.gieco-holz.de\/cms\/verbindungstechnik\/\">Schrauben und Verbindungstechnik von GIECO<\/a><\/p>\n[\/vc_column]\n[vc_column width=&#8220;1\/2&#8243;]<img  class=\"x-img x-img-none none\"  src=\"https:\/\/www.gieco-holz.de\/cms\/wp-content\/uploads\/2015\/01\/Verkaufsraum-2.jpg\" alt=\"Verbindungstechnik und Schraubenhandel\">[\/vc_column][\/vc_row]\n[vc_row padding_top=&#8220;20px&#8220; padding_bottom=&#8220;0px&#8220; border=&#8220;none&#8220; bg_color=&#8220;#e5e5e5&#8243; inner_container=&#8220;true&#8220; no_margin=&#8220;true&#8220;][vc_column width=&#8220;1\/2&#8243;]<img  class=\"x-img x-img-none none\"  src=\"https:\/\/www.gieco-holz.de\/cms\/wp-content\/uploads\/2021\/02\/weihnachtsbaum.jpg\" alt=\"Paletten f\u00fcr Weihnachtsb\u00e4ume\">[\/vc_column]\n[vc_column width=&#8220;1\/2&#8243;]<h3>Paletten f\u00fcr Weihnachtsbaumh\u00e4ndler<\/h3>\n<p>Als Spezialist f\u00fcr die Weihnachtsbaum-Branche haben wir einen passenden Standort im Herzen des Sauerlands ausgesucht.<\/p>\n<p>Wir liefern neben Verkaufsh\u00e4usern und Unterst\u00e4nden auch individuelle Transportpaletten und Seitenbretter f\u00fcr alle g\u00e4ngigen Verpackungsmaschinen.<\/p>\n[\/vc_column][\/vc_row]\n[vc_row padding_top=&#8220;20px&#8220; padding_bottom=&#8220;0px&#8220; border=&#8220;none&#8220; bg_color=&#8220;#e5e5e5&#8243; inner_container=&#8220;true&#8220; no_margin=&#8220;true&#8220;][vc_column width=&#8220;1\/2&#8243;]<h3>Kinder-Spielger\u00e4te<\/h3>\n<p>Kinder sind abenteuerlustig, schaukeln, klettern und rutschen gerne. Bei uns k\u00f6nnen die Kleinen spielen, w\u00e4hrend Mama und Papa sich in der Ausstellung umschauen.<\/p>\n<p>Und wenn der Garten gro\u00df genug ist, haben wir bestimmt auch eine passende Spielkombination f\u00fcr Ihr Zuhause.<\/p>\n[\/vc_column]\n[vc_column width=&#8220;1\/2&#8243;]<img  class=\"x-img x-img-none none\"  src=\"https:\/\/www.gieco-holz.de\/cms\/wp-content\/uploads\/2021\/02\/spielgeraete.jpg\" alt=\"Spielger\u00e4te f\u00fcr Kinder\">[\/vc_column][\/vc_row]\n[vc_row inner_container=&#8220;true&#8220; padding_top=&#8220;20px&#8220; padding_bottom=&#8220;0px&#8220; border=&#8220;none&#8220;][vc_column width=&#8220;1\/2&#8243;]<div  class=\"x-promo\" ><div class=\"x-promo-image-wrap\"><img alt=\"Home\" src=\"https:\/\/www.gieco-holz.de\/cms\/wp-content\/uploads\/2015\/01\/klettergeruest.jpg\" \/><\/div><div class=\"x-promo-content\">\n<h3>Produkt\u00fcbersicht<\/h3>\n<p>Eine \u00dcbersicht \u00fcber unsere hochwertigen Spielger\u00e4te, Gartenholz und weitere Produkte finden Sie in unserem <a href=\"https:\/\/www.gieco-holz.de\/cms\/shop\/\">Online-Katalog<\/a>.<\/p>\n<ul>\n<li><a title=\"Gartenholz\" href=\"https:\/\/www.gieco-holz.de\/cms\/produkt-kategorie\/holz-im-garten\/\">Gartenholz<\/a><\/li>\n<li><a title=\"Blockh\u00e4user und Gartenh\u00fctten\" href=\"https:\/\/www.gieco-holz.de\/cms\/produkt-kategorie\/blockhaeuser\/\">Blockh\u00e4user und Gartenh\u00fctten<\/a><\/li>\n<li><a title=\"Kinder-Spielger\u00e4te\" href=\"https:\/\/www.gieco-holz.de\/cms\/produkt-kategorie\/spielgeraete\/\">Kinder-Spielger\u00e4te<\/a><\/li>\n<li><a title=\"Verkaufsh\u00e4user und Marktst\u00e4nde\" href=\"https:\/\/www.gieco-holz.de\/cms\/produkt-kategorie\/verkaufshaeuser\/\">Verkaufsh\u00e4user und Marktst\u00e4nde<\/a><\/li>\n<li><a title=\"Weihnachtsbaum-Paletten\" href=\"https:\/\/www.gieco-holz.de\/cms\/produkt-kategorie\/paletten\/\">Transport-Paletten f\u00fcr Weihnachtsb\u00e4ume<\/a><\/li>\n<li><a title=\"Schrauben und Verbindungstechnik\" href=\"https:\/\/www.gieco-holz.de\/cms\/produkt-kategorie\/verbindungstechnik\/\">Schrauben und Verbindungstechnik<\/a><\/li>\n<li><a title=\"Dekoartikel\" href=\"https:\/\/www.gieco-holz.de\/cms\/produkt-kategorie\/deko-artikel-aus-holz\/\">Dekoartikel<\/a><\/li>\n<\/ul>\n<\/div><\/div>[\/vc_column]\n[vc_column width=&#8220;1\/2&#8243;]<div  class=\"x-promo\" ><div class=\"x-promo-image-wrap\"><img alt=\"Home\" src=\"https:\/\/www.gieco-holz.de\/cms\/wp-content\/uploads\/2015\/01\/open.jpg\" \/><\/div><div class=\"x-promo-content\">\n<h3>Ladengesch\u00e4ft<\/h3>\n<p>In unserem Ladengesch\u00e4ft in Eslohe-Cobbenrode finden Sie neben einem gro\u00dfen Sortiment an Schrauben und Holz-Verbindungstechnik zudem Holz- und Gartenzubeh\u00f6r sowie Dekoartikel. Lassen Sie sich in unserer Ausstellung durch spannende Gartenideen inspirieren. Kinder sind herzlich willkommen, es gibt viel zu entdecken f\u00fcr die gesamte Familie.<\/p>\n<p>\u00d6ffnungszeiten<br \/>\nMo. \u2013 Fr. 09:00\u201312:00 und 14:00\u201317:00 Uhr<br \/>\nSa. 09:00\u201312:00 Uhr<br \/>\nsowie nach telefonischer Vereinbarung.<\/p>\n<p><a title=\"Verbindungstechnik\" href=\"https:\/\/www.gieco-holz.de\/cms\/verbindungstechnik\/\">Sortiment Verbindungstechnik \u00bb<\/a><\/div><\/div>[\/vc_column][\/vc_row]\n","protected":false},"excerpt":{"rendered":"<p>[vc_row inner_container=&#8220;true&#8220; no_margin=&#8220;true&#8220; padding_top=&#8220;0px&#8220; padding_bottom=&#8220;0px&#8220; border=&#8220;none&#8220;][vc_column width=&#8220;1\/2&#8243;][\/vc_column] [vc_column width=&#8220;1\/2&#8243;] Wir sind Partner des lokalen Hand- und Heimwerks. Wir schaffen die perfekte Verbindung aus Holz. Wir stehen f\u00fcr Wohlgef\u00fchl im heimischen Garten. Und: Wir hei\u00dfen Sie herzlich Willkommen! Ihr Team von GIECO Holz.[\/vc_column][\/vc_row] [vc_row padding_top=&#8220;20px&#8220; padding_bottom=&#8220;0px&#8220; border=&#8220;none&#8220; bg_color=&#8220;#e5e5e5&#8243; inner_container=&#8220;true&#8220; no_margin=&#8220;true&#8220;][vc_column width=&#8220;1\/2&#8243;][\/vc_column] [vc_column width=&#8220;1\/2&#8243;][\/vc_column][\/vc_row] [vc_row padding_top=&#8220;20px&#8220; padding_bottom=&#8220;0px&#8220; border=&#8220;none&#8220; bg_color=&#8220;#e5e5e5&#8243; inner_container=&#8220;true&#8220; no_margin=&#8220;true&#8220;][vc_column width=&#8220;1\/2&#8243;][\/vc_column] &#8230;<\/p>\n","protected":false},"author":3,"featured_media":0,"parent":0,"menu_order":0,"comment_status":"closed","ping_status":"closed","template":"template-layout-full-width.php","meta":[],"yoast_head":"<!-- This site is optimized with the Yoast SEO plugin v19.8 - https:\/\/yoast.com\/wordpress\/plugins\/seo\/ -->\n<title>Home - GIECO Holz und Verbindungstechnik<\/title>\n<meta name=\"robots\" content=\"index, follow, max-snippet:-1, max-image-preview:large, max-video-preview:-1\" \/>\n<link rel=\"canonical\" href=\"https:\/\/www.gieco-holz.de\/cms\/\" \/>\n<meta property=\"og:locale\" content=\"de_DE\" \/>\n<meta property=\"og:type\" content=\"article\" \/>\n<meta property=\"og:title\" content=\"Home - GIECO Holz und Verbindungstechnik\" \/>\n<meta property=\"og:description\" content=\"[vc_row inner_container=&#8220;true&#8220; no_margin=&#8220;true&#8220; padding_top=&#8220;0px&#8220; padding_bottom=&#8220;0px&#8220; border=&#8220;none&#8220;][vc_column width=&#8220;1\/2&#8243;][\/vc_column] [vc_column width=&#8220;1\/2&#8243;] Wir sind Partner des lokalen Hand- und Heimwerks. Wir schaffen die perfekte Verbindung aus Holz. Wir stehen f\u00fcr Wohlgef\u00fchl im heimischen Garten. Und: Wir hei\u00dfen Sie herzlich Willkommen! Ihr Team von GIECO Holz.[\/vc_column][\/vc_row] [vc_row padding_top=&#8220;20px&#8220; padding_bottom=&#8220;0px&#8220; border=&#8220;none&#8220; bg_color=&#8220;#e5e5e5&#8243; inner_container=&#8220;true&#8220; no_margin=&#8220;true&#8220;][vc_column width=&#8220;1\/2&#8243;][\/vc_column] [vc_column width=&#8220;1\/2&#8243;][\/vc_column][\/vc_row] [vc_row padding_top=&#8220;20px&#8220; padding_bottom=&#8220;0px&#8220; border=&#8220;none&#8220; bg_color=&#8220;#e5e5e5&#8243; inner_container=&#8220;true&#8220; no_margin=&#8220;true&#8220;][vc_column width=&#8220;1\/2&#8243;][\/vc_column] ...\" \/>\n<meta property=\"og:url\" content=\"https:\/\/www.gieco-holz.de\/cms\/\" \/>\n<meta property=\"og:site_name\" content=\"GIECO Holz und Verbindungstechnik\" \/>\n<meta property=\"article:publisher\" content=\"https:\/\/www.facebook.com\/GIECO.Holz\/\" \/>\n<meta property=\"article:modified_time\" content=\"2022-10-24T12:53:16+00:00\" \/>\n<meta name=\"twitter:card\" content=\"summary_large_image\" \/>\n<script type=\"application\/ld+json\" class=\"yoast-schema-graph\">{\"@context\":\"https:\/\/schema.org\",\"@graph\":[{\"@type\":\"WebPage\",\"@id\":\"https:\/\/www.gieco-holz.de\/cms\/\",\"url\":\"https:\/\/www.gieco-holz.de\/cms\/\",\"name\":\"Home - GIECO Holz und Verbindungstechnik\",\"isPartOf\":{\"@id\":\"https:\/\/www.gieco-holz.de\/cms\/#website\"},\"datePublished\":\"2015-01-16T08:00:14+00:00\",\"dateModified\":\"2022-10-24T12:53:16+00:00\",\"breadcrumb\":{\"@id\":\"https:\/\/www.gieco-holz.de\/cms\/#breadcrumb\"},\"inLanguage\":\"de-DE\",\"potentialAction\":[{\"@type\":\"ReadAction\",\"target\":[\"https:\/\/www.gieco-holz.de\/cms\/\"]}]},{\"@type\":\"BreadcrumbList\",\"@id\":\"https:\/\/www.gieco-holz.de\/cms\/#breadcrumb\",\"itemListElement\":[{\"@type\":\"ListItem\",\"position\":1,\"name\":\"Startseite\",\"item\":\"https:\/\/www.gieco-holz.de\/cms\/\"},{\"@type\":\"ListItem\",\"position\":2,\"name\":\"Home\"}]},{\"@type\":\"WebSite\",\"@id\":\"https:\/\/www.gieco-holz.de\/cms\/#website\",\"url\":\"https:\/\/www.gieco-holz.de\/cms\/\",\"name\":\"GIECO Holz und Verbindungstechnik\",\"description\":\"Blockh\u00e4user, Carports, Terrassen, Z\u00e4une, Sichtschutz, Gartenholz, Verkaufsh\u00e4user, Schrauben und Spielger\u00e4te\",\"potentialAction\":[{\"@type\":\"SearchAction\",\"target\":{\"@type\":\"EntryPoint\",\"urlTemplate\":\"https:\/\/www.gieco-holz.de\/cms\/?s={search_term_string}\"},\"query-input\":\"required name=search_term_string\"}],\"inLanguage\":\"de-DE\"}]}<\/script>\n<!-- \/ Yoast SEO plugin. -->","yoast_head_json":{"title":"Home - GIECO Holz und Verbindungstechnik","robots":{"index":"index","follow":"follow","max-snippet":"max-snippet:-1","max-image-preview":"max-image-preview:large","max-video-preview":"max-video-preview:-1"},"canonical":"https:\/\/www.gieco-holz.de\/cms\/","og_locale":"de_DE","og_type":"article","og_title":"Home - GIECO Holz und Verbindungstechnik","og_description":"[vc_row inner_container=&#8220;true&#8220; no_margin=&#8220;true&#8220; padding_top=&#8220;0px&#8220; padding_bottom=&#8220;0px&#8220; border=&#8220;none&#8220;][vc_column width=&#8220;1\/2&#8243;][\/vc_column] [vc_column width=&#8220;1\/2&#8243;] Wir sind Partner des lokalen Hand- und Heimwerks. Wir schaffen die perfekte Verbindung aus Holz. Wir stehen f\u00fcr Wohlgef\u00fchl im heimischen Garten. Und: Wir hei\u00dfen Sie herzlich Willkommen! Ihr Team von GIECO Holz.[\/vc_column][\/vc_row] [vc_row padding_top=&#8220;20px&#8220; padding_bottom=&#8220;0px&#8220; border=&#8220;none&#8220; bg_color=&#8220;#e5e5e5&#8243; inner_container=&#8220;true&#8220; no_margin=&#8220;true&#8220;][vc_column width=&#8220;1\/2&#8243;][\/vc_column] [vc_column width=&#8220;1\/2&#8243;][\/vc_column][\/vc_row] [vc_row padding_top=&#8220;20px&#8220; padding_bottom=&#8220;0px&#8220; border=&#8220;none&#8220; bg_color=&#8220;#e5e5e5&#8243; inner_container=&#8220;true&#8220; no_margin=&#8220;true&#8220;][vc_column width=&#8220;1\/2&#8243;][\/vc_column] ...","og_url":"https:\/\/www.gieco-holz.de\/cms\/","og_site_name":"GIECO Holz und Verbindungstechnik","article_publisher":"https:\/\/www.facebook.com\/GIECO.Holz\/","article_modified_time":"2022-10-24T12:53:16+00:00","twitter_card":"summary_large_image","schema":{"@context":"https:\/\/schema.org","@graph":[{"@type":"WebPage","@id":"https:\/\/www.gieco-holz.de\/cms\/","url":"https:\/\/www.gieco-holz.de\/cms\/","name":"Home - GIECO Holz und Verbindungstechnik","isPartOf":{"@id":"https:\/\/www.gieco-holz.de\/cms\/#website"},"datePublished":"2015-01-16T08:00:14+00:00","dateModified":"2022-10-24T12:53:16+00:00","breadcrumb":{"@id":"https:\/\/www.gieco-holz.de\/cms\/#breadcrumb"},"inLanguage":"de-DE","potentialAction":[{"@type":"ReadAction","target":["https:\/\/www.gieco-holz.de\/cms\/"]}]},{"@type":"BreadcrumbList","@id":"https:\/\/www.gieco-holz.de\/cms\/#breadcrumb","itemListElement":[{"@type":"ListItem","position":1,"name":"Startseite","item":"https:\/\/www.gieco-holz.de\/cms\/"},{"@type":"ListItem","position":2,"name":"Home"}]},{"@type":"WebSite","@id":"https:\/\/www.gieco-holz.de\/cms\/#website","url":"https:\/\/www.gieco-holz.de\/cms\/","name":"GIECO Holz und Verbindungstechnik","description":"Blockh\u00e4user, Carports, Terrassen, Z\u00e4une, Sichtschutz, Gartenholz, Verkaufsh\u00e4user, Schrauben und Spielger\u00e4te","potentialAction":[{"@type":"SearchAction","target":{"@type":"EntryPoint","urlTemplate":"https:\/\/www.gieco-holz.de\/cms\/?s={search_term_string}"},"query-input":"required name=search_term_string"}],"inLanguage":"de-DE"}]}},"_links":{"self":[{"href":"https:\/\/www.gieco-holz.de\/cms\/wp-json\/wp\/v2\/pages\/2"}],"collection":[{"href":"https:\/\/www.gieco-holz.de\/cms\/wp-json\/wp\/v2\/pages"}],"about":[{"href":"https:\/\/www.gieco-holz.de\/cms\/wp-json\/wp\/v2\/types\/page"}],"author":[{"embeddable":true,"href":"https:\/\/www.gieco-holz.de\/cms\/wp-json\/wp\/v2\/users\/3"}],"replies":[{"embeddable":true,"href":"https:\/\/www.gieco-holz.de\/cms\/wp-json\/wp\/v2\/comments?post=2"}],"version-history":[{"count":88,"href":"https:\/\/www.gieco-holz.de\/cms\/wp-json\/wp\/v2\/pages\/2\/revisions"}],"predecessor-version":[{"id":1751,"href":"https:\/\/www.gieco-holz.de\/cms\/wp-json\/wp\/v2\/pages\/2\/revisions\/1751"}],"wp:attachment":[{"href":"https:\/\/www.gieco-holz.de\/cms\/wp-json\/wp\/v2\/media?parent=2"}],"curies":[{"name":"wp","href":"https:\/\/api.w.org\/{rel}","templated":true}]}}