{"id":112,"date":"2015-01-20T14:28:42","date_gmt":"2015-01-20T14:28:42","guid":{"rendered":"http:\/\/gieco-holz.de\/cms\/?page_id=112"},"modified":"2022-01-08T10:52:19","modified_gmt":"2022-01-08T09:52:19","slug":"verbindungstechnik","status":"publish","type":"page","link":"https:\/\/www.gieco-holz.de\/cms\/verbindungstechnik\/","title":{"rendered":"Schrauben und Verbindungstechnik"},"content":{"rendered":"[vc_row no_margin=&#8220;true&#8220; padding_top=&#8220;0px&#8220; padding_bottom=&#8220;0px&#8220; border=&#8220;none&#8220;][vc_column width=&#8220;1\/1&#8243;]<h1>Schrauben und Verbindungstechnik<\/h1>\n<h4>Verbindungselemente f\u00fcr Innenausbau und Au\u00dfenbereich<\/h4>\n[\/vc_column][\/vc_row][vc_row][vc_column width=&#8220;1\/2&#8243;]<p>Das unter dem Namen <strong>&#8222;Schrauben Gies&#8220;<\/strong> bekannte, breite\u00a0Sortiment an universell einsetzbaren Verbindungselementen finden Sie heute in unver\u00e4nderter Form bei GIECO:<\/p>\n<ul>\n<li>Schrauben<\/li>\n<li>Muttern<\/li>\n<li>D\u00fcbel<\/li>\n<li>N\u00e4gel<\/li>\n<li>Beschl\u00e4ge<\/li>\n<li>Bodenbefestigungen<\/li>\n<\/ul>\n[\/vc_column][vc_column width=&#8220;1\/2&#8243;][\/vc_column][\/vc_row][vc_row][vc_column width=&#8220;1\/2&#8243;]<p>Gern beraten wir Sie in allen Anwendungsfragen. Unser Verkaufsgesch\u00e4ft\u00a0in Eslohe-Cobbenrode ist zu folgenden Gesch\u00e4ftszeiten besetzt:<\/p>\n<p>Mo \u2013 Fr 9.00 \u2013 12.00 &amp; 14.00 \u2013 17.00<br \/>\nSa 9.00 \u2013 12.00<br \/>\nsowie nach telefonischer Vereinbarung.<\/p>\n<p>Gewerbekunden im Umkreis bieten wir einen schnellen und unkomplizierten Lieferservice. Zu unseren Kunden z\u00e4hlen holzverarbeitende Betriebe wie Zimmereien und Schreinereien, land- und forstwirtschaftliche Betriebe sowie mittelst\u00e4ndische Unternehmen. Sprechen Sie uns bitte an!<\/p>\n[\/vc_column]\n[vc_column width=&#8220;1\/2&#8243;]<img alt=\"Schrauben und Verbindungstechnik\"  class=\"x-img x-img-none none\"  src=\"https:\/\/www.gieco-holz.de\/cms\/wp-content\/uploads\/2015\/01\/Verkaufsraum-2.jpg\" >[\/vc_column][\/vc_row]\n[vc_row][vc_column width=&#8220;1\/1&#8243;]<h4>\u00dcberblick \u00fcber unser Ladensortiment<\/h4>\n[\/vc_column][\/vc_row]\n[vc_row][vc_column width=&#8220;1\/2&#8243;]<div class=\"page\" title=\"Page 1\">\n<div class=\"layoutArea\">\n<div class=\"column\">\n<p><strong>Spanplattenschrauben:<\/strong><\/p>\n<ul>\n<li>Senkkopf oder Pan Head\u2028, Torx oder Kreuzschlitz<\/li>\n<li>verzinkt oder Edelstahl<\/li>\n<li>Voll- oder Teilgewinde<\/li>\n<\/ul>\n<p><strong>Holzbauschrauben:<\/strong><\/p>\n<ul>\n<li>Senkkopf oder Tellerkopf, verzinkt<\/li>\n<li>DIN 571 Schl\u00fcsselschrauben, verzinkt und Edelstahl<\/li>\n<\/ul>\n<p><strong>Terrassenschrauben<\/strong><\/p>\n<ul>\n<li>Senkkopf mit Bohrspitze, Edelstahl<\/li>\n<\/ul>\n<p><strong>Dielenschrauben<\/strong><\/p>\n<ul>\n<li>Senkkopf mit kleinem Kopf, verzinkt<\/li>\n<\/ul>\n<p><strong>Maschinenschrauben<\/strong><\/p>\n<ul>\n<li>DIN 601 4.6 Maschinenschrauben \/ Bauschrauben<\/li>\n<li>DIN 931\/933 8.8 Maschinenschrauben, metrische Schrauben, verzinkt und Edelstahl<\/li>\n<li>DIN 603 Schlossschrauben, verzinkt und Edelstahl<\/li>\n<li>DIN 976 4.6 und 8.8 Gewindestangen, verzinkt und Edelstahl<\/li>\n<li>DIN 934 Muttern, verzinkt und Edelstahl<\/li>\n<li>DIN 1587 Hutmuttern, verzinkt und Edelstahl<\/li>\n<li>DIN 985 Selbstsichernde Muttern, verzinkt und Edelstahl<\/li>\n<li>DIN 912 Zylinderschrauben mit Innensechskant, verzinkt und Edelstahl<\/li>\n<li>DIN 7991\u00a0Senkschrauben mit Innensechskant, verzinkt und Edelstahl<\/li>\n<\/ul>\n<p><strong>Unterlegscheiben<\/strong><\/p>\n<ul>\n<li>DIN 125, DIN 440, DIN 9021,\u00a0verzinkt und Edelstahl<\/li>\n<li>DIN 1052 schwere Form, verzinkt<\/li>\n<li>Karosseriescheiben, verzinkt<\/li>\n<li>DIN 127 \/ DIN 128 Federringe, verzinkt<\/li>\n<li>DIN 6798 F\u00e4cherscheiben, verzinkt<\/li>\n<\/ul>\n<p><strong>Justierschrauben<\/strong><\/p>\n<p><strong>Schnellbauschrauben<\/strong><\/p>\n<ul>\n<li>Grob- und Feingewinde<\/li>\n<li>mit und ohne Bohrspitze<\/li>\n<li>Fermacellschrauben<\/li>\n<\/ul>\n<p><strong>Fensterrahmenschrauben<\/strong><\/p>\n<ul>\n<li>Kleiner Kopf 7,5 mm<\/li>\n<li>Gro\u00dfer Kopf 11 mm<\/li>\n<\/ul>\n<\/div>\n<\/div>\n<\/div>\n[\/vc_column][vc_column width=&#8220;1\/2&#8243;]<p><strong>Fassadenbauschrauben:<\/strong><\/p>\n<ul>\n<li>Typ A und Bohrspitze, verzinkt und Edelstahl<\/li>\n<\/ul>\n<p><strong>Sonstige Befestigungsartikel<\/strong><\/p>\n<ul>\n<li>Schraubhaken: mit Schlitz oder gebogen<\/li>\n<li>Blechschrauben: mit und ohne Bohrspitze, mit und ohne Dichtscheibe<\/li>\n<li>Spenglerschrauben: mit Neopren-Dichtung, Edelstahl<\/li>\n<li>Stockschrauben: metrisches auf Holzgewinde<\/li>\n<li>\u00d6senschrauben<\/li>\n<li><span style=\"line-height: 1.5;\">Verbindungsmuttern f\u00fcr Gewindestangen (Distanzmuffen)<\/span><\/li>\n<li>Betonschrauben<\/li>\n<\/ul>\n<p><strong>Holzverbinder<\/strong><\/p>\n<ul>\n<li>Winkel: mit und ohne Rippe<\/li>\n<li>Balkenwinkel, Stuhlwinkel,\u00a0Eckwinkel<\/li>\n<li>Flachverbinder, Lochstreifen, Windrispenband<\/li>\n<li>Ladenb\u00e4nder, Kloben<\/li>\n<li>Kreuzgeh\u00e4nge, Scharniere, Tischb\u00e4nder<\/li>\n<li>Fensterriegel, T\u00fcrriegel, Schlossriegel, Grendelriegel<\/li>\n<li>Kistengriffe<\/li>\n<li>Flechtzaunbeschl\u00e4ge<\/li>\n<li>Schaukelhaken, Sturmhaken<\/li>\n<li>Balkenschuhe, Sparrenpfettenanker, Betonanker<\/li>\n<\/ul>\n<p><strong>Gartenprogramm<\/strong><\/p>\n<ul>\n<li>St\u00fctzf\u00fc\u00dfe<\/li>\n<li>Pfostentr\u00e4ger: in und auf Beton<\/li>\n<li>H-Anker bis 140er Breite<\/li>\n<li>Maueranker und Aufschraubh\u00fclsen<\/li>\n<li>Einschlagh\u00fclsen: f\u00fcr Rund- und Kantholz<\/li>\n<\/ul>\n<p><strong>D\u00fcbeltechnik<\/strong><\/p>\n<ul>\n<li>Nylon-\/ Mehrzweckd\u00fcbel<\/li>\n<li>Nageld\u00fcbel<\/li>\n<li>Rahmend\u00fcbel<\/li>\n<li>Gipskartond\u00fcbel<\/li>\n<li>Schwerlastanker Fischer-Programm<\/li>\n<li>Montagem\u00f6rtel<\/li>\n<li>Sonderbefestigungen<\/li>\n<\/ul>\n<p><strong>N\u00e4gel<\/strong><\/p>\n<ul>\n<li>Senkkopf: roh und verzinkt<\/li>\n<li>Stauchkopf: roh und verzinkt<\/li>\n<li>Dachpappstifte: verzinkt<\/li>\n<li>Ankern\u00e4gel (Kammn\u00e4gel)<\/li>\n<li>Sparrenn\u00e4gel: ungeh\u00e4rtet, verzinkt<\/li>\n<li>Stahlstifte<\/li>\n<li>Drahtschlaufen<\/li>\n<li>Leichtbaustifte<\/li>\n<\/ul>\n[\/vc_column][\/vc_row]\n","protected":false},"excerpt":{"rendered":"<p>[vc_row no_margin=&#8220;true&#8220; padding_top=&#8220;0px&#8220; padding_bottom=&#8220;0px&#8220; border=&#8220;none&#8220;][vc_column width=&#8220;1\/1&#8243;][\/vc_column][\/vc_row][vc_row][vc_column width=&#8220;1\/2&#8243;][\/vc_column][vc_column width=&#8220;1\/2&#8243;][\/vc_column][\/vc_row][vc_row][vc_column width=&#8220;1\/2&#8243;][\/vc_column] [vc_column width=&#8220;1\/2&#8243;][\/vc_column][\/vc_row] [vc_row][vc_column width=&#8220;1\/1&#8243;][\/vc_column][\/vc_row] [vc_row][vc_column width=&#8220;1\/2&#8243;][\/vc_column][vc_column width=&#8220;1\/2&#8243;][\/vc_column][\/vc_row]<\/p>\n","protected":false},"author":3,"featured_media":0,"parent":0,"menu_order":0,"comment_status":"closed","ping_status":"closed","template":"template-layout-full-width.php","meta":[],"yoast_head":"<!-- This site is optimized with the Yoast SEO plugin v19.8 - https:\/\/yoast.com\/wordpress\/plugins\/seo\/ -->\n<title>Schraubenhandel - GIECO in Eslohe-Cobbenrode<\/title>\n<meta name=\"description\" content=\"Schrauben, Muttern, D\u00fcbel, N\u00e4gel, Beschl\u00e4ge, Bodenanker: Ein breites Sortiment an Verbindungstechnik finden Sie bei GIECO in Eslohe-Cobbenrode.\" \/>\n<meta name=\"robots\" content=\"index, follow, max-snippet:-1, max-image-preview:large, max-video-preview:-1\" \/>\n<link rel=\"canonical\" href=\"https:\/\/www.gieco-holz.de\/cms\/verbindungstechnik\/\" \/>\n<meta property=\"og:locale\" content=\"de_DE\" \/>\n<meta property=\"og:type\" content=\"article\" \/>\n<meta property=\"og:title\" content=\"Schraubenhandel - GIECO in Eslohe-Cobbenrode\" \/>\n<meta property=\"og:description\" content=\"Schrauben, Muttern, D\u00fcbel, N\u00e4gel, Beschl\u00e4ge, Bodenanker: Ein breites Sortiment an Verbindungstechnik finden Sie bei GIECO in Eslohe-Cobbenrode.\" \/>\n<meta property=\"og:url\" content=\"https:\/\/www.gieco-holz.de\/cms\/verbindungstechnik\/\" \/>\n<meta property=\"og:site_name\" content=\"GIECO Holz und Verbindungstechnik\" \/>\n<meta property=\"article:publisher\" content=\"https:\/\/www.facebook.com\/GIECO.Holz\/\" \/>\n<meta property=\"article:modified_time\" content=\"2022-01-08T09:52:19+00:00\" \/>\n<meta name=\"twitter:card\" content=\"summary_large_image\" \/>\n<script type=\"application\/ld+json\" class=\"yoast-schema-graph\">{\"@context\":\"https:\/\/schema.org\",\"@graph\":[{\"@type\":\"WebPage\",\"@id\":\"https:\/\/www.gieco-holz.de\/cms\/verbindungstechnik\/\",\"url\":\"https:\/\/www.gieco-holz.de\/cms\/verbindungstechnik\/\",\"name\":\"Schraubenhandel - GIECO in Eslohe-Cobbenrode\",\"isPartOf\":{\"@id\":\"https:\/\/www.gieco-holz.de\/cms\/#website\"},\"datePublished\":\"2015-01-20T14:28:42+00:00\",\"dateModified\":\"2022-01-08T09:52:19+00:00\",\"description\":\"Schrauben, Muttern, D\u00fcbel, N\u00e4gel, Beschl\u00e4ge, Bodenanker: Ein breites Sortiment an Verbindungstechnik finden Sie bei GIECO in Eslohe-Cobbenrode.\",\"breadcrumb\":{\"@id\":\"https:\/\/www.gieco-holz.de\/cms\/verbindungstechnik\/#breadcrumb\"},\"inLanguage\":\"de-DE\",\"potentialAction\":[{\"@type\":\"ReadAction\",\"target\":[\"https:\/\/www.gieco-holz.de\/cms\/verbindungstechnik\/\"]}]},{\"@type\":\"BreadcrumbList\",\"@id\":\"https:\/\/www.gieco-holz.de\/cms\/verbindungstechnik\/#breadcrumb\",\"itemListElement\":[{\"@type\":\"ListItem\",\"position\":1,\"name\":\"Startseite\",\"item\":\"https:\/\/www.gieco-holz.de\/cms\/\"},{\"@type\":\"ListItem\",\"position\":2,\"name\":\"Schrauben und Verbindungstechnik\"}]},{\"@type\":\"WebSite\",\"@id\":\"https:\/\/www.gieco-holz.de\/cms\/#website\",\"url\":\"https:\/\/www.gieco-holz.de\/cms\/\",\"name\":\"GIECO Holz und Verbindungstechnik\",\"description\":\"Blockh\u00e4user, Carports, Terrassen, Z\u00e4une, Sichtschutz, Gartenholz, Verkaufsh\u00e4user, Schrauben und Spielger\u00e4te\",\"potentialAction\":[{\"@type\":\"SearchAction\",\"target\":{\"@type\":\"EntryPoint\",\"urlTemplate\":\"https:\/\/www.gieco-holz.de\/cms\/?s={search_term_string}\"},\"query-input\":\"required name=search_term_string\"}],\"inLanguage\":\"de-DE\"}]}<\/script>\n<!-- \/ Yoast SEO plugin. -->","yoast_head_json":{"title":"Schraubenhandel - GIECO in Eslohe-Cobbenrode","description":"Schrauben, Muttern, D\u00fcbel, N\u00e4gel, Beschl\u00e4ge, Bodenanker: Ein breites Sortiment an Verbindungstechnik finden Sie bei GIECO in Eslohe-Cobbenrode.","robots":{"index":"index","follow":"follow","max-snippet":"max-snippet:-1","max-image-preview":"max-image-preview:large","max-video-preview":"max-video-preview:-1"},"canonical":"https:\/\/www.gieco-holz.de\/cms\/verbindungstechnik\/","og_locale":"de_DE","og_type":"article","og_title":"Schraubenhandel - GIECO in Eslohe-Cobbenrode","og_description":"Schrauben, Muttern, D\u00fcbel, N\u00e4gel, Beschl\u00e4ge, Bodenanker: Ein breites Sortiment an Verbindungstechnik finden Sie bei GIECO in Eslohe-Cobbenrode.","og_url":"https:\/\/www.gieco-holz.de\/cms\/verbindungstechnik\/","og_site_name":"GIECO Holz und Verbindungstechnik","article_publisher":"https:\/\/www.facebook.com\/GIECO.Holz\/","article_modified_time":"2022-01-08T09:52:19+00:00","twitter_card":"summary_large_image","schema":{"@context":"https:\/\/schema.org","@graph":[{"@type":"WebPage","@id":"https:\/\/www.gieco-holz.de\/cms\/verbindungstechnik\/","url":"https:\/\/www.gieco-holz.de\/cms\/verbindungstechnik\/","name":"Schraubenhandel - GIECO in Eslohe-Cobbenrode","isPartOf":{"@id":"https:\/\/www.gieco-holz.de\/cms\/#website"},"datePublished":"2015-01-20T14:28:42+00:00","dateModified":"2022-01-08T09:52:19+00:00","description":"Schrauben, Muttern, D\u00fcbel, N\u00e4gel, Beschl\u00e4ge, Bodenanker: Ein breites Sortiment an Verbindungstechnik finden Sie bei GIECO in Eslohe-Cobbenrode.","breadcrumb":{"@id":"https:\/\/www.gieco-holz.de\/cms\/verbindungstechnik\/#breadcrumb"},"inLanguage":"de-DE","potentialAction":[{"@type":"ReadAction","target":["https:\/\/www.gieco-holz.de\/cms\/verbindungstechnik\/"]}]},{"@type":"BreadcrumbList","@id":"https:\/\/www.gieco-holz.de\/cms\/verbindungstechnik\/#breadcrumb","itemListElement":[{"@type":"ListItem","position":1,"name":"Startseite","item":"https:\/\/www.gieco-holz.de\/cms\/"},{"@type":"ListItem","position":2,"name":"Schrauben und Verbindungstechnik"}]},{"@type":"WebSite","@id":"https:\/\/www.gieco-holz.de\/cms\/#website","url":"https:\/\/www.gieco-holz.de\/cms\/","name":"GIECO Holz und Verbindungstechnik","description":"Blockh\u00e4user, Carports, Terrassen, Z\u00e4une, Sichtschutz, Gartenholz, Verkaufsh\u00e4user, Schrauben und Spielger\u00e4te","potentialAction":[{"@type":"SearchAction","target":{"@type":"EntryPoint","urlTemplate":"https:\/\/www.gieco-holz.de\/cms\/?s={search_term_string}"},"query-input":"required name=search_term_string"}],"inLanguage":"de-DE"}]}},"_links":{"self":[{"href":"https:\/\/www.gieco-holz.de\/cms\/wp-json\/wp\/v2\/pages\/112"}],"collection":[{"href":"https:\/\/www.gieco-holz.de\/cms\/wp-json\/wp\/v2\/pages"}],"about":[{"href":"https:\/\/www.gieco-holz.de\/cms\/wp-json\/wp\/v2\/types\/page"}],"author":[{"embeddable":true,"href":"https:\/\/www.gieco-holz.de\/cms\/wp-json\/wp\/v2\/users\/3"}],"replies":[{"embeddable":true,"href":"https:\/\/www.gieco-holz.de\/cms\/wp-json\/wp\/v2\/comments?post=112"}],"version-history":[{"count":15,"href":"https:\/\/www.gieco-holz.de\/cms\/wp-json\/wp\/v2\/pages\/112\/revisions"}],"predecessor-version":[{"id":1383,"href":"https:\/\/www.gieco-holz.de\/cms\/wp-json\/wp\/v2\/pages\/112\/revisions\/1383"}],"wp:attachment":[{"href":"https:\/\/www.gieco-holz.de\/cms\/wp-json\/wp\/v2\/media?parent=112"}],"curies":[{"name":"wp","href":"https:\/\/api.w.org\/{rel}","templated":true}]}}